{"id":4006,"date":"2022-11-10T12:01:00","date_gmt":"2022-11-10T12:01:00","guid":{"rendered":"https:\/\/www.dr-mfo.com\/?page_id=4006"},"modified":"2026-02-22T06:59:38","modified_gmt":"2026-02-22T06:59:38","slug":"penis-buyutme-penoplasti","status":"publish","type":"page","link":"https:\/\/www.dr-mfo.com\/tr\/penis-enlargement-penoplasty\/","title":{"rendered":"Penis B\u00fcy\u00fctme"},"content":{"rendered":"<div data-elementor-type=\"wp-page\" data-elementor-id=\"4006\" class=\"elementor elementor-4006\">\n\t\t\t\t\t\t<section class=\"elementor-section elementor-top-section elementor-element elementor-element-0fe57ab elementor-section-boxed elementor-section-height-default elementor-section-height-default\" data-id=\"0fe57ab\" data-element_type=\"section\" data-e-type=\"section\">\n\t\t\t\t\t\t<div class=\"elementor-container elementor-column-gap-default\">\n\t\t\t\t\t<div class=\"elementor-column elementor-col-100 elementor-top-column elementor-element elementor-element-11fd2fa\" data-id=\"11fd2fa\" data-element_type=\"column\" data-e-type=\"column\">\n\t\t\t<div class=\"elementor-widget-wrap elementor-element-populated\">\n\t\t\t\t\t\t<div class=\"elementor-element elementor-element-54cdde9 elementor-widget-divider--view-line elementor-widget elementor-widget-divider\" data-id=\"54cdde9\" data-element_type=\"widget\" data-e-type=\"widget\" data-widget_type=\"divider.default\">\n\t\t\t\t\t\t\t<div class=\"elementor-divider\">\n\t\t\t<span class=\"elementor-divider-separator\">\n\t\t\t\t\t\t<\/span>\n\t\t<\/div>\n\t\t\t\t\t\t<\/div>\n\t\t\t\t<div class=\"elementor-element elementor-element-cc8cef1 elementor-widget-divider--view-line elementor-widget elementor-widget-divider\" data-id=\"cc8cef1\" data-element_type=\"widget\" data-e-type=\"widget\" data-widget_type=\"divider.default\">\n\t\t\t\t\t\t\t<div class=\"elementor-divider\">\n\t\t\t<span class=\"elementor-divider-separator\">\n\t\t\t\t\t\t<\/span>\n\t\t<\/div>\n\t\t\t\t\t\t<\/div>\n\t\t\t\t<div class=\"elementor-element elementor-element-1afa3d0 elementor-widget-divider--view-line elementor-widget elementor-widget-divider\" data-id=\"1afa3d0\" data-element_type=\"widget\" data-e-type=\"widget\" data-widget_type=\"divider.default\">\n\t\t\t\t\t\t\t<div class=\"elementor-divider\">\n\t\t\t<span class=\"elementor-divider-separator\">\n\t\t\t\t\t\t<\/span>\n\t\t<\/div>\n\t\t\t\t\t\t<\/div>\n\t\t\t\t<div class=\"elementor-element elementor-element-f492c84 elementor-widget elementor-widget-image\" data-id=\"f492c84\" data-element_type=\"widget\" data-e-type=\"widget\" data-widget_type=\"image.default\">\n\t\t\t\t\t\t\t\t\t\t\t\t\t\t\t\t<a href=\"https:\/\/instagram.com\/p\/CelDk-psxjn\/\" rel=\"nofollow noopener\" target=\"_blank\">\n\t\t\t\t\t\t\t<img decoding=\"async\" src=\"https:\/\/www.dr-mfo.com\/wp-content\/uploads\/elementor\/thumbs\/Mount-Everest-qd1ludgjwyaw10e36hz4kpqww0rsegykuenv8meqzq.webp\" title=\"Everest Da\u011f\u0131\" alt=\"Penis B\u00fcy\u00fctme\" loading=\"lazy\" \/>\t\t\t\t\t\t\t\t<\/a>\n\t\t\t\t\t\t\t\t\t\t\t\t\t\t\t<\/div>\n\t\t\t\t<div class=\"elementor-element elementor-element-8aa978c elementor-widget-divider--view-line elementor-widget elementor-widget-divider\" data-id=\"8aa978c\" data-element_type=\"widget\" data-e-type=\"widget\" data-widget_type=\"divider.default\">\n\t\t\t\t\t\t\t<div class=\"elementor-divider\">\n\t\t\t<span class=\"elementor-divider-separator\">\n\t\t\t\t\t\t<\/span>\n\t\t<\/div>\n\t\t\t\t\t\t<\/div>\n\t\t\t\t<div class=\"elementor-element elementor-element-b8dcc78 elementor-widget elementor-widget-heading\" data-id=\"b8dcc78\" data-element_type=\"widget\" data-e-type=\"widget\" data-widget_type=\"heading.default\">\n\t\t\t\t\t<h2 class=\"elementor-heading-title elementor-size-xl\">Penis B\u00fcy\u00fctme (Penoplasti)<br><\/h2>\t\t\t\t<\/div>\n\t\t\t\t<div class=\"elementor-element elementor-element-288a583 elementor-widget elementor-widget-text-editor\" data-id=\"288a583\" data-element_type=\"widget\" data-e-type=\"widget\" data-widget_type=\"text-editor.default\">\n\t\t\t\t\t\t\t\t\t<p><span style=\"color: #000000;\">Penisinizin uzunlu\u011fu, \u00e7evresi, \u015fekli, ekseni, hatta penis ba\u015f\u0131 konusunda kayg\u0131lanmak\u2026 Modern plastik cerrahi i\u015flemi olan penoplasti, hassasiyetinizi korurken bu yetersizlik hissinden kurtulman\u0131z\u0131 ve \u00f6zg\u00fcveninizi yeniden kazanman\u0131z\u0131 sa\u011flar. Erkeklerin cinsel ya\u015fam\u0131n\u0131n iyile\u015ftirilmesi ve penisin fiziksel g\u00f6r\u00fcn\u00fcm\u00fcn\u00fcn iyile\u015ftirilmesi y\u00f6n\u00fcndeki istekleri mevcuttur.<\/span><\/p><p><span style=\"color: #000000;\">Penis b\u00fcy\u00fctme veya penis kal\u0131nla\u015ft\u0131rma ameliyat\u0131 (penoplasti veya falloplasti olarak da bilinir), sadece penis uzunlu\u011funu de\u011fil, ayn\u0131 zamanda penis kal\u0131nl\u0131\u011f\u0131n\u0131 da art\u0131rmay\u0131 ifade eder. Penis b\u00fcy\u00fctme, glans kal\u0131nla\u015ft\u0131rma, pubis liposuction, skrotal kese yeniden konumland\u0131rma ve geriye \u00e7ekme gibi baz\u0131 prosed\u00fcrleri de i\u00e7erir. Kal\u0131nl\u0131k art\u0131rma i\u00e7in en faydal\u0131 y\u00f6ntem hastan\u0131n kendi ya\u011f dokusu olabilirken, penis uzunlu\u011fu b\u00fcy\u00fctme i\u00e7in en iyi y\u00f6ntem ba\u011f gev\u015fetme olabilir.<\/span><\/p><p><span style=\"color: #000000;\">Penoplasti, t\u00fcm penis b\u00fcy\u00fctme i\u015flemleri ve penis kontrakt\u00fcrlerinin gev\u015fetilmesi, eksen \u015fekil bozukluklar\u0131n\u0131n d\u00fczeltilmesi, penis kordonu d\u00fczeltmeleri, penis protezleri veya implantlar\u0131 ve hatta s\u00fcnnet veya mini s\u00fcnnet gibi her t\u00fcrl\u00fc penis prosed\u00fcr\u00fcn\u00fc i\u00e7erir. Penoplasti, mikropenis ve penis e\u011friliklerinde de hem estetik hem de rekonstr\u00fcktif ama\u00e7lar i\u00e7in ideal bir \u00e7\u00f6z\u00fcm olabilir.<\/span><\/p><p><span style=\"color: #000000;\">Penoplasti i\u015flemlerinden sonra normal hayata d\u00f6n\u00fc\u015f ve konaklama \u00e7o\u011funlukla 5-7 g\u00fcn s\u00fcrmektedir. Ve nihai sonu\u00e7 1-2 ay i\u00e7inde elde edilecektir.<\/span><\/p><p><span style=\"color: #000000;\">Penis b\u00fcy\u00fctme ameliyat\u0131, istedi\u011finiz penis uzunlu\u011funu ve \u00e7evre boyutunu elde etmenizi sa\u011flar! Daha fazlas\u0131n\u0131 \u00f6\u011frenmek i\u00e7in hasta incelemelerini ve penis ameliyat\u0131n\u0131n ne kadara mal olaca\u011f\u0131n\u0131 \u00f6\u011frenin. <a href=\"https:\/\/www.dr-mfo.com\/tr\/who-is-drmfo\/\">Dr.MFO<\/a>, sitenin \u00fcst k\u0131sm\u0131ndaki &#039;Bize Ula\u015f\u0131n&#039; d\u00fc\u011fmesini t\u0131klay\u0131n!<\/span><span style=\"color: #000000;\"><br \/><\/span><\/p>\t\t\t\t\t\t\t\t<\/div>\n\t\t\t\t<div class=\"elementor-element elementor-element-dd6c8c9 elementor-widget elementor-widget-heading\" data-id=\"dd6c8c9\" data-element_type=\"widget\" data-e-type=\"widget\" data-widget_type=\"heading.default\">\n\t\t\t\t\t<h2 class=\"elementor-heading-title elementor-size-large\">Penis b\u00fcy\u00fctme sonras\u0131nda ne beklemeliyim?<\/h2>\t\t\t\t<\/div>\n\t\t\t\t<div class=\"elementor-element elementor-element-ca44c07 elementor-widget elementor-widget-text-editor\" data-id=\"ca44c07\" data-element_type=\"widget\" data-e-type=\"widget\" data-widget_type=\"text-editor.default\">\n\t\t\t\t\t\t\t\t\t<p><span style=\"color: #000000;\"><span lang=\"EN-US\" style=\"font-size: 12pt; line-height: 107%; font-family: Abadi, sans-serif;\">Penoplasti sonras\u0131 hastalar\u0131n bir k\u0131sm\u0131nda \u015fi\u015flik birka\u00e7 hafta s\u00fcrebilir. Baz\u0131 vakalarda \u015fi\u015fliklere morarma da e\u015flik eder ve \u015fi\u015fmeden \u00f6nce d\u00fczelir.\u00a0<br \/><\/span><span style=\"font-family: Abadi, sans-serif; font-size: 12pt;\">\u00c7o\u011fu durumda iyile\u015fme yakla\u015f\u0131k 2-3 hafta s\u00fcrer. Hastan\u0131n ziyareti s\u0131ras\u0131nda tedavi sonras\u0131 bak\u0131m Dr. MFO ekibi taraf\u0131ndan organize edilecektir. Hem\u015firelerimiz taraf\u0131ndan penis bak\u0131m\u0131n\u0131n t\u0131bbi olarak, ila\u00e7larla ve masaj y\u00f6ntemleriyle nas\u0131l yap\u0131laca\u011f\u0131 konusunda e\u011fitim verilecek.<\/span><\/span><\/p>\t\t\t\t\t\t\t\t<\/div>\n\t\t\t\t<div class=\"elementor-element elementor-element-4aa5bab elementor-widget elementor-widget-heading\" data-id=\"4aa5bab\" data-element_type=\"widget\" data-e-type=\"widget\" data-widget_type=\"heading.default\">\n\t\t\t\t\t<h2 class=\"elementor-heading-title elementor-size-large\">Cerrah\u0131n se\u00e7ilmesi<\/h2>\t\t\t\t<\/div>\n\t\t\t\t<div class=\"elementor-element elementor-element-432b378 elementor-widget elementor-widget-text-editor\" data-id=\"432b378\" data-element_type=\"widget\" data-e-type=\"widget\" data-widget_type=\"text-editor.default\">\n\t\t\t\t\t\t\t\t\t<p><span lang=\"EN-US\" style=\"font-size: 12pt; line-height: 107%; font-family: Abadi, sans-serif; color: #000000;\">Birisine penoplasti prosed\u00fcrlerine ili\u015fkin cerrahi bilgi sorarsan\u0131z, \u00e7ok say\u0131da ameliyat mevcut olabilir. Ancak gerekti\u011finde t\u00fcm penis i\u015flemlerini yapabilecek durumda olmak ameliyat\u0131n\u0131z\u0131n ba\u015far\u0131s\u0131n\u0131 etkileyebilir. Piyasada her zaman uygun maliyetler mevcut oldu\u011fundan, teklifler ve en iyi fiyatlar bu anla\u015fman\u0131n yaln\u0131zca bir par\u00e7as\u0131d\u0131r. Ger\u00e7ek \u015fu ki, hemen fark edilmeyebilecek ancak cerrahi sonu\u00e7lar\u0131n\u0131z\u0131 \u00f6nemli \u00f6l\u00e7\u00fcde etkileyebilecek bir\u00e7ok k\u00fc\u00e7\u00fck husus vard\u0131r.<\/span><\/p>\n<p><span lang=\"EN-US\" style=\"font-size: 12pt; line-height: 107%; font-family: Abadi, sans-serif; color: #000000;\">Penisinin fiziksel g\u00f6r\u00fcn\u00fcm\u00fcn\u00fc iyile\u015ftirmek isteyen hastalar, erkek genital b\u00f6lgesi ve yap\u0131lar\u0131n\u0131n her ayr\u0131nt\u0131s\u0131n\u0131 tam olarak anlayan birine ihtiya\u00e7 duyarlar.<\/span><\/p>\n<p><span lang=\"EN-US\" style=\"font-size: 12pt; line-height: 107%; font-family: Abadi, sans-serif; color: #000000;\">Ailenizle konu\u015fmal\u0131s\u0131n\u0131z <a href=\"https:\/\/www.dr-mfo.com\/tr\/\">Cerrah<\/a> Ameliyat\u0131n\u0131zdan \u00f6nce t\u00fcm detaylar\u0131 \u00f6\u011frenin, hi\u00e7 kimse acil penis b\u00fcy\u00fctmeye ihtiya\u00e7 duymaz. E\u011fer d\u00fc\u015f\u00fcnmek i\u00e7in zaman\u0131n\u0131z yoksa, ba\u015fka bir yere bakmal\u0131s\u0131n\u0131z.<\/span><\/p>\t\t\t\t\t\t\t\t<\/div>\n\t\t\t\t\t<\/div>\n\t\t<\/div>\n\t\t\t\t\t<\/div>\n\t\t<\/section>\n\t\t\t\t<\/div>","protected":false},"excerpt":{"rendered":"<p>Penis Enlargement (Penoplasty) Being anxious about your penis length, girth, shape, axis, even glans of penis&#8230; Modern plastic surgery procedure penoplasty offers you to get rid of this inadequacy feeling and regain your self-confidence while protecting sensitivity. Men&#8217;s wishes about improving sexual life and enhancing penis physical appearance are available. Penis enhancement or penile enlargement [&hellip;]<\/p>\n","protected":false},"author":2,"featured_media":0,"parent":0,"menu_order":0,"comment_status":"closed","ping_status":"closed","template":"","meta":{"_acf_changed":false,"footnotes":""},"class_list":["post-4006","page","type-page","status-publish","hentry"],"acf":[],"_links":{"self":[{"href":"https:\/\/www.dr-mfo.com\/tr\/wp-json\/wp\/v2\/pages\/4006","targetHints":{"allow":["GET"]}}],"collection":[{"href":"https:\/\/www.dr-mfo.com\/tr\/wp-json\/wp\/v2\/pages"}],"about":[{"href":"https:\/\/www.dr-mfo.com\/tr\/wp-json\/wp\/v2\/types\/page"}],"author":[{"embeddable":true,"href":"https:\/\/www.dr-mfo.com\/tr\/wp-json\/wp\/v2\/users\/2"}],"replies":[{"embeddable":true,"href":"https:\/\/www.dr-mfo.com\/tr\/wp-json\/wp\/v2\/comments?post=4006"}],"version-history":[{"count":0,"href":"https:\/\/www.dr-mfo.com\/tr\/wp-json\/wp\/v2\/pages\/4006\/revisions"}],"wp:attachment":[{"href":"https:\/\/www.dr-mfo.com\/tr\/wp-json\/wp\/v2\/media?parent=4006"}],"curies":[{"name":"wp","href":"https:\/\/api.w.org\/{rel}","templated":true}]}}