{"id":6412,"date":"2023-06-02T16:44:41","date_gmt":"2023-06-02T15:44:41","guid":{"rendered":"https:\/\/www.dr-mfo.com\/?page_id=6412"},"modified":"2026-02-22T06:52:38","modified_gmt":"2026-02-22T06:52:38","slug":"cene-kucultme-2","status":"publish","type":"page","link":"https:\/\/www.dr-mfo.com\/tr\/chin-reduction\/","title":{"rendered":"\u00c7ene K\u00fc\u00e7\u00fcltme: Dengeli Bir Y\u00fcz Profiline Ula\u015fmak"},"content":{"rendered":"<div data-elementor-type=\"wp-page\" data-elementor-id=\"6412\" class=\"elementor elementor-6412\">\n\t\t\t\t\t\t<section class=\"elementor-section elementor-top-section elementor-element elementor-element-7f4dd78e elementor-section-boxed elementor-section-height-default elementor-section-height-default\" data-id=\"7f4dd78e\" data-element_type=\"section\" data-e-type=\"section\">\n\t\t\t\t\t\t<div class=\"elementor-container elementor-column-gap-default\">\n\t\t\t\t\t<div class=\"elementor-column elementor-col-100 elementor-top-column elementor-element elementor-element-746e2456\" data-id=\"746e2456\" data-element_type=\"column\" data-e-type=\"column\">\n\t\t\t<div class=\"elementor-widget-wrap elementor-element-populated\">\n\t\t\t\t\t\t<div class=\"elementor-element elementor-element-11f2c02b elementor-widget elementor-widget-text-editor\" data-id=\"11f2c02b\" data-element_type=\"widget\" data-e-type=\"widget\" data-widget_type=\"text-editor.default\">\n\t\t\t\t\t\t\t\t\t<p>\u00c7enenizin \u015fekli veya b\u00fcy\u00fckl\u00fc\u011f\u00fc konusunda bilin\u00e7li misiniz? Y\u00fcz profilinizin dengesinin eksik oldu\u011funu mu d\u00fc\u015f\u00fcn\u00fcyorsunuz? E\u011fer \u00f6yleyse \u00e7ene k\u00fc\u00e7\u00fcltme ameliyat\u0131 arad\u0131\u011f\u0131n\u0131z \u00e7\u00f6z\u00fcm olabilir. Bu kapsaml\u0131 k\u0131lavuzda \u00e7ene k\u00fc\u00e7\u00fcltme d\u00fcnyas\u0131n\u0131 derinlemesine inceleyece\u011fiz, faydalar\u0131n\u0131, prosed\u00fcr ayr\u0131nt\u0131lar\u0131n\u0131, iyile\u015fme s\u00fcrecini ve daha fazlas\u0131n\u0131 ke\u015ffedece\u011fiz. \u00c7ene k\u00fc\u00e7\u00fcltme yoluyla uyumlu bir y\u00fcz g\u00f6r\u00fcn\u00fcm\u00fc elde etmenin s\u0131rlar\u0131n\u0131 a\u00e7\u0131\u011fa \u00e7\u0131kar\u0131rken bize kat\u0131l\u0131n.<\/p><h2>\u00c7ene K\u00fc\u00e7\u00fcltme Anlamak<\/h2><h3>\u00c7ene K\u00fc\u00e7\u00fcltme Nedir?<\/h3><p>\u00c7ene k\u00fc\u00e7\u00fcltme, di\u011fer ad\u0131yla <a href=\"https:\/\/www.dr-mfo.com\/tr\/genioplasty-surgery\/\">genioplasti<\/a>, \u00c7ene \u015fekillendirme ve boyutland\u0131rma amac\u0131yla yap\u0131lan cerrahi bir i\u015flemdir. \u00c7ene, \u00e7ene hatt\u0131 ve di\u011fer y\u00fcz \u00f6zellikleri aras\u0131ndaki uyumu art\u0131rarak daha orant\u0131l\u0131 bir y\u00fcz profili olu\u015fturmay\u0131 hedefler. Bu i\u015flem, kemik k\u00fc\u00e7\u00fcltme, kemik b\u00fcy\u00fctme ve yumu\u015fak doku modifikasyonu gibi \u00e7e\u015fitli teknikler kullan\u0131larak ger\u00e7ekle\u015ftirilebilir.<\/p><h3><img fetchpriority=\"high\" decoding=\"async\" class=\"alignnone size-large wp-image-6416\" src=\"https:\/\/www.dr-mfo.com\/wp-content\/uploads\/2023\/06\/185481-1024x683.jpg\" alt=\"\u00e7ene k\u00fc\u00e7\u00fcltme\" width=\"1024\" height=\"683\" srcset=\"https:\/\/www.dr-mfo.com\/wp-content\/uploads\/2023\/06\/185481-1024x683.jpg 1024w, https:\/\/www.dr-mfo.com\/wp-content\/uploads\/2023\/06\/185481-300x200.jpg 300w, https:\/\/www.dr-mfo.com\/wp-content\/uploads\/2023\/06\/185481-768x512.jpg 768w, https:\/\/www.dr-mfo.com\/wp-content\/uploads\/2023\/06\/185481-1536x1024.jpg 1536w, https:\/\/www.dr-mfo.com\/wp-content\/uploads\/2023\/06\/185481-18x12.jpg 18w, https:\/\/www.dr-mfo.com\/wp-content\/uploads\/2023\/06\/185481.jpg 1600w\" sizes=\"(max-width: 1024px) 100vw, 1024px\" \/><\/h3><h3>Neden \u00c7ene K\u00fc\u00e7\u00fcltme D\u00fc\u015f\u00fcn\u00fclmeli?<\/h3><h4>Y\u00fcz Uyumunu \u0130yile\u015ftirme<\/h4><p>\u00c7ene k\u00fc\u00e7\u00fcltme genellikle \u00e7enesinin y\u00fcz \u00f6zelliklerinin geri kalan\u0131na g\u00f6re fazla \u00f6ne \u00e7\u0131kt\u0131\u011f\u0131n\u0131 veya girintili oldu\u011funu d\u00fc\u015f\u00fcnen ki\u015filer taraf\u0131ndan aran\u0131r. \u00c7eneyi daha iyi bir orana getirerek, bu prosed\u00fcr genel y\u00fcz uyumunu b\u00fcy\u00fck \u00f6l\u00e7\u00fcde geli\u015ftirebilir ve daha dengeli bir g\u00f6r\u00fcn\u00fcm yaratabilir.<\/p><p><img decoding=\"async\" class=\"alignnone size-large wp-image-6417\" src=\"https:\/\/www.dr-mfo.com\/wp-content\/uploads\/2023\/06\/pqyzuzfiqfy-1024x681.jpg\" alt=\"y\u00fcz asimetrisi\" width=\"1024\" height=\"681\" srcset=\"https:\/\/www.dr-mfo.com\/wp-content\/uploads\/2023\/06\/pqyzuzfiqfy-1024x681.jpg 1024w, https:\/\/www.dr-mfo.com\/wp-content\/uploads\/2023\/06\/pqyzuzfiqfy-300x200.jpg 300w, https:\/\/www.dr-mfo.com\/wp-content\/uploads\/2023\/06\/pqyzuzfiqfy-768x511.jpg 768w, https:\/\/www.dr-mfo.com\/wp-content\/uploads\/2023\/06\/pqyzuzfiqfy-1536x1021.jpg 1536w, https:\/\/www.dr-mfo.com\/wp-content\/uploads\/2023\/06\/pqyzuzfiqfy-18x12.jpg 18w, https:\/\/www.dr-mfo.com\/wp-content\/uploads\/2023\/06\/pqyzuzfiqfy.jpg 1600w\" sizes=\"(max-width: 1024px) 100vw, 1024px\" \/><\/p><h4>Y\u00fcz Asimetrisinin D\u00fczeltilmesi<\/h4><p>Baz\u0131 ki\u015filer \u00e7ene asimetrisi ile do\u011farlar; \u00e7enenin bir taraf\u0131 di\u011ferinden fark edilir derecede daha b\u00fcy\u00fck veya daha k\u00fc\u00e7\u00fckt\u00fcr. \u00c7ene k\u00fc\u00e7\u00fcltme ameliyat\u0131 bu asimetrilerin d\u00fczeltilmesine yard\u0131mc\u0131 olarak daha simetrik ve estetik a\u00e7\u0131dan ho\u015f bir y\u00fcz profili elde edilmesine yard\u0131mc\u0131 olabilir.<\/p><p><img decoding=\"async\" class=\"alignnone size-large wp-image-6418\" src=\"https:\/\/www.dr-mfo.com\/wp-content\/uploads\/2023\/06\/dsji-1hjgzs-1024x683.jpg\" alt=\"\u00e7ene \u00e7izgisi tan\u0131m\u0131, \u00e7ene \u00e7izgisinin azalt\u0131lmas\u0131\" width=\"1024\" height=\"683\" srcset=\"https:\/\/www.dr-mfo.com\/wp-content\/uploads\/2023\/06\/dsji-1hjgzs-1024x683.jpg 1024w, https:\/\/www.dr-mfo.com\/wp-content\/uploads\/2023\/06\/dsji-1hjgzs-300x200.jpg 300w, https:\/\/www.dr-mfo.com\/wp-content\/uploads\/2023\/06\/dsji-1hjgzs-768x512.jpg 768w, https:\/\/www.dr-mfo.com\/wp-content\/uploads\/2023\/06\/dsji-1hjgzs-1536x1024.jpg 1536w, https:\/\/www.dr-mfo.com\/wp-content\/uploads\/2023\/06\/dsji-1hjgzs-18x12.jpg 18w, https:\/\/www.dr-mfo.com\/wp-content\/uploads\/2023\/06\/dsji-1hjgzs.jpg 1600w\" sizes=\"(max-width: 1024px) 100vw, 1024px\" \/><\/p><h4>\u00c7ene Hatt\u0131 Tan\u0131m\u0131n\u0131n Geli\u015ftirilmesi<\/h4><p>\u00c7ene k\u00fc\u00e7\u00fcltme ayn\u0131 zamanda \u00e7ene \u00e7izgisinin belirginli\u011fini de iyile\u015ftirebilir. \u00c7eneyi yeniden \u015fekillendirerek <a href=\"https:\/\/www.dr-mfo.com\/tr\/\">Cerrah<\/a> daha g\u00fc\u00e7l\u00fc ve daha belirgin bir \u00e7ene hatt\u0131 olu\u015fturarak daha gen\u00e7 ve <a href=\"https:\/\/www.dr-mfo.com\/tr\/which-female-face-shape-is-most-attractive\/\">\u00e7ekici<\/a> Y\u00fcz hatlar\u0131.<\/p><h2>\u00c7ene K\u00fc\u00e7\u00fcltme \u0130\u015flemi<\/h2><h3>Dan\u0131\u015fma ve Planlama<\/h3><p>\u00c7ene k\u00fc\u00e7\u00fcltme ameliyat\u0131na girmeden \u00f6nce kalifiye bir plastik cerrahla kons\u00fcltasyon planlamak \u00e7ok \u00f6nemlidir. Bu ilk g\u00f6r\u00fc\u015fme s\u0131ras\u0131nda cerrah y\u00fcz anatominizi de\u011ferlendirecek, estetik hedeflerinizi tart\u0131\u015facak ve \u00f6zel ihtiya\u00e7lar\u0131n\u0131za en uygun cerrahi yakla\u015f\u0131m\u0131 belirleyecektir. Potansiyel sonu\u00e7lar\u0131n g\u00f6rsel bir temsilini sa\u011flamak i\u00e7in bilgisayar g\u00f6r\u00fcnt\u00fcleme teknolojisini kullanabilirler.<\/p><h3>Anestezi ve Kesi Yerle\u015ftirme<\/h3><p>\u0130\u015flemin yap\u0131laca\u011f\u0131 g\u00fcn size sedasyonlu lokal anestezi veya genel anestezi uygulanacakt\u0131r. Anestezi se\u00e7imi cerrah\u0131n\u0131z\u0131n tavsiyelerine ve ki\u015fisel tercihinize ba\u011fl\u0131 olacakt\u0131r. Rahat bir \u015fekilde sakinle\u015ftirildi\u011finde, cerrah g\u00f6r\u00fcn\u00fcr yara izini en aza indirmek i\u00e7in stratejik yerlerde gizli kesikler olu\u015fturacakt\u0131r. Kesilerin tam yerle\u015fimi kullan\u0131lan tekni\u011fe ba\u011fl\u0131 olacakt\u0131r.<\/p><h3>\u00c7eneyi Yeniden \u015eekillendirmek<\/h3><p>\u00c7ene k\u00fc\u00e7\u00fcltme ameliyat\u0131 s\u0131ras\u0131nda kullan\u0131labilecek \u00e7e\u015fitli teknikler vard\u0131r; <a href=\"https:\/\/www.dr-mfo.com\/tr\/chin-reduction-turkey-facial-harmony\/\">kemik azalmas\u0131<\/a>, <a href=\"https:\/\/www.dr-mfo.com\/tr\/chin-reduction-turkey-facial-harmony\/\">kemik b\u00fcy\u00fctme<\/a>ve yumu\u015fak doku modifikasyonu. Bu tekniklerin her birini daha ayr\u0131nt\u0131l\u0131 olarak inceleyelim:<\/p><p><img loading=\"lazy\" decoding=\"async\" class=\"alignnone size-large wp-image-6425\" src=\"https:\/\/www.dr-mfo.com\/wp-content\/uploads\/2023\/06\/kevkes1_rdu-1024x768.jpg\" alt=\"kemik azalmas\u0131\" width=\"1024\" height=\"768\" srcset=\"https:\/\/www.dr-mfo.com\/wp-content\/uploads\/2023\/06\/kevkes1_rdu-1024x768.jpg 1024w, https:\/\/www.dr-mfo.com\/wp-content\/uploads\/2023\/06\/kevkes1_rdu-300x225.jpg 300w, https:\/\/www.dr-mfo.com\/wp-content\/uploads\/2023\/06\/kevkes1_rdu-768x576.jpg 768w, https:\/\/www.dr-mfo.com\/wp-content\/uploads\/2023\/06\/kevkes1_rdu-1536x1152.jpg 1536w, https:\/\/www.dr-mfo.com\/wp-content\/uploads\/2023\/06\/kevkes1_rdu-16x12.jpg 16w, https:\/\/www.dr-mfo.com\/wp-content\/uploads\/2023\/06\/kevkes1_rdu.jpg 1600w\" sizes=\"(max-width: 1024px) 100vw, 1024px\" \/><\/p><h4>Kemik Azaltma<\/h4><p>\u00c7enenin a\u015f\u0131r\u0131 \u00f6ne \u00e7\u0131kt\u0131\u011f\u0131 durumlarda cerrah kemik k\u00fc\u00e7\u00fcltmeyi tercih edebilir. Bu teknik s\u0131ras\u0131nda cerrah, istenen boyutta k\u00fc\u00e7\u00fclmeyi sa\u011flamak i\u00e7in \u00e7ene kemi\u011finin bir k\u0131sm\u0131n\u0131 dikkatlice \u00e7\u0131kar\u0131r. Daha orant\u0131l\u0131 ve uyumlu bir \u00e7ene \u015fekli olu\u015fturmak i\u00e7in kemi\u011fi \u015fekillendirecekler.<\/p><h4>Kemik B\u00fcy\u00fctme<\/h4><p>\u00c7enesi girintili veya az geli\u015fmi\u015f ki\u015filere kemik b\u00fcy\u00fctme i\u015flemi \u00f6nerilebilir. Bu teknik, \u00e7enenin boyutunu ve projeksiyonunu geli\u015ftirmek i\u00e7in implantlar\u0131n veya kemik greftlerinin kullan\u0131lmas\u0131n\u0131 i\u00e7erir. Cerrah, istenen sonucu elde etmek i\u00e7in implant\u0131 veya greft malzemesini dikkatlice se\u00e7ip yerle\u015ftirecektir.<\/p><h4>Yumu\u015fak Doku Modifikasyonu<\/h4><p>Baz\u0131 durumlarda cerrah kemik k\u00fc\u00e7\u00fcltme veya b\u00fcy\u00fctmeyi yumu\u015fak doku modifikasyon teknikleriyle birle\u015ftirebilir. Bu yakla\u015f\u0131m, daha dengeli ve estetik a\u00e7\u0131dan ho\u015f bir sonu\u00e7 elde etmek i\u00e7in \u00e7eneyi \u00e7evreleyen kaslar ve ya\u011f yast\u0131k\u00e7\u0131klar\u0131 gibi yumu\u015fak dokular\u0131n yeniden \u015fekillendirilmesini i\u00e7erir.<\/p><h3>Kapatma ve Kurtarma<\/h3><p>\u0130stenilen \u00e7ene \u015fekli ve boyutu elde edildikten sonra cerrah diki\u015f kullanarak kesileri kapatacakt\u0131r. Ayr\u0131ca cerrahi b\u00f6lgeyi korumak i\u00e7in pansuman veya bandaj da uygulayabilirler. \u0130\u015flem sonras\u0131nda anestezinin etkileri ge\u00e7inceye kadar yak\u0131ndan takip edilece\u011finiz bir derlenme alan\u0131na g\u00f6t\u00fcr\u00fcleceksiniz. Ameliyat\u0131 takip eden g\u00fcnlerde bir miktar \u015fi\u015flik, morarma ve rahats\u0131zl\u0131k hissetmeniz normaldir.<\/p><h2>T\u00fcrkiye&#039;de \u00c7ene K\u00fc\u00e7\u00fcltme<\/h2><p><a href=\"https:\/\/www.dr-mfo.com\/tr\/hidden-paradise-antalya-and-touristic-feautures\/\">T\u00fcrkiye<\/a> i\u00e7in pop\u00fcler bir destinasyon haline geldi <a href=\"https:\/\/www.dr-mfo.com\/tr\/chin-reduction-turkey-facial-harmony\/\">\u00e7ene k\u00fc\u00e7\u00fcltme ameliyat\u0131<\/a>. \u00dclke, yetenekli cerrahlar, son teknolojiye sahip t\u0131bbi tesisler ve uygun fiyatlar\u0131n bir kombinasyonunu sunarak, y\u00fcksek kaliteli kozmetik prosed\u00fcrler arayan ki\u015filer i\u00e7in cazip bir se\u00e7enek haline geliyor.<\/p><h3>Neden T\u00fcrkiye&#039;de \u00c7ene K\u00fc\u00e7\u00fcltme&#039;yi Se\u00e7melisiniz?<\/h3><h4>Uzmanl\u0131k ve Nitelikler<\/h4><p>T\u00fcrk plastik cerrahlar\u0131 uzmanl\u0131klar\u0131 ve nitelikleriyle tan\u0131nmaktad\u0131r. Bir\u00e7o\u011fu, karma\u015f\u0131k \u00e7ene k\u00fc\u00e7\u00fcltme ameliyatlar\u0131n\u0131 ger\u00e7ekle\u015ftirmek i\u00e7in iyi donan\u0131ma sahip olmalar\u0131n\u0131 sa\u011flayan prestijli uluslararas\u0131 kurumlardan e\u011fitim ve \u00f6\u011fretim alm\u0131\u015ft\u0131r.<\/p><h4>Geli\u015fmi\u015f T\u0131bbi Tesisler<\/h4><p>T\u00fcrkiye, uluslararas\u0131 standartlara uygun modern ve ileri t\u0131bbi tesislere sahiptir. Bu tesisler en son teknolojiyle donat\u0131lm\u0131\u015ft\u0131r ve s\u0131k\u0131 g\u00fcvenlik protokollerine ba\u011fl\u0131 kalarak g\u00fcvenli ve konforlu bir cerrahi deneyim sa\u011flar.<\/p><h4>Tasarruf<\/h4><p>T\u00fcrkiye&#039;de \u00e7ene k\u00fc\u00e7\u00fcltme i\u015fleminin en \u00f6nemli avantajlar\u0131ndan biri maliyet tasarrufudur. Ameliyat\u0131n kendisi, konaklama ve ula\u015f\u0131m da dahil olmak \u00fczere genel maliyet, di\u011fer \u00fclkelere k\u0131yasla genellikle \u00f6nemli \u00f6l\u00e7\u00fcde daha d\u00fc\u015f\u00fckt\u00fcr. Bu da bireylerin istedikleri sonu\u00e7lara daha uygun fiyata ula\u015fmalar\u0131n\u0131 sa\u011flar.<\/p><h3>T\u00fcrkiye&#039;de G\u00fcvenilir Bir Cerrah Bulmak<\/h3><p>G\u00f6z \u00f6n\u00fcne al\u0131nd\u0131\u011f\u0131nda <a href=\"https:\/\/www.dr-mfo.com\/tr\/chin-reduction-turkey-facial-harmony\/\">T\u00fcrkiye&#039;de \u00e7ene k\u00fc\u00e7\u00fcltme ameliyat\u0131<\/a>G\u00fcvenilir ve sayg\u0131n bir plastik cerrah\u0131 se\u00e7mek \u00e7ok \u00f6nemlidir. Do\u011fru cerrah\u0131 bulman\u0131za yard\u0131mc\u0131 olacak baz\u0131 ipu\u00e7lar\u0131:<\/p><h4>Ara\u015ft\u0131rma ve Kimlik Bilgileri<\/h4><p>Cerrah\u0131n kimlik bilgilerini, niteliklerini ve deneyimini iyice ara\u015ft\u0131r\u0131n. Sayg\u0131n kurulu\u015flar\u0131n sertifikalar\u0131na ve \u00f6nceki hastalar\u0131n incelemelerine bak\u0131n. Bu bilgi se\u00e7ti\u011finiz cerraha g\u00fcvenmenizi sa\u011flayacakt\u0131r.<\/p><h4>Dan\u0131\u015fma ve \u0130leti\u015fim<\/h4><p>Nihai karar\u0131 vermeden \u00f6nce cerrahla bir g\u00f6r\u00fc\u015fme planlay\u0131n. Bu, beklentilerinizi tart\u0131\u015fman\u0131za, sorular sorman\u0131za ve cerrah\u0131n ileti\u015fim becerilerini de\u011ferlendirmenize olanak sa\u011flayacakt\u0131r. \u0130yi bir cerrah endi\u015felerinizi dinlemeli, net a\u00e7\u0131klamalar yapmal\u0131 ve beklentilerinizin ger\u00e7ek\u00e7i olmas\u0131n\u0131 sa\u011flamal\u0131d\u0131r.<\/p><h4>Tesis ve G\u00fcvenlik Standartlar\u0131<\/h4><p>Ameliyat\u0131n ger\u00e7ekle\u015fece\u011fi tesisi ziyaret edin veya detayl\u0131 bilgi isteyin. Tesisin s\u0131k\u0131 g\u00fcvenlik standartlar\u0131na uydu\u011fundan ve temiz ve steril bir ortam sa\u011flad\u0131\u011f\u0131ndan emin olun.<\/p><h4>\u00d6ncesi ve Sonras\u0131 Foto\u011fraflar\u0131<\/h4><p>Cerrah\u0131n daha \u00f6nce ger\u00e7ekle\u015ftirdi\u011fi \u00e7ene k\u00fc\u00e7\u00fcltme ameliyatlar\u0131n\u0131n \u00f6ncesi ve sonras\u0131 foto\u011fraflar\u0131n\u0131 g\u00f6rmeyi isteyin. Bu size estetik anlay\u0131\u015flar\u0131 ve yapt\u0131klar\u0131 i\u015fin kalitesi hakk\u0131nda bir fikir verecektir.<\/p><h3>T\u00fcrkiye&#039;de \u0130yile\u015fme ve Tedavi Sonras\u0131 Bak\u0131m<\/h3><p>T\u00fcrkiye&#039;de \u00e7ene k\u00fc\u00e7\u00fcltme ameliyat\u0131 ge\u00e7irdikten sonra cerrah\u0131n\u0131z\u0131n verdi\u011fi ameliyat sonras\u0131 bak\u0131m talimatlar\u0131na uyman\u0131z \u00f6nemlidir. Bu talimatlar sorunsuz bir iyile\u015fme ve en iyi sonu\u00e7lar\u0131n elde edilmesine yard\u0131mc\u0131 olacakt\u0131r. Ameliyat oldu\u011funuz klinik veya hastane, ila\u00e7 tedavisi, takip randevular\u0131 ve gerekli tedavi sonras\u0131 bak\u0131m da dahil olmak \u00fczere iyile\u015fme s\u00fcreciniz hakk\u0131nda ayr\u0131nt\u0131l\u0131 bilgi sa\u011flayacakt\u0131r.<\/p><h3>T\u00fcrkiye&#039;nin G\u00fczelliklerinin Tad\u0131n\u0131 \u00c7\u0131kar\u0131yoruz<\/h3><p>T\u00fcrkiye&#039;de \u00e7ene k\u00fc\u00e7\u00fcltme ameliyat\u0131 olman\u0131n avantajlar\u0131ndan biri de \u00fclkenin zengin k\u00fclt\u00fcr\u00fcn\u00fc ve do\u011fal g\u00fczelliklerini ke\u015ffetme f\u0131rsat\u0131d\u0131r. \u0130yile\u015fme s\u00fcrecinizin ard\u0131ndan T\u00fcrkiye&#039;de ge\u00e7irece\u011finiz zaman\u0131 tarihi mekanlar\u0131 ziyaret ederek, yerel mutfa\u011f\u0131n tad\u0131n\u0131 \u00e7\u0131kararak veya muhte\u015fem plajlarda dinlenerek de\u011ferlendirebilirsiniz. Kendinizi canl\u0131 T\u00fcrk k\u00fclt\u00fcr\u00fcne kapt\u0131rarak seyahatinizden en iyi \u015fekilde yararlan\u0131n.<\/p><h2>SSS<\/h2><h3>Soru: T\u00fcrkiye&#039;de \u00e7ene k\u00fc\u00e7\u00fcltme g\u00fcvenli midir?<\/h3><p>C: T\u00fcrkiye&#039;de \u00e7ene k\u00fc\u00e7\u00fcltme ameliyat\u0131, kalifiye ve tecr\u00fcbeli plastik cerrahlar taraf\u0131ndan yap\u0131ld\u0131\u011f\u0131nda genellikle g\u00fcvenlidir. Sayg\u0131n bir cerrah\u0131 ara\u015ft\u0131r\u0131p se\u00e7mek ve t\u0131bbi tesisin g\u00fcvenlik ve hijyen a\u00e7\u0131s\u0131ndan uluslararas\u0131 standartlar\u0131 kar\u015f\u0131lad\u0131\u011f\u0131ndan emin olmak \u00f6nemlidir.<\/p><h3>Soru: T\u00fcrkiye&#039;de \u00e7ene k\u00fc\u00e7\u00fcltme sonras\u0131 iyile\u015fme s\u00fcresi ne kadard\u0131r?<\/h3><p>C: \u00c7ene k\u00fc\u00e7\u00fcltme ameliyat\u0131 sonras\u0131 iyile\u015fme s\u00fcresi ki\u015fiden ki\u015fiye de\u011fi\u015fmektedir. Genel olarak, ilk iyile\u015fme yakla\u015f\u0131k 1 ila 2 hafta s\u00fcrer ve tam sonu\u00e7lar\u0131n ortaya \u00e7\u0131kmas\u0131 birka\u00e7 ay s\u00fcrer. Cerrah\u0131n\u0131z, iyile\u015fmeniz s\u0131ras\u0131nda takip etmeniz gereken \u00f6zel talimatlar ve y\u00f6nergeler sa\u011flayacakt\u0131r.<\/p><h3>Soru: T\u00fcrkiye&#039;de \u00e7ene k\u00fc\u00e7\u00fcltme operasyonunu di\u011fer estetik operasyonlarla birle\u015ftirebilir miyim?<\/h3><p>C: Evet, T\u00fcrkiye&#039;de \u00e7ene k\u00fc\u00e7\u00fcltme i\u015flemini di\u011fer estetik i\u015flemlerle birle\u015ftirmek m\u00fcmk\u00fcnd\u00fcr. Bir\u00e7ok ki\u015fi birden fazla prosed\u00fcrden ge\u00e7meyi tercih ediyor; <a href=\"https:\/\/www.dr-mfo.com\/tr\/nose-job-rhinoplasty\/\">burun esteti\u011fi<\/a> veya <a href=\"https:\/\/www.dr-mfo.com\/tr\/facelift-surgery\/\">y\u00fcz germe<\/a> Kapsaml\u0131 bir y\u00fcz gen\u00e7le\u015ftirme elde etmek i\u00e7in ameliyat. \u0130stedi\u011finiz sonu\u00e7lar\u0131 ve prosed\u00fcrleri birle\u015ftirme olas\u0131l\u0131\u011f\u0131n\u0131 tart\u0131\u015fmak i\u00e7in cerrah\u0131n\u0131za dan\u0131\u015f\u0131n.<\/p><h3>Soru: T\u00fcrkiye&#039;de \u00e7ene k\u00fc\u00e7\u00fcltme ameliyat\u0131 yap\u0131l\u0131rken dil engeli ya\u015fanacak m\u0131?<\/h3><p>C: T\u00fcrkiye&#039;deki bir\u00e7ok sa\u011fl\u0131k kurulu\u015fu ve tesiste uluslararas\u0131 hastalara yard\u0131mc\u0131 olacak \u0130ngilizce konu\u015fan personel bulunmaktad\u0131r. Seyahate \u00e7\u0131kmadan \u00f6nce dil engelinin en aza indirildi\u011finden ve prosed\u00fcr ve bak\u0131m sonras\u0131 talimatlar hakk\u0131nda net bir anlay\u0131\u015fa sahip oldu\u011funuzdan emin olmak i\u00e7in klinik veya hastane ile ileti\u015fime ge\u00e7ebilirsiniz.<\/p><h3>S: \u00c7ene k\u00fc\u00e7\u00fcltme ameliyat\u0131 i\u00e7in T\u00fcrkiye&#039;ye seyahatimi nas\u0131l planlayabilirim?<\/h3><p>C: T\u00fcrkiye&#039;de \u00e7ene k\u00fc\u00e7\u00fcltme ameliyat\u0131 i\u00e7in seyahatinizi planlamak birka\u00e7 ad\u0131mdan olu\u015fur. Sayg\u0131n klinikleri ve cerrahlar\u0131 ara\u015ft\u0131r\u0131n, bir kons\u00fcltasyon ayarlay\u0131n ve seyahat ve t\u0131bbi prosed\u00fcrler i\u00e7in gerekli belgeler hakk\u0131nda bilgi al\u0131n. Sorunsuz ve stressiz bir deneyim sa\u011flamak i\u00e7in seyahatinizi \u00f6nceden planlaman\u0131z \u00f6nerilir.<\/p><h2>\u00c7\u00f6z\u00fcm<\/h2><p>\u00c7ene k\u00fc\u00e7\u00fcltme ameliyat\u0131 y\u00fcz uyumu ve dengesini sa\u011flamak isteyen bireyler i\u00e7in dikkat \u00e7ekici bir \u00e7\u00f6z\u00fcm sunmaktad\u0131r. Prosed\u00fcr\u00fc ister T\u00fcrkiye&#039;de ister ba\u015fka bir yerde yapt\u0131rmay\u0131 se\u00e7in, en iyi sonu\u00e7lar\u0131 elde etmek i\u00e7in yetenekli bir cerrah se\u00e7meniz ve uygun bak\u0131m sonras\u0131 talimatlar\u0131 takip etmeniz \u00f6nemlidir. \u00c7ene k\u00fc\u00e7\u00fcltme yoluyla \u00e7ene endi\u015felerinizi gidererek y\u00fcz profilinizi geli\u015ftirebilir ve \u00f6zg\u00fcveninizi art\u0131rarak daha tatmin edici ve tatmin edici bir hayata yol a\u00e7abilirsiniz.<\/p><p>\u00a0<\/p><p>Ziyaret edin\u00a0<a href=\"https:\/\/www.instagram.com\/dr_mfo\/\" target=\"_blank\" rel=\"nofollow noopener\">Dr.MFO Instagram profili<\/a> ba\u015far\u0131l\u0131 \u00f6rnekler i\u00e7in <a href=\"https:\/\/www.dr-mfo.com\/tr\/chin-reduction-turkey-facial-harmony\/\">\u00c7ene K\u00fc\u00e7\u00fcltme<\/a><\/p>\t\t\t\t\t\t\t\t<\/div>\n\t\t\t\t\t<\/div>\n\t\t<\/div>\n\t\t\t\t\t<\/div>\n\t\t<\/section>\n\t\t\t\t<\/div>","protected":false},"excerpt":{"rendered":"<p>Are you self-conscious about the shape or size of your chin? Do you feel that your facial profile lacks balance? If so, chin reduction surgery may be the solution you&#8217;ve been searching for. In this comprehensive guide, we will delve into the world of chin reduction, exploring its benefits, procedure details, recovery process, and more. [&hellip;]<\/p>\n","protected":false},"author":2,"featured_media":6415,"parent":0,"menu_order":0,"comment_status":"closed","ping_status":"closed","template":"","meta":{"_acf_changed":false,"footnotes":""},"class_list":["post-6412","page","type-page","status-publish","has-post-thumbnail","hentry"],"acf":[],"_links":{"self":[{"href":"https:\/\/www.dr-mfo.com\/tr\/wp-json\/wp\/v2\/pages\/6412","targetHints":{"allow":["GET"]}}],"collection":[{"href":"https:\/\/www.dr-mfo.com\/tr\/wp-json\/wp\/v2\/pages"}],"about":[{"href":"https:\/\/www.dr-mfo.com\/tr\/wp-json\/wp\/v2\/types\/page"}],"author":[{"embeddable":true,"href":"https:\/\/www.dr-mfo.com\/tr\/wp-json\/wp\/v2\/users\/2"}],"replies":[{"embeddable":true,"href":"https:\/\/www.dr-mfo.com\/tr\/wp-json\/wp\/v2\/comments?post=6412"}],"version-history":[{"count":0,"href":"https:\/\/www.dr-mfo.com\/tr\/wp-json\/wp\/v2\/pages\/6412\/revisions"}],"wp:featuredmedia":[{"embeddable":true,"href":"https:\/\/www.dr-mfo.com\/tr\/wp-json\/wp\/v2\/media\/6415"}],"wp:attachment":[{"href":"https:\/\/www.dr-mfo.com\/tr\/wp-json\/wp\/v2\/media?parent=6412"}],"curies":[{"name":"wp","href":"https:\/\/api.w.org\/{rel}","templated":true}]}}