{"id":6435,"date":"2023-06-02T17:14:46","date_gmt":"2023-06-02T16:14:46","guid":{"rendered":"https:\/\/www.dr-mfo.com\/?page_id=6435"},"modified":"2026-02-22T06:51:38","modified_gmt":"2026-02-22T06:51:38","slug":"cene-implanti","status":"publish","type":"page","link":"https:\/\/www.dr-mfo.com\/tr\/chin-implant\/","title":{"rendered":"\u00c7ene \u0130mplant\u0131: Y\u00fcz Uyumunuzu Art\u0131rma"},"content":{"rendered":"<div data-elementor-type=\"wp-page\" data-elementor-id=\"6435\" class=\"elementor elementor-6435\">\n\t\t\t\t\t\t<section class=\"elementor-section elementor-top-section elementor-element elementor-element-5fef2d8 elementor-section-boxed elementor-section-height-default elementor-section-height-default\" data-id=\"5fef2d8\" data-element_type=\"section\" data-e-type=\"section\">\n\t\t\t\t\t\t<div class=\"elementor-container elementor-column-gap-default\">\n\t\t\t\t\t<div class=\"elementor-column elementor-col-100 elementor-top-column elementor-element elementor-element-165b926a\" data-id=\"165b926a\" data-element_type=\"column\" data-e-type=\"column\">\n\t\t\t<div class=\"elementor-widget-wrap elementor-element-populated\">\n\t\t\t\t\t\t<div class=\"elementor-element elementor-element-70c93254 elementor-widget__width-initial elementor-widget elementor-widget-text-editor\" data-id=\"70c93254\" data-element_type=\"widget\" data-e-type=\"widget\" data-widget_type=\"text-editor.default\">\n\t\t\t\t\t\t\t\t\t<p>Y\u00fcz uyumunu geli\u015ftirebilecek ve profilinizi yeniden tan\u0131mlayabilecek pop\u00fcler bir kozmetik prosed\u00fcr olan \u00e7ene implantlar\u0131 hakk\u0131ndaki kapsaml\u0131 k\u0131lavuzumuza ho\u015f geldiniz. Y\u00fcz \u00f6zelliklerinizi dengelemek, \u00e7ene hatt\u0131n\u0131z\u0131 geli\u015ftirmek veya daha belirgin bir \u00e7ene elde etmek istiyorsan\u0131z bu makale size bilin\u00e7li bir karar vermeniz i\u00e7in ihtiyac\u0131n\u0131z olan t\u00fcm bilgileri sa\u011flayacakt\u0131r.<\/p><h2>\u00c7ene \u0130mplantlar\u0131n\u0131 Anlamak<\/h2><h3>\u00c7ene \u0130mplantlar\u0131 Nelerdir?<\/h3><p>\u00c7ene b\u00fcy\u00fctme veya mentoplasti olarak da bilinen \u00e7ene implantlar\u0131, \u00e7ene b\u00f6lgesini yeniden \u015fekillendirmek ve geli\u015ftirmek i\u00e7in tasarlanm\u0131\u015f cerrahi prosed\u00fcrlerdir. Prosed\u00fcr, projeksiyonunu, simetrisini ve genel hatlar\u0131n\u0131 iyile\u015ftirmek i\u00e7in \u00e7ene b\u00f6lgesine bir implant yerle\u015ftirmeyi i\u00e7erir. Bu, y\u00fcz \u00f6zelliklerinin dengelenmesine ve daha orant\u0131l\u0131 bir g\u00f6r\u00fcn\u00fcm yarat\u0131lmas\u0131na yard\u0131mc\u0131 olabilir.<\/p><h3><img fetchpriority=\"high\" decoding=\"async\" class=\"alignnone size-large wp-image-6439\" src=\"https:\/\/www.dr-mfo.com\/wp-content\/uploads\/2023\/06\/4588720-1024x683.jpg\" alt=\"\u00e7ene implant\u0131\" width=\"1024\" height=\"683\" srcset=\"https:\/\/www.dr-mfo.com\/wp-content\/uploads\/2023\/06\/4588720-1024x683.jpg 1024w, https:\/\/www.dr-mfo.com\/wp-content\/uploads\/2023\/06\/4588720-300x200.jpg 300w, https:\/\/www.dr-mfo.com\/wp-content\/uploads\/2023\/06\/4588720-768x512.jpg 768w, https:\/\/www.dr-mfo.com\/wp-content\/uploads\/2023\/06\/4588720-1536x1024.jpg 1536w, https:\/\/www.dr-mfo.com\/wp-content\/uploads\/2023\/06\/4588720-18x12.jpg 18w, https:\/\/www.dr-mfo.com\/wp-content\/uploads\/2023\/06\/4588720.jpg 1600w\" sizes=\"(max-width: 1024px) 100vw, 1024px\" \/><\/h3><h3>\u00c7ene \u0130mplant\u0131ndan Kimler Yararlanabilir?<\/h3><p>\u00c7ene implantlar\u0131, \u00e7enesi zay\u0131f veya geride olan, \u00e7ene hatt\u0131 belirgin olmayan veya orant\u0131s\u0131z y\u00fcz yap\u0131s\u0131na sahip ki\u015filere fayda sa\u011flayabilir. Bu prosed\u00fcr y\u00fcze denge ve uyum getirebilir, genel esteti\u011fi iyile\u015ftirebilir ve \u00f6zg\u00fcveni art\u0131rabilir.<\/p><h2>\u00c7ene \u0130mplant\u0131 Prosed\u00fcr\u00fc<\/h2><h3>Dan\u0131\u015fma ve Planlama<\/h3><p>\u00c7ene implant\u0131 i\u015flemine ba\u015flamadan \u00f6nce kalifiye bir plastik uzman\u0131yla g\u00f6r\u00fc\u015fme planlamak \u00e7ok \u00f6nemlidir. <a href=\"https:\/\/www.dr-mfo.com\/tr\/\">Cerrah<\/a>. Bu kons\u00fcltasyon s\u0131ras\u0131nda cerrah y\u00fcz yap\u0131n\u0131z\u0131 de\u011ferlendirecek, hedeflerinizi ve beklentilerinizi tart\u0131\u015facak ve sizin i\u00e7in en uygun implant boyutunu ve \u015feklini belirleyecektir. Bu ki\u015fiselle\u015ftirilmi\u015f yakla\u015f\u0131m, nihai sonucun benzersiz y\u00fcz \u00f6zelliklerinizi tamamlamas\u0131n\u0131 sa\u011flar.<\/p><p><img decoding=\"async\" class=\"alignnone size-large wp-image-6440\" src=\"https:\/\/www.dr-mfo.com\/wp-content\/uploads\/2023\/06\/euskjc5govk-1024x683.jpg\" alt=\"\u00e7ene implant\u0131 ameliyat\u0131\" width=\"1024\" height=\"683\" srcset=\"https:\/\/www.dr-mfo.com\/wp-content\/uploads\/2023\/06\/euskjc5govk-1024x683.jpg 1024w, https:\/\/www.dr-mfo.com\/wp-content\/uploads\/2023\/06\/euskjc5govk-300x200.jpg 300w, https:\/\/www.dr-mfo.com\/wp-content\/uploads\/2023\/06\/euskjc5govk-768x512.jpg 768w, https:\/\/www.dr-mfo.com\/wp-content\/uploads\/2023\/06\/euskjc5govk-1536x1024.jpg 1536w, https:\/\/www.dr-mfo.com\/wp-content\/uploads\/2023\/06\/euskjc5govk-18x12.jpg 18w, https:\/\/www.dr-mfo.com\/wp-content\/uploads\/2023\/06\/euskjc5govk.jpg 1600w\" sizes=\"(max-width: 1024px) 100vw, 1024px\" \/><\/p><h3>Anestezi ve Kesi Yerle\u015ftirme<\/h3><p>\u00c7ene implant\u0131 i\u015flemi tipik olarak sedasyonla birlikte lokal anestezi veya genel anestezi alt\u0131nda ger\u00e7ekle\u015ftirilir. Siz rahat bir \u015fekilde uyu\u015ftuktan sonra, cerrah ya a\u011fz\u0131n i\u00e7inden (intraoral) ya da \u00e7enenin alt\u0131ndan (submental) bir kesi yapacakt\u0131r. Kesi yerle\u015fiminin se\u00e7imi, anatominiz ve cerrah\u0131n tercihi gibi \u00e7e\u015fitli fakt\u00f6rlere ba\u011fl\u0131d\u0131r.<\/p><p><img decoding=\"async\" class=\"alignnone size-large wp-image-6447\" src=\"https:\/\/www.dr-mfo.com\/wp-content\/uploads\/2023\/06\/6502033-1024x683.jpg\" alt=\"t\u00fcrkiye&#039;de \u00e7ene implant\u0131\" width=\"1024\" height=\"683\" srcset=\"https:\/\/www.dr-mfo.com\/wp-content\/uploads\/2023\/06\/6502033-1024x683.jpg 1024w, https:\/\/www.dr-mfo.com\/wp-content\/uploads\/2023\/06\/6502033-300x200.jpg 300w, https:\/\/www.dr-mfo.com\/wp-content\/uploads\/2023\/06\/6502033-768x512.jpg 768w, https:\/\/www.dr-mfo.com\/wp-content\/uploads\/2023\/06\/6502033-1536x1024.jpg 1536w, https:\/\/www.dr-mfo.com\/wp-content\/uploads\/2023\/06\/6502033-18x12.jpg 18w, https:\/\/www.dr-mfo.com\/wp-content\/uploads\/2023\/06\/6502033.jpg 1600w\" sizes=\"(max-width: 1024px) 100vw, 1024px\" \/><\/p><h3>\u0130mplant Yerle\u015ftirme ve \u015eekillendirme<\/h3><p>Kesi olu\u015fturulduktan sonra cerrah, implant\u0131n yerle\u015ftirilmesi i\u00e7in \u00e7ene b\u00f6lgesinde dikkatli bir \u015fekilde bir cep olu\u015fturacakt\u0131r. Daha sonra implant yerle\u015ftirilir ve yerine sabitlenir. Cerrah, istenen \u015fekli ve projeksiyonu elde etmek i\u00e7in implant\u0131n hatlar\u0131n\u0131 titizlikle belirleyerek do\u011fal g\u00f6r\u00fcn\u00fcml\u00fc bir sonu\u00e7 elde edecektir.<\/p><h3>Kesi Kapatma ve \u0130yile\u015fme<\/h3><p>\u0130mplant uygun \u015fekilde yerle\u015ftirildikten sonra kesi diki\u015flerle kapat\u0131l\u0131r. Kesi a\u011fz\u0131n i\u00e7inde yap\u0131lm\u0131\u015fsa s\u0131kl\u0131kla eriyen diki\u015fler kullan\u0131l\u0131r. Ancak kesi \u00e7ene alt\u0131ndan yap\u0131lm\u0131\u015fsa bir hafta sonra diki\u015flerin al\u0131nmas\u0131 gerekebilir. Prosed\u00fcr\u00fcn ard\u0131ndan, optimum iyile\u015fmeyi te\u015fvik etmek ve rahats\u0131zl\u0131\u011f\u0131 en aza indirmek i\u00e7in size ayr\u0131nt\u0131l\u0131 bak\u0131m sonras\u0131 talimatlar verilecektir.<\/p><h2>Faydalar ve Riskler<\/h2><h3>\u00c7ene \u0130mplant\u0131n\u0131n Faydalar\u0131<\/h3><ul><li>Geli\u015ftirilmi\u015f y\u00fcz uyumu ve denge<\/li><li>Geli\u015ftirilmi\u015f \u00e7ene \u00e7izgisi tan\u0131m\u0131<\/li><li>Kendine olan g\u00fcvenin ve \u00f6zsayg\u0131n\u0131n artmas\u0131<\/li><li>Uzun \u00f6m\u00fcrl\u00fc sonu\u00e7lar<\/li><li>Minimal yara izi<\/li><\/ul><h3>Riskler ve Hususlar<\/h3><p>\u00c7ene implant\u0131 ameliyat\u0131 genel olarak g\u00fcvenli olsa da potansiyel risk ve komplikasyonlar\u0131n fark\u0131nda olmak \u00f6nemlidir. Bunlar \u015funlar\u0131 i\u00e7erebilir:<\/p><ul><li>Enfeksiyon<\/li><li>Kanama<\/li><li>Uyu\u015fma veya de\u011fi\u015fen his<\/li><li>\u0130mplant yer de\u011fi\u015ftirmesi<\/li><li>Tatmin edici olmayan estetik sonu\u00e7<\/li><\/ul><h2>\u0130yile\u015fme ve Sonras\u0131 Bak\u0131m<\/h2><h3>\u0130yile\u015fme S\u0131ras\u0131nda Neler Beklenmeli?<\/h3><p>\u00c7ene implant\u0131 i\u015fleminden sonra bir miktar \u015fi\u015flik, morarma ve rahats\u0131zl\u0131k ya\u015fanmas\u0131 normaldir. Cerrah\u0131n\u0131z bu semptomlar\u0131n tedavisine yard\u0131mc\u0131 olmak i\u00e7in a\u011fr\u0131 kesici ila\u00e7lar verebilir ve so\u011fuk kompres \u00f6nerebilir. Diyet k\u0131s\u0131tlamalar\u0131, a\u011f\u0131z hijyeni uygulamalar\u0131 ve aktivite s\u0131n\u0131rlamalar\u0131 dahil olmak \u00fczere ameliyat sonras\u0131 bak\u0131mla ilgili olarak cerrah\u0131n\u0131z\u0131n talimatlar\u0131na uyman\u0131z \u00f6nemlidir.<\/p><h3>Beklenen Sonu\u00e7lar ve Uzun \u00d6m\u00fcr<\/h3><p>Bireysel sonu\u00e7lar farkl\u0131l\u0131k g\u00f6sterse de \u00e7o\u011fu hasta, \u015fi\u015flik azald\u0131k\u00e7a \u00e7ene \u00e7evresinde ve genel y\u00fcz g\u00f6r\u00fcn\u00fcm\u00fcnde iyile\u015fme fark etmeye ba\u015flar. Nihai sonu\u00e7lar\u0131n tam olarak ortaya \u00e7\u0131kmas\u0131n\u0131n birka\u00e7 ay s\u00fcrebilece\u011fini unutmamak \u00f6nemlidir. Uygun bak\u0131m ve bak\u0131mla \u00e7ene implantlar\u0131 uzun s\u00fcreli sonu\u00e7lar sunabilir ve bu sayede uzun y\u0131llar boyunca avantajlardan yararlanman\u0131za olanak tan\u0131r.<\/p><h2>S\u0131k\u00e7a Sorulan Sorular (SSS)<\/h2><h3>1. \u00c7ene implant\u0131n\u0131 di\u011fer kozmetik i\u015flemlerle birle\u015ftirebilir miyim?<\/h3><p>Evet, \u00e7ene implantlar\u0131 a\u015fa\u011f\u0131daki gibi di\u011fer kozmetik prosed\u00fcrlerle birle\u015ftirilebilir: <a href=\"https:\/\/www.dr-mfo.com\/tr\/nose-job-rhinoplasty\/\">burun esteti\u011fi<\/a> (burun yeniden \u015fekillendirme) veya <a href=\"https:\/\/www.dr-mfo.com\/tr\/facelift-surgery\/\">y\u00fcz germe<\/a> Kapsaml\u0131 y\u00fcz gen\u00e7le\u015ftirme elde etmek i\u00e7in ameliyat. Plastik cerrah\u0131n\u0131z, bireysel ihtiya\u00e7lar\u0131n\u0131za ve hedeflerinize g\u00f6re prosed\u00fcrleri birle\u015ftirmenin uygunlu\u011funu tart\u0131\u015fabilir.<\/p><h3>2. \u00c7ene implant\u0131 i\u015flemi ne kadar s\u00fcrer?<\/h3><p>Prosed\u00fcr\u00fcn s\u00fcresi, vakan\u0131n karma\u015f\u0131kl\u0131\u011f\u0131 ve herhangi bir ek prosed\u00fcr\u00fcn uygulan\u0131p uygulanmad\u0131\u011f\u0131 gibi \u00e7e\u015fitli fakt\u00f6rlere ba\u011fl\u0131d\u0131r. Ortalama olarak ameliyat bir ila iki saat kadar s\u00fcrebilir.<\/p><h3>3. \u0130mplant do\u011fal bir his verecek mi?<\/h3><p>\u00c7ene implantlar\u0131, tamamen iyile\u015fti\u011finde \u00e7enenizin do\u011fal bir par\u00e7as\u0131 gibi hissedilecek \u015fekilde tasarlanm\u0131\u015ft\u0131r. \u0130mplant malzemesi \u00e7ene kemi\u011finin do\u011fal dokusunu ve yo\u011funlu\u011funu taklit edecek ve ger\u00e7ek\u00e7i bir g\u00f6r\u00fcn\u00fcm ve his sa\u011flayacak \u015fekilde \u00f6zenle se\u00e7ilmi\u015ftir.<\/p><h3>4. \u00c7ene implant\u0131 ameliyat\u0131 i\u00e7in herhangi bir ya\u015f s\u0131n\u0131rlamas\u0131 var m\u0131d\u0131r?<\/h3><p>\u00c7ene implantlar\u0131, genel sa\u011fl\u0131k durumlar\u0131 iyi oldu\u011fu ve ger\u00e7ek\u00e7i beklentilere sahip olduklar\u0131 s\u00fcrece her ya\u015ftaki yeti\u015fkine yap\u0131labilir. \u0130\u015flem i\u00e7in uygun bir aday olup olmad\u0131\u011f\u0131n\u0131z\u0131 belirlemek i\u00e7in kalifiye bir plastik cerrahla g\u00f6r\u00fc\u015fmeniz \u00f6nemlidir.<\/p><h3>5. \u00c7ene implantlar\u0131 geri d\u00f6n\u00fc\u015f\u00fcml\u00fc m\u00fcd\u00fcr?<\/h3><p>\u00c7ene implantlar\u0131 uzun vadeli sonu\u00e7lar sa\u011flamak amac\u0131yla tasarlanmakla birlikte istenildi\u011fi takdirde \u00e7\u0131kar\u0131labilir veya de\u011fi\u015ftirilebilir. Ancak, \u00e7\u0131karma i\u015flemi ilk prosed\u00fcrle elde edilen estetik faydalar\u0131n kayb\u0131na yol a\u00e7abilece\u011finden, karar\u0131n\u0131z\u0131 dikkatle de\u011ferlendirmeniz \u00f6nemlidir.<\/p><h2>\u00c7\u00f6z\u00fcm<\/h2><p>\u00c7ene implantlar\u0131 y\u00fcz uyumunuzu geli\u015ftirmenin ve daha dengeli bir profile ula\u015fman\u0131n g\u00fcvenli ve etkili bir yolunu sunar. Yetenekli bir plastik cerrah, uygun implant boyutunu ve \u015feklini dikkatli bir \u015fekilde se\u00e7erek, benzersiz y\u00fcz \u00f6zelliklerinizi tamamlayan do\u011fal g\u00f6r\u00fcn\u00fcml\u00fc sonu\u00e7lar elde etmenize yard\u0131mc\u0131 olabilir. \u00c7ene b\u00fcy\u00fctmeyi d\u00fc\u015f\u00fcn\u00fcyorsan\u0131z, se\u00e7eneklerinizi ke\u015ffetmek ve kendinize daha fazla g\u00fcvenmek i\u00e7in d\u00f6n\u00fc\u015ft\u00fcr\u00fcc\u00fc bir yolculu\u011fa \u00e7\u0131kmak i\u00e7in kalifiye bir plastik cerrahla g\u00f6r\u00fc\u015fme ayarlaman\u0131z\u0131 \u00f6neririz.<\/p><p>Ziyaret edin\u00a0<a href=\"https:\/\/www.instagram.com\/dr_mfo\/\" target=\"_blank\" rel=\"nofollow noopener\">Dr.MFO Instagram profili<\/a> ba\u015far\u0131l\u0131 \u00f6rnekler i\u00e7in <a href=\"https:\/\/www.dr-mfo.com\/tr\/chin-implant-enhancing-profile\/\">\u00e7ene implant\u0131<\/a><\/p>\t\t\t\t\t\t\t\t<\/div>\n\t\t\t\t\t<\/div>\n\t\t<\/div>\n\t\t\t\t\t<\/div>\n\t\t<\/section>\n\t\t\t\t<\/div>","protected":false},"excerpt":{"rendered":"<p>Welcome to our comprehensive guide on chin implants, a popular cosmetic procedure that can enhance facial harmony and redefine your profile. Whether you&#8217;re looking to balance your facial features, improve your jawline, or achieve a more defined chin, this article will provide you with all the information you need to make an informed decision. Understanding [&hellip;]<\/p>\n","protected":false},"author":2,"featured_media":6438,"parent":0,"menu_order":0,"comment_status":"closed","ping_status":"closed","template":"","meta":{"_acf_changed":false,"footnotes":""},"class_list":["post-6435","page","type-page","status-publish","has-post-thumbnail","hentry"],"acf":[],"_links":{"self":[{"href":"https:\/\/www.dr-mfo.com\/tr\/wp-json\/wp\/v2\/pages\/6435","targetHints":{"allow":["GET"]}}],"collection":[{"href":"https:\/\/www.dr-mfo.com\/tr\/wp-json\/wp\/v2\/pages"}],"about":[{"href":"https:\/\/www.dr-mfo.com\/tr\/wp-json\/wp\/v2\/types\/page"}],"author":[{"embeddable":true,"href":"https:\/\/www.dr-mfo.com\/tr\/wp-json\/wp\/v2\/users\/2"}],"replies":[{"embeddable":true,"href":"https:\/\/www.dr-mfo.com\/tr\/wp-json\/wp\/v2\/comments?post=6435"}],"version-history":[{"count":0,"href":"https:\/\/www.dr-mfo.com\/tr\/wp-json\/wp\/v2\/pages\/6435\/revisions"}],"wp:featuredmedia":[{"embeddable":true,"href":"https:\/\/www.dr-mfo.com\/tr\/wp-json\/wp\/v2\/media\/6438"}],"wp:attachment":[{"href":"https:\/\/www.dr-mfo.com\/tr\/wp-json\/wp\/v2\/media?parent=6435"}],"curies":[{"name":"wp","href":"https:\/\/api.w.org\/{rel}","templated":true}]}}