{"id":6468,"date":"2023-06-05T20:09:52","date_gmt":"2023-06-05T19:09:52","guid":{"rendered":"https:\/\/www.dr-mfo.com\/?page_id=6468"},"modified":"2026-02-22T06:50:38","modified_gmt":"2026-02-22T06:50:38","slug":"endoskopik-yanak-kaldirma","status":"publish","type":"page","link":"https:\/\/www.dr-mfo.com\/tr\/endoscopic-cheek-lift\/","title":{"rendered":"Endoskopik Yanak Germe"},"content":{"rendered":"<div data-elementor-type=\"wp-page\" data-elementor-id=\"6468\" class=\"elementor elementor-6468\">\n\t\t\t\t\t\t<section class=\"elementor-section elementor-top-section elementor-element elementor-element-17b5517b elementor-section-boxed elementor-section-height-default elementor-section-height-default\" data-id=\"17b5517b\" data-element_type=\"section\" data-e-type=\"section\">\n\t\t\t\t\t\t<div class=\"elementor-container elementor-column-gap-default\">\n\t\t\t\t\t<div class=\"elementor-column elementor-col-100 elementor-top-column elementor-element elementor-element-11753dc8\" data-id=\"11753dc8\" data-element_type=\"column\" data-e-type=\"column\">\n\t\t\t<div class=\"elementor-widget-wrap elementor-element-populated\">\n\t\t\t\t\t\t<div class=\"elementor-element elementor-element-482bcb76 elementor-widget elementor-widget-text-editor\" data-id=\"482bcb76\" data-element_type=\"widget\" data-e-type=\"widget\" data-widget_type=\"text-editor.default\">\n\t\t\t\t\t\t\t\t\t<h1>Endoskopik Yanak Germe<\/h1><p>Daha gen\u00e7 bir g\u00f6r\u00fcn\u00fcm aray\u0131\u015f\u0131 i\u00e7inde olan bir\u00e7ok ki\u015fi, y\u00fcz sarkmalar\u0131n\u0131 ve ya\u015flanma belirtilerini gidermek i\u00e7in kozmetik prosed\u00fcrlere y\u00f6neliyor. Pop\u00fclerlik kazanan bu prosed\u00fcrlerden biri de endoskopik yanak kald\u0131rmad\u0131r. Bu minimal invaziv teknik, geleneksel tekniklerle kar\u015f\u0131la\u015ft\u0131r\u0131ld\u0131\u011f\u0131nda \u00e7ok say\u0131da avantaj sunar <a href=\"https:\/\/www.dr-mfo.com\/tr\/face-lift\/\">y\u00fcz germe<\/a> Daha az kesinti ve yara izi ile do\u011fal g\u00f6r\u00fcn\u00fcml\u00fc sonu\u00e7lar sa\u011flayan ameliyatlar. Bu yaz\u0131da endoskopik yanak kald\u0131rma i\u015flemini ayr\u0131nt\u0131l\u0131 olarak inceleyerek prosed\u00fcr\u00fcn\u00fc, avantajlar\u0131n\u0131, iyile\u015fmesini ve daha fazlas\u0131n\u0131 tart\u0131\u015faca\u011f\u0131z.<\/p><h2>1. Endoskopik Yanak Kald\u0131rma Nedir?<\/h2><p>Orta y\u00fcz germe veya endoskopik orta y\u00fcz germe olarak da bilinen endoskopik yanak germe, yanaklar\u0131n gen\u00e7 hatlar\u0131n\u0131 yeniden kazand\u0131rmak i\u00e7in tasarlanm\u0131\u015f bir cerrahi i\u015flemdir. Bu, bir kamera tak\u0131l\u0131 k\u00fc\u00e7\u00fck bir t\u00fcp olan endoskopun kullan\u0131m\u0131n\u0131 i\u00e7erir. <a href=\"https:\/\/www.dr-mfo.com\/tr\/\">Cerrah<\/a> altta yatan y\u00fcz dokular\u0131n\u0131n yeniden konumland\u0131r\u0131lmas\u0131 ve s\u0131k\u0131la\u015ft\u0131r\u0131lmas\u0131nda. Orta y\u00fcz b\u00f6lgesinin kald\u0131r\u0131lmas\u0131yla bu prosed\u00fcr yanak hacmini art\u0131rabilir, k\u0131r\u0131\u015f\u0131kl\u0131klar\u0131 d\u00fczeltebilir ve daha gen\u00e7 bir g\u00f6r\u00fcn\u00fcm yaratabilir.<\/p><h2>2. Prosed\u00fcr<\/h2><h3>2.1 Ameliyat \u00d6ncesi De\u011ferlendirme<\/h3><p>Endoskopik yanak germe operasyonuna ba\u015flamadan \u00f6nce hastalar, uzman bir plastik cerrahla ilk g\u00f6r\u00fc\u015fmeye tabi tutulacakt\u0131r. Bu kons\u00fcltasyon s\u0131ras\u0131nda cerrah hastan\u0131n genel sa\u011fl\u0131\u011f\u0131n\u0131 de\u011ferlendirecek, estetik hedeflerini tart\u0131\u015facak ve hastan\u0131n i\u015flem i\u00e7in uygun aday olup olmad\u0131\u011f\u0131na karar verecektir. Cerrah ayr\u0131ca ameliyat\u0131n potansiyel risklerini ve faydalar\u0131n\u0131 da a\u00e7\u0131klayarak hastan\u0131n ger\u00e7ek\u00e7i beklentilere sahip olmas\u0131n\u0131 sa\u011flayacakt\u0131r.<\/p><h3>2.2 Anestezi<\/h3><p>Endoskopik yanak germe ameliyat\u0131 genellikle genel anestezi veya intraven\u00f6z sedasyon alt\u0131nda yap\u0131l\u0131r. Anestezi se\u00e7imi cerrah\u0131n tercihine ve hastan\u0131n bireysel durumuna ba\u011fl\u0131d\u0131r.<\/p><h3>2.3 Kesiler<\/h3><p>Endoskopik yanak kald\u0131rma i\u015flemini ger\u00e7ekle\u015ftirmek i\u00e7in cerrah, sa\u00e7 \u00e7izgisi i\u00e7inde ve a\u011f\u0131z i\u00e7inde birka\u00e7 k\u00fc\u00e7\u00fck kesi yapacakt\u0131r. Bu kesiler g\u00f6r\u00fcn\u00fcr yara izini en aza indirecek \u015fekilde stratejik olarak yerle\u015ftirilir.<\/p><h3>2.4 Endoskopun Yerle\u015ftirilmesi<\/h3><p>Kesi yap\u0131ld\u0131ktan sonra cerrah endoskopu yerle\u015ftirecek ve altta yatan y\u00fcz yap\u0131lar\u0131n\u0131 ekranda g\u00f6r\u00fcnt\u00fclemesine olanak tan\u0131yacakt\u0131r. Bu teknoloji, doku travmas\u0131n\u0131 en aza indirirken hassas cerrahi manevralara olanak tan\u0131r.<\/p><h3>2.5 Dokunun Yeniden Konumland\u0131r\u0131lmas\u0131<\/h3><p>Cerrah, ek k\u00fc\u00e7\u00fck kesilerden yerle\u015ftirilen \u00f6zel aletler kullanarak alttaki y\u00fcz dokular\u0131n\u0131 kald\u0131racak ve yeniden konumland\u0131racakt\u0131r. Yanaklar da dahil olmak \u00fczere orta y\u00fcz b\u00f6lgesinin hacmini geri kazanmas\u0131 ve genel g\u00f6r\u00fcn\u00fcm\u00fc gen\u00e7le\u015ftirmesi hedeflenir.<\/p><h3>2.6 Kapatma<\/h3><p>Dokular yeniden konumland\u0131r\u0131ld\u0131ktan sonra cerrah diki\u015f kullanarak kesileri kapatacakt\u0131r. Baz\u0131 durumlarda diki\u015flerin al\u0131nmas\u0131 ihtiyac\u0131n\u0131 ortadan kald\u0131ran emilebilir diki\u015fler kullan\u0131labilir.<\/p><h2><img fetchpriority=\"high\" decoding=\"async\" class=\"alignnone size-large wp-image-6474\" src=\"https:\/\/www.dr-mfo.com\/wp-content\/uploads\/2023\/06\/endoscopic-cheek-lift-1024x576.webp\" alt=\"endoskopik yanak kald\u0131rma \" width=\"1024\" height=\"576\" srcset=\"https:\/\/www.dr-mfo.com\/wp-content\/uploads\/2023\/06\/endoscopic-cheek-lift-1024x576.webp 1024w, https:\/\/www.dr-mfo.com\/wp-content\/uploads\/2023\/06\/endoscopic-cheek-lift-300x169.webp 300w, https:\/\/www.dr-mfo.com\/wp-content\/uploads\/2023\/06\/endoscopic-cheek-lift-768x432.webp 768w, https:\/\/www.dr-mfo.com\/wp-content\/uploads\/2023\/06\/endoscopic-cheek-lift-1536x864.webp 1536w, https:\/\/www.dr-mfo.com\/wp-content\/uploads\/2023\/06\/endoscopic-cheek-lift-18x10.webp 18w, https:\/\/www.dr-mfo.com\/wp-content\/uploads\/2023\/06\/endoscopic-cheek-lift.webp 1920w\" sizes=\"(max-width: 1024px) 100vw, 1024px\" \/><\/h2><h2>3. Endoskopik Yanak Kald\u0131rman\u0131n Avantajlar\u0131<\/h2><p>Endoskopik yanak germe, geleneksel y\u00fcz germe ameliyatlar\u0131na k\u0131yasla \u00e7e\u015fitli avantajlar sunar:<\/p><ul><li><strong>Minimal invaziv:<\/strong> Prosed\u00fcr daha k\u00fc\u00e7\u00fck kesiler gerektirir, bu da yara izinin azalmas\u0131na ve iyile\u015fme s\u00fcrelerinin daha h\u0131zl\u0131 olmas\u0131na neden olur.<\/li><li><strong>Do\u011fal g\u00f6r\u00fcn\u00fcml\u00fc sonu\u00e7lar:<\/strong> Endoskopik teknik, dokular\u0131n hassas bir \u015fekilde yeniden konumland\u0131r\u0131lmas\u0131na olanak tan\u0131yarak daha gen\u00e7 ve do\u011fal bir g\u00f6r\u00fcn\u00fcm yarat\u0131r.<\/li><li><strong>Daha k\u0131sa kesinti s\u00fcresi:<\/strong> Hastalar genellikle ameliyat sonras\u0131 daha az \u015fi\u015flik, morarma ve rahats\u0131zl\u0131k hissederler, bu da onlar\u0131n normal aktivitelerine daha \u00e7abuk d\u00f6nmelerine olanak tan\u0131r.<\/li><li><strong>Uzun s\u00fcreli sonu\u00e7lar:<\/strong> Endoskopik yanak germe i\u015fleminin etkileri uzun y\u0131llar s\u00fcrebilir ve hastalara uzun s\u00fcreli y\u00fcz gen\u00e7le\u015ftirme olana\u011f\u0131 sa\u011flar.<\/li><\/ul><h2>4. \u0130yile\u015fme ve Sonras\u0131 Bak\u0131m<\/h2><p>Endoskopik yanak kald\u0131rma i\u015fleminden sonra hastalar nispeten sorunsuz bir iyile\u015fme s\u00fcreci bekleyebilirler. Ancak optimum iyile\u015fmeyi sa\u011flamak ve olas\u0131 komplikasyonlar\u0131 en aza indirmek i\u00e7in cerrah\u0131n talimatlar\u0131na uymak \u00f6nemlidir. Baz\u0131 \u00f6nemli noktalar <a href=\"https:\/\/www.dr-mfo.com\/tr\/turkey-ffs-surgery-advantages\/\">dikkate almak<\/a> iyile\u015fme d\u00f6neminde \u015funlar\u0131 i\u00e7erir:<\/p><ul><li><strong>Dinlenme ve iyile\u015fme:<\/strong> \u0130lk birka\u00e7 hafta bol bol dinlenerek ve yorucu aktivitelerden ka\u00e7\u0131narak v\u00fccudun iyile\u015fmesine izin vermek \u00e7ok \u00f6nemlidir.<\/li><li><strong>Ac\u0131 Y\u00f6netimi:<\/strong> Cerrah, iyile\u015fmenin ilk a\u015famalar\u0131nda herhangi bir rahats\u0131zl\u0131\u011f\u0131n giderilmesine yard\u0131mc\u0131 olmak i\u00e7in a\u011fr\u0131 kesici ila\u00e7 re\u00e7ete edebilir.<\/li><li><strong>\u015ei\u015fme ve morarma:<\/strong> \u0130\u015flemden sonra \u015fi\u015flik ve morarma s\u0131k g\u00f6r\u00fcl\u00fcr ancak zamanla yava\u015f yava\u015f azalacakt\u0131r. So\u011fuk kompres uygulamak ve ba\u015f\u0131 y\u00fcksekte tutmak bu semptomlar\u0131n azalt\u0131lmas\u0131na yard\u0131mc\u0131 olabilir.<\/li><li><strong>Takip randevular\u0131:<\/strong> Hastalar, ilerlemelerini izlemek ve endi\u015felerini veya sorular\u0131n\u0131 yan\u0131tlamak i\u00e7in cerrahla planlanm\u0131\u015f takip randevular\u0131 alacakt\u0131r.<\/li><\/ul><h2>6. Endoskopik Yanak Germe \u0130\u00e7in Neden T\u00fcrkiye&#039;yi Se\u00e7melisiniz?<\/h2><h3>6.1 Geli\u015fmi\u015f T\u0131bbi Tesisler<\/h3><p><a href=\"https:\/\/www.dr-mfo.com\/tr\/hidden-paradise-antalya-and-touristic-feautures\/\">T\u00fcrkiye<\/a> T\u00fcrkiye, en son teknolojiye sahip t\u0131bbi tesislere sahip, geli\u015fmi\u015f bir sa\u011fl\u0131k sistemine sahiptir. T\u00fcrkiye&#039;deki pek \u00e7ok tan\u0131nm\u0131\u015f klinik ve hastane, y\u00fcksek kalitede tedavi ve bak\u0131m sa\u011flayan endoskopik yanak germe prosed\u00fcrleri sunmaktad\u0131r.<\/p><h3>6.2 Deneyimli Plastik Cerrahlar<\/h3><p>T\u00fcrkiye, kozmetik prosed\u00fcrlerde uzmanla\u015fm\u0131\u015f yetenekli ve deneyimli plastik cerrahlar\u0131yla tan\u0131n\u0131yor. Bu cerrahlar, hastalara m\u00fckemmel sonu\u00e7lar sa\u011flayan, endoskopik yanak kald\u0131rma i\u015flemini ger\u00e7ekle\u015ftirme konusunda kapsaml\u0131 e\u011fitim ve uzmanl\u0131\u011fa sahiptir.<\/p><h3>6.3 Rekabet\u00e7i Fiyatland\u0131rma<\/h3><p>T\u00fcrkiye&#039;de endoskopik yanak germe i\u015flemleri di\u011fer \u00fclkelerle kar\u015f\u0131la\u015ft\u0131r\u0131ld\u0131\u011f\u0131nda \u00e7o\u011fu zaman kaliteden \u00f6d\u00fcn vermeden daha uygun fiyatlara ger\u00e7ekle\u015ftirilmektedir. Bu da T\u00fcrkiye&#039;yi uygun maliyetli kozmetik tedaviler arayan ki\u015filer i\u00e7in pop\u00fcler bir destinasyon haline getiriyor.<\/p><h3>6.4 Kombine Tedavi ve Turizm<\/h3><p>T\u00fcrkiye&#039;de endoskopik yanak germe yapt\u0131rman\u0131n benzersiz avantajlar\u0131ndan biri de i\u015flemi dinlendirici bir tatille birle\u015ftirme f\u0131rsat\u0131d\u0131r. T\u00fcrkiye, hastalar\u0131n iyile\u015fme d\u00f6nemlerinde \u00e7ok y\u00f6nl\u00fc bir deneyim ya\u015famalar\u0131na olanak tan\u0131yan \u00e7arp\u0131c\u0131 manzaralar, zengin k\u00fclt\u00fcr ve tarihi mekanlar sunmaktad\u0131r.<\/p><h2>7. T\u00fcrkiye&#039;de Do\u011fru Klini\u011fi Bulmak<\/h2><h3>7.1 Ara\u015ft\u0131rma ve \u00d6neriler<\/h3><p>T\u00fcrkiye&#039;de endoskopik yanak germe ameliyat\u0131 d\u00fc\u015f\u00fcn\u00fcrken sayg\u0131n klinikleri ve plastik cerrahlar\u0131 ara\u015ft\u0131rmak ve \u00f6neriler toplamak \u00e7ok \u00f6nemlidir. Olumlu hasta incelemelerine ve ba\u015far\u0131l\u0131 prosed\u00fcr ge\u00e7mi\u015fine sahip klinikleri aray\u0131n.<\/p><h3>7.2 Kimlik Bilgileri ve Akreditasyon<\/h3><p>Se\u00e7ti\u011finiz klini\u011fin ve plastik cerrah\u0131n uygun \u015fekilde lisansl\u0131 ve akredite oldu\u011fundan emin olun. Sayg\u0131n t\u0131bbi kurulu\u015flara ba\u011fl\u0131 olup olmad\u0131klar\u0131n\u0131 ve gerekli sertifika ve niteliklere sahip olup olmad\u0131klar\u0131n\u0131 kontrol edin.<\/p><h3>7.3 Dan\u0131\u015fma ve \u0130leti\u015fim<\/h3><p>Bir karar vermeden \u00f6nce se\u00e7ilen klinik ve plastik cerrahla bir g\u00f6r\u00fc\u015fme planlay\u0131n. Bu, estetik hedeflerinizi tart\u0131\u015fman\u0131za, her t\u00fcrl\u00fc soruyu sorman\u0131za ve cerrah\u0131n yakla\u015f\u0131m\u0131n\u0131 ve ileti\u015fim tarz\u0131n\u0131 de\u011ferlendirmenize olanak tan\u0131r.<\/p><h3>7.4 G\u00fcvenlik ve Hijyen Standartlar\u0131<\/h3><p>Uluslararas\u0131 standartlara uyduklar\u0131ndan emin olmak i\u00e7in klini\u011fin g\u00fcvenlik ve hijyen protokollerini \u00f6\u011frenin. Buna ekipman\u0131n sterilizasyonu, enfeksiyon kontrol \u00f6nlemleri ve genel temizlik dahildir.<\/p><h3>7.5 Takip Bak\u0131m\u0131 ve Destek<\/h3><p>Klinik taraf\u0131ndan sa\u011flanan ameliyat sonras\u0131 bak\u0131m ve deste\u011fi g\u00f6z \u00f6n\u00fcnde bulundurun. \u0130yile\u015fme s\u00fcreci boyunca d\u00fczenli takip randevular\u0131na sahip olmak ve t\u0131bbi tavsiye veya yard\u0131ma eri\u015fim \u00f6nemlidir.<\/p><p>Bu yeni ba\u015fl\u0131klar\u0131n eklenmesiyle makale, &quot;T\u00fcrkiye&#039;de Endoskopik Yanak Kald\u0131rma&quot; i\u015flemi i\u00e7in \u00f6zel olarak haz\u0131rlanm\u0131\u015f de\u011ferli bilgiler sunarak, i\u015flem i\u00e7in T\u00fcrkiye&#039;yi se\u00e7menin avantajlar\u0131n\u0131 ele al\u0131yor ve do\u011fru klini\u011fi bulma konusunda rehberlik sunuyor.<\/p><p><a href=\"https:\/\/www.dr-mfo.com\/wp-content\/uploads\/2023\/06\/xe87c_ovvo4.jpg\"><img decoding=\"async\" class=\"alignnone size-large wp-image-6473\" src=\"https:\/\/www.dr-mfo.com\/wp-content\/uploads\/2023\/06\/xe87c_ovvo4-1024x684.jpg\" alt=\"t\u00fcrkiye&#039;de endoskopik yanak germe\" width=\"1024\" height=\"684\" srcset=\"https:\/\/www.dr-mfo.com\/wp-content\/uploads\/2023\/06\/xe87c_ovvo4-1024x684.jpg 1024w, https:\/\/www.dr-mfo.com\/wp-content\/uploads\/2023\/06\/xe87c_ovvo4-300x200.jpg 300w, https:\/\/www.dr-mfo.com\/wp-content\/uploads\/2023\/06\/xe87c_ovvo4-768x513.jpg 768w, https:\/\/www.dr-mfo.com\/wp-content\/uploads\/2023\/06\/xe87c_ovvo4-1536x1025.jpg 1536w, https:\/\/www.dr-mfo.com\/wp-content\/uploads\/2023\/06\/xe87c_ovvo4-18x12.jpg 18w, https:\/\/www.dr-mfo.com\/wp-content\/uploads\/2023\/06\/xe87c_ovvo4.jpg 1600w\" sizes=\"(max-width: 1024px) 100vw, 1024px\" \/><\/a><\/p><h2>\u00c7\u00f6z\u00fcm<\/h2><p>Endoskopik yanak kald\u0131rma, y\u00fcz gen\u00e7le\u015ftirme i\u00e7in son derece etkili ve minimal invaziv bir i\u015flemdir. Hassas tekni\u011fi ve do\u011fal g\u00f6r\u00fcn\u00fcml\u00fc sonu\u00e7lar\u0131yla yanaklar\u0131na gen\u00e7 bir g\u00f6r\u00fcn\u00fcm kazand\u0131rmak isteyen ki\u015filer aras\u0131nda pop\u00fclerlik kazanm\u0131\u015ft\u0131r. Geli\u015fmi\u015f t\u0131bbi tesisleri, deneyimli plastik cerrahlar\u0131, rekabet\u00e7i fiyatlar\u0131 ve tedaviyi turizmle birle\u015ftirme f\u0131rsat\u0131yla T\u00fcrkiye, endoskopik yanak germe i\u015flemleri i\u00e7in uygun bir destinasyon olarak ortaya \u00e7\u0131km\u0131\u015ft\u0131r.<\/p><p>T\u00fcrkiye&#039;de endoskopik yanak germe ameliyat\u0131 d\u00fc\u015f\u00fcn\u00fcrken kapsaml\u0131 bir ara\u015ft\u0131rma yapmak, \u00f6neriler toplamak ve uygun bir se\u00e7enek se\u00e7mek \u00f6nemlidir. <a href=\"https:\/\/www.dr-mfo.com\/tr\/all-inclusive-ffs-surgery-package-in-turkey\/\">sayg\u0131n klinik<\/a> ve nitelikli plastik cerrah. Kons\u00fcltasyon s\u00fcreci s\u0131ras\u0131nda uygun kimlik bilgileri, g\u00fcvenlik standartlar\u0131 ve a\u00e7\u0131k ileti\u015fim sa\u011flanarak hastalar bilin\u00e7li kararlar verebilir ve y\u00fcksek kalitede bak\u0131m alabilir.<\/p><p>Optimum iyile\u015fme ve uzun s\u00fcreli sonu\u00e7lar i\u00e7in ameliyat sonras\u0131 talimatlar\u0131 takip etmek \u00e7ok \u00f6nemlidir. Bireysel deneyimler farkl\u0131l\u0131k g\u00f6sterse de endoskopik yanak germe, birka\u00e7 y\u0131l s\u00fcrebilen do\u011fal g\u00f6r\u00fcn\u00fcml\u00fc sonu\u00e7larla birlikte y\u00fcz g\u00f6r\u00fcn\u00fcm\u00fcnde \u00f6nemli bir iyile\u015fme sunar. Hastalar, bu i\u015flem i\u00e7in T\u00fcrkiye&#039;yi tercih ederek, yaln\u0131zca yetenekli cerrahlardan ve geli\u015fmi\u015f t\u0131bbi olanaklardan faydalanmakla kalm\u0131yor, ayn\u0131 zamanda iyile\u015fme d\u00f6nemlerinde de \u00fclkenin zengin k\u00fclt\u00fcr\u00fcn\u00fcn ve g\u00fczelliklerinin tad\u0131n\u0131 \u00e7\u0131karma f\u0131rsat\u0131na sahip oluyor.<\/p><p>Endoskopik yanak germe yapt\u0131rmay\u0131 d\u00fc\u015f\u00fcn\u00fcyorsan\u0131z, estetik hedeflerinizi tart\u0131\u015fmak, i\u015flemi ayr\u0131nt\u0131l\u0131 olarak anlamak ve sizin i\u00e7in do\u011fru se\u00e7enek olup olmad\u0131\u011f\u0131na karar vermek i\u00e7in T\u00fcrkiye&#039;de kalifiye bir plastik cerrahla g\u00f6r\u00fc\u015f\u00fcn. Ba\u015far\u0131l\u0131 ve tatmin edici bir deneyim sa\u011flamak, \u00f6zg\u00fcvenin artmas\u0131na ve gen\u00e7le\u015fmi\u015f bir g\u00f6r\u00fcn\u00fcme yol a\u00e7mak i\u00e7in gerekli ad\u0131mlar\u0131 at\u0131n.<\/p><p>Ziyaret edin\u00a0<a href=\"https:\/\/www.instagram.com\/dr_mfo\/\" target=\"_blank\" rel=\"nofollow noopener\">Dr.MFO Instagram profili<\/a> ba\u015far\u0131l\u0131 \u00f6rnekler i\u00e7in <a href=\"https:\/\/www.dr-mfo.com\/tr\/endoskopik-yanak-kaldirma\/\">Endoskopik Yanak Germe<\/a><\/p>\t\t\t\t\t\t\t\t<\/div>\n\t\t\t\t\t<\/div>\n\t\t<\/div>\n\t\t\t\t\t<\/div>\n\t\t<\/section>\n\t\t\t\t<section class=\"elementor-section elementor-top-section elementor-element elementor-element-e19c308 elementor-section-boxed elementor-section-height-default elementor-section-height-default\" data-id=\"e19c308\" data-element_type=\"section\" data-e-type=\"section\">\n\t\t\t\t\t\t<div class=\"elementor-container elementor-column-gap-default\">\n\t\t\t\t\t<div class=\"elementor-column elementor-col-100 elementor-top-column elementor-element elementor-element-abfdc19\" data-id=\"abfdc19\" data-element_type=\"column\" data-e-type=\"column\">\n\t\t\t<div class=\"elementor-widget-wrap elementor-element-populated\">\n\t\t\t\t\t\t<div class=\"elementor-element elementor-element-6d9cab2 elementor-widget elementor-widget-heading\" data-id=\"6d9cab2\" data-element_type=\"widget\" data-e-type=\"widget\" data-widget_type=\"heading.default\">\n\t\t\t\t\t<h2 class=\"elementor-heading-title elementor-size-default\">Endoskopik Yanak Germe Hakk\u0131nda SSS\n<\/h2>\t\t\t\t<\/div>\n\t\t\t\t<div class=\"elementor-element elementor-element-6967ca4 elementor-widget elementor-widget-accordion\" data-id=\"6967ca4\" data-element_type=\"widget\" data-e-type=\"widget\" data-widget_type=\"accordion.default\">\n\t\t\t\t\t\t\t<div class=\"elementor-accordion\">\n\t\t\t\t\t\t\t<div class=\"elementor-accordion-item\">\n\t\t\t\t\t<div id=\"elementor-tab-title-1101\" class=\"elementor-tab-title\" data-tab=\"1\" role=\"button\" aria-controls=\"elementor-tab-content-1101\" aria-expanded=\"false\">\n\t\t\t\t\t\t\t\t\t\t\t\t\t<span class=\"elementor-accordion-icon elementor-accordion-icon-left\" aria-hidden=\"true\">\n\t\t\t\t\t\t\t\t\t\t\t\t\t\t\t<span class=\"elementor-accordion-icon-closed\"><i class=\"fas fa-plus\"><\/i><\/span>\n\t\t\t\t\t\t\t\t<span class=\"elementor-accordion-icon-opened\"><i class=\"fas fa-minus\"><\/i><\/span>\n\t\t\t\t\t\t\t\t\t\t\t\t\t\t<\/span>\n\t\t\t\t\t\t\t\t\t\t\t\t<a class=\"elementor-accordion-title\" tabindex=\"0\">Endoskopik yanak germe herkese uygun mudur?<\/a>\n\t\t\t\t\t<\/div>\n\t\t\t\t\t<div id=\"elementor-tab-content-1101\" class=\"elementor-tab-content elementor-clearfix\" data-tab=\"1\" role=\"region\" aria-labelledby=\"elementor-tab-title-1101\"><p>Endoskopik yanak germe olduk\u00e7a etkili bir i\u015flem olmakla birlikte herkese uygun olmayabilir. Ciddi cilt gev\u015fekli\u011fi olan veya daha kapsaml\u0131 bir y\u00fcz gen\u00e7le\u015ftirmeye ihtiya\u00e7 duyan ki\u015filer alternatif i\u015flemlerden faydalanabilir. En uygun tedavi se\u00e7ene\u011finin belirlenmesi i\u00e7in alan\u0131nda uzman bir plastik cerraha dan\u0131\u015fman\u0131z en do\u011frusudur.<\/p><\/div>\n\t\t\t\t<\/div>\n\t\t\t\t\t\t\t<div class=\"elementor-accordion-item\">\n\t\t\t\t\t<div id=\"elementor-tab-title-1102\" class=\"elementor-tab-title\" data-tab=\"2\" role=\"button\" aria-controls=\"elementor-tab-content-1102\" aria-expanded=\"false\">\n\t\t\t\t\t\t\t\t\t\t\t\t\t<span class=\"elementor-accordion-icon elementor-accordion-icon-left\" aria-hidden=\"true\">\n\t\t\t\t\t\t\t\t\t\t\t\t\t\t\t<span class=\"elementor-accordion-icon-closed\"><i class=\"fas fa-plus\"><\/i><\/span>\n\t\t\t\t\t\t\t\t<span class=\"elementor-accordion-icon-opened\"><i class=\"fas fa-minus\"><\/i><\/span>\n\t\t\t\t\t\t\t\t\t\t\t\t\t\t<\/span>\n\t\t\t\t\t\t\t\t\t\t\t\t<a class=\"elementor-accordion-title\" tabindex=\"0\">Endoskopik yanak kald\u0131rmayla ili\u015fkili herhangi bir risk veya komplikasyon var m\u0131?<\/a>\n\t\t\t\t\t<\/div>\n\t\t\t\t\t<div id=\"elementor-tab-content-1102\" class=\"elementor-tab-content elementor-clearfix\" data-tab=\"2\" role=\"region\" aria-labelledby=\"elementor-tab-title-1102\"><p>Her cerrahi i\u015flemde oldu\u011fu gibi endoskopik yanak germe ameliyat\u0131n\u0131n da potansiyel riskleri ve komplikasyonlar\u0131 vard\u0131r. Bunlar enfeksiyon, kanama, yara izi, asimetri ve sinir yaralanmas\u0131n\u0131 i\u00e7erebilir. Ancak deneyimli ve kurul onayl\u0131 bir plastik cerrah\u0131n se\u00e7ilmesi ve ameliyat sonras\u0131 bak\u0131m talimatlar\u0131n\u0131n titizlikle takip edilmesiyle bu riskler en aza indirilebilir.<\/p><\/div>\n\t\t\t\t<\/div>\n\t\t\t\t\t\t\t<div class=\"elementor-accordion-item\">\n\t\t\t\t\t<div id=\"elementor-tab-title-1103\" class=\"elementor-tab-title\" data-tab=\"3\" role=\"button\" aria-controls=\"elementor-tab-content-1103\" aria-expanded=\"false\">\n\t\t\t\t\t\t\t\t\t\t\t\t\t<span class=\"elementor-accordion-icon elementor-accordion-icon-left\" aria-hidden=\"true\">\n\t\t\t\t\t\t\t\t\t\t\t\t\t\t\t<span class=\"elementor-accordion-icon-closed\"><i class=\"fas fa-plus\"><\/i><\/span>\n\t\t\t\t\t\t\t\t<span class=\"elementor-accordion-icon-opened\"><i class=\"fas fa-minus\"><\/i><\/span>\n\t\t\t\t\t\t\t\t\t\t\t\t\t\t<\/span>\n\t\t\t\t\t\t\t\t\t\t\t\t<a class=\"elementor-accordion-title\" tabindex=\"0\">\u0130yile\u015fme s\u00fcreci ne kadar s\u00fcrer?<\/a>\n\t\t\t\t\t<\/div>\n\t\t\t\t\t<div id=\"elementor-tab-content-1103\" class=\"elementor-tab-content elementor-clearfix\" data-tab=\"3\" role=\"region\" aria-labelledby=\"elementor-tab-title-1103\"><p>\u0130yile\u015fme s\u00fcresi hastadan hastaya de\u011fi\u015febilir. Ancak \u00e7o\u011fu ki\u015fi iki ila \u00fc\u00e7 hafta i\u00e7inde normal faaliyetlerine devam etmeyi bekleyebilir. \u0130yile\u015fmenin ilk a\u015famalar\u0131nda cerrah\u0131n talimatlar\u0131na uymak ve yorucu faaliyetlerden ka\u00e7\u0131nmak \u00f6nemlidir.<\/p><\/div>\n\t\t\t\t<\/div>\n\t\t\t\t\t\t\t<div class=\"elementor-accordion-item\">\n\t\t\t\t\t<div id=\"elementor-tab-title-1104\" class=\"elementor-tab-title\" data-tab=\"4\" role=\"button\" aria-controls=\"elementor-tab-content-1104\" aria-expanded=\"false\">\n\t\t\t\t\t\t\t\t\t\t\t\t\t<span class=\"elementor-accordion-icon elementor-accordion-icon-left\" aria-hidden=\"true\">\n\t\t\t\t\t\t\t\t\t\t\t\t\t\t\t<span class=\"elementor-accordion-icon-closed\"><i class=\"fas fa-plus\"><\/i><\/span>\n\t\t\t\t\t\t\t\t<span class=\"elementor-accordion-icon-opened\"><i class=\"fas fa-minus\"><\/i><\/span>\n\t\t\t\t\t\t\t\t\t\t\t\t\t\t<\/span>\n\t\t\t\t\t\t\t\t\t\t\t\t<a class=\"elementor-accordion-title\" tabindex=\"0\">Endoskopik yanak germe i\u015fleminin sonu\u00e7lar\u0131 do\u011fal g\u00f6r\u00fcnecek mi?<\/a>\n\t\t\t\t\t<\/div>\n\t\t\t\t\t<div id=\"elementor-tab-content-1104\" class=\"elementor-tab-content elementor-clearfix\" data-tab=\"4\" role=\"region\" aria-labelledby=\"elementor-tab-title-1104\"><p>Evet, endoskopik yanak germe i\u015fleminin en \u00f6nemli avantajlar\u0131ndan biri do\u011fal g\u00f6r\u00fcn\u00fcml\u00fc sonu\u00e7lar elde edebilmesidir. Y\u00fcz dokular\u0131n\u0131n hassas bir \u015fekilde yeniden konumland\u0131r\u0131lmas\u0131, bazen geleneksel y\u00fcz germe ameliyatlar\u0131yla ili\u015fkilendirilen &quot;\u00e7ekilmi\u015f&quot; veya &quot;gerilmi\u015f&quot; g\u00f6r\u00fcn\u00fcm olmadan daha dengeli ve gen\u00e7 bir g\u00f6r\u00fcn\u00fcme olanak tan\u0131r.<\/p><\/div>\n\t\t\t\t<\/div>\n\t\t\t\t\t\t\t<div class=\"elementor-accordion-item\">\n\t\t\t\t\t<div id=\"elementor-tab-title-1105\" class=\"elementor-tab-title\" data-tab=\"5\" role=\"button\" aria-controls=\"elementor-tab-content-1105\" aria-expanded=\"false\">\n\t\t\t\t\t\t\t\t\t\t\t\t\t<span class=\"elementor-accordion-icon elementor-accordion-icon-left\" aria-hidden=\"true\">\n\t\t\t\t\t\t\t\t\t\t\t\t\t\t\t<span class=\"elementor-accordion-icon-closed\"><i class=\"fas fa-plus\"><\/i><\/span>\n\t\t\t\t\t\t\t\t<span class=\"elementor-accordion-icon-opened\"><i class=\"fas fa-minus\"><\/i><\/span>\n\t\t\t\t\t\t\t\t\t\t\t\t\t\t<\/span>\n\t\t\t\t\t\t\t\t\t\t\t\t<a class=\"elementor-accordion-title\" tabindex=\"0\">Endoskopik yanak germe i\u015fleminin sonu\u00e7lar\u0131 ne kadar s\u00fcrer?<\/a>\n\t\t\t\t\t<\/div>\n\t\t\t\t\t<div id=\"elementor-tab-content-1105\" class=\"elementor-tab-content elementor-clearfix\" data-tab=\"5\" role=\"region\" aria-labelledby=\"elementor-tab-title-1105\"><p>\u0130\u015flem sonras\u0131 ya\u015flanma s\u00fcreci devam ederken, endoskopik yanak germe i\u015fleminin sonu\u00e7lar\u0131 birka\u00e7 y\u0131l s\u00fcrebilmektedir. Sonu\u00e7lar\u0131n kal\u0131c\u0131l\u0131\u011f\u0131, bireysel ya\u015flanma kal\u0131plar\u0131, cilt kalitesi ve ya\u015fam tarz\u0131 se\u00e7imleri gibi \u00e7e\u015fitli fakt\u00f6rlere ba\u011fl\u0131d\u0131r. Sa\u011fl\u0131kl\u0131 bir ya\u015fam tarz\u0131 ve cilt bak\u0131m\u0131 rutininin s\u00fcrd\u00fcr\u00fclmesi, i\u015flemin etkilerinin uzat\u0131lmas\u0131na yard\u0131mc\u0131 olabilir.<\/p><\/div>\n\t\t\t\t<\/div>\n\t\t\t\t\t\t\t\t<\/div>\n\t\t\t\t\t\t<\/div>\n\t\t\t\t\t<\/div>\n\t\t<\/div>\n\t\t\t\t\t<\/div>\n\t\t<\/section>\n\t\t\t\t<\/div>","protected":false},"excerpt":{"rendered":"<p>Endoscopic Cheek Lift In the quest for a more youthful appearance, many individuals turn to cosmetic procedures to address facial sagging and signs of aging. One such procedure gaining popularity is the endoscopic cheek lift. This minimally invasive technique offers numerous benefits compared to traditional facelift surgeries, providing natural-looking results with less downtime and scarring. [&hellip;]<\/p>\n","protected":false},"author":2,"featured_media":6472,"parent":0,"menu_order":0,"comment_status":"closed","ping_status":"closed","template":"","meta":{"_acf_changed":false,"footnotes":""},"class_list":["post-6468","page","type-page","status-publish","has-post-thumbnail","hentry"],"acf":[],"_links":{"self":[{"href":"https:\/\/www.dr-mfo.com\/tr\/wp-json\/wp\/v2\/pages\/6468","targetHints":{"allow":["GET"]}}],"collection":[{"href":"https:\/\/www.dr-mfo.com\/tr\/wp-json\/wp\/v2\/pages"}],"about":[{"href":"https:\/\/www.dr-mfo.com\/tr\/wp-json\/wp\/v2\/types\/page"}],"author":[{"embeddable":true,"href":"https:\/\/www.dr-mfo.com\/tr\/wp-json\/wp\/v2\/users\/2"}],"replies":[{"embeddable":true,"href":"https:\/\/www.dr-mfo.com\/tr\/wp-json\/wp\/v2\/comments?post=6468"}],"version-history":[{"count":0,"href":"https:\/\/www.dr-mfo.com\/tr\/wp-json\/wp\/v2\/pages\/6468\/revisions"}],"wp:featuredmedia":[{"embeddable":true,"href":"https:\/\/www.dr-mfo.com\/tr\/wp-json\/wp\/v2\/media\/6472"}],"wp:attachment":[{"href":"https:\/\/www.dr-mfo.com\/tr\/wp-json\/wp\/v2\/media?parent=6468"}],"curies":[{"name":"wp","href":"https:\/\/api.w.org\/{rel}","templated":true}]}}