{"id":6484,"date":"2023-06-05T20:39:37","date_gmt":"2023-06-05T19:39:37","guid":{"rendered":"https:\/\/www.dr-mfo.com\/?page_id=6484"},"modified":"2026-02-22T06:49:38","modified_gmt":"2026-02-22T06:49:38","slug":"endoskopik-temporal-lift","status":"publish","type":"page","link":"https:\/\/www.dr-mfo.com\/tr\/endoscopic-temporal-lift\/","title":{"rendered":"Endoskopik Temporal Kald\u0131rma"},"content":{"rendered":"<div data-elementor-type=\"wp-page\" data-elementor-id=\"6484\" class=\"elementor elementor-6484\">\n\t\t\t\t\t\t<section class=\"elementor-section elementor-top-section elementor-element elementor-element-72344eb elementor-section-boxed elementor-section-height-default elementor-section-height-default\" data-id=\"72344eb\" data-element_type=\"section\" data-e-type=\"section\">\n\t\t\t\t\t\t<div class=\"elementor-container elementor-column-gap-default\">\n\t\t\t\t\t<div class=\"elementor-column elementor-col-100 elementor-top-column elementor-element elementor-element-85d9b2a\" data-id=\"85d9b2a\" data-element_type=\"column\" data-e-type=\"column\">\n\t\t\t<div class=\"elementor-widget-wrap elementor-element-populated\">\n\t\t\t\t\t\t<div class=\"elementor-element elementor-element-0313f48 elementor-widget elementor-widget-heading\" data-id=\"0313f48\" data-element_type=\"widget\" data-e-type=\"widget\" data-widget_type=\"heading.default\">\n\t\t\t\t\t<h1 class=\"elementor-heading-title elementor-size-default\">Endoskopik Temporal Kald\u0131rma<\/h1>\t\t\t\t<\/div>\n\t\t\t\t<div class=\"elementor-element elementor-element-412e083 elementor-widget elementor-widget-text-editor\" data-id=\"412e083\" data-element_type=\"widget\" data-e-type=\"widget\" data-widget_type=\"text-editor.default\">\n\t\t\t\t\t\t\t\t\t<p>Daha gen\u00e7 ve gen\u00e7le\u015fmi\u015f bir g\u00f6r\u00fcn\u00fcm aray\u0131\u015f\u0131nda olan bir\u00e7ok ki\u015fi, ya\u015flanma belirtilerini giderebilecek kozmetik prosed\u00fcrler arar. Giderek daha pop\u00fcler hale gelen se\u00e7eneklerden biri endoskopik temporal kald\u0131rmad\u0131r. Bu yenilik\u00e7i teknik, \u015fakak b\u00f6lgesinin gen\u00e7le\u015ftirilmesi i\u00e7in minimal invazif bir \u00e7\u00f6z\u00fcm sunar. Bu yaz\u0131da endoskopik \u015fakak germe i\u015fleminin ayr\u0131nt\u0131lar\u0131na, say\u0131s\u0131z faydalar\u0131na, i\u015flemin kendisine ve iyile\u015fme s\u00fcrecine de\u011finece\u011fiz.<\/p><h2>Endoskopik Temporal Kald\u0131rmay\u0131 Anlamak<\/h2><h3>Endoskopik Temporal Kald\u0131rma Nedir?<\/h3><p>Endoskopik ka\u015f kald\u0131rma olarak da adland\u0131r\u0131lan endoskopik temporal kald\u0131rma, ka\u015flar\u0131n ve al\u0131n derisinin sarkmas\u0131n\u0131 veya sarkmas\u0131n\u0131 \u00f6nlemek i\u00e7in tasarlanm\u0131\u015f kozmetik bir i\u015flemdir. Geleneksel ka\u015f kald\u0131rma i\u015flemlerinden farkl\u0131 olarak bu prosed\u00fcr, geli\u015fmi\u015f endoskopik teknolojiyi kullanarak daha k\u00fc\u00e7\u00fck kesilere ve daha az yara izine olanak tan\u0131r.<\/p><h3>O nas\u0131l \u00e7al\u0131\u015f\u0131r?<\/h3><p>Endoskopik temporal kald\u0131rma s\u0131ras\u0131nda yetenekli bir <a href=\"https:\/\/www.dr-mfo.com\/tr\/\">Cerrah<\/a> sa\u00e7 \u00e7izgisi i\u00e7inde birka\u00e7 k\u00fc\u00e7\u00fck kesi yap\u0131l\u0131r. Bu k\u00fc\u00e7\u00fck a\u00e7\u0131kl\u0131klardan, altta yatan yap\u0131lar\u0131n net bir g\u00f6r\u00fcnt\u00fcs\u00fcn\u00fc sa\u011flamak i\u00e7in bir \u0131\u015f\u0131k ve kamerayla donat\u0131lm\u0131\u015f ince bir t\u00fcp olan bir endoskop yerle\u015ftirilir. Cerrah, \u00f6zel aletler kullanarak dokular\u0131 yeniden konumland\u0131rabilir, ka\u015flar\u0131 kald\u0131rabilir ve al\u0131ndaki k\u0131r\u0131\u015f\u0131kl\u0131klar\u0131 ve \u00e7izgileri d\u00fczeltebilir.<\/p><h2>Endoskopik Temporal Kald\u0131rman\u0131n Faydalar\u0131<\/h2><p>Endoskopik temporal kald\u0131rma, geleneksel ka\u015f kald\u0131rma tekniklerine g\u00f6re bir dizi avantaja sahiptir. Temel faydalardan baz\u0131lar\u0131n\u0131 inceleyelim:<\/p><h3>Minimal \u0130nvazif Yakla\u015f\u0131m<\/h3><p>Geleneksel ka\u015f kald\u0131rma i\u015flemleriyle kar\u015f\u0131la\u015ft\u0131r\u0131ld\u0131\u011f\u0131nda, endoskopik temporal kald\u0131rma minimal invazivdir. Cerrahlar, k\u00fc\u00e7\u00fck kesilerden ve endoskoptan faydalanarak prosed\u00fcr\u00fc daha hassas bir \u015fekilde ger\u00e7ekle\u015ftirebilir, komplikasyon riskini azaltabilir ve g\u00f6r\u00fcn\u00fcr yara izini en aza indirebilir.<\/p><h3>Do\u011fal G\u00f6r\u00fcn\u00fcml\u00fc Sonu\u00e7lar<\/h3><p>Endoskopik \u015fakak germe i\u015fleminin dikkat \u00e7eken \u00f6zelliklerinden biri de do\u011fal g\u00f6r\u00fcn\u00fcml\u00fc sonu\u00e7lar elde edebilmesidir. Bu teknik, cerrahlar\u0131n ka\u015flar\u0131n ve al\u0131n derisinin konumunda ince ayarlamalar yapmas\u0131na olanak tan\u0131yarak, hastan\u0131n benzersiz y\u00fcz \u00f6zelliklerini tamamlayan yenilenmi\u015f ve uyumlu bir g\u00f6r\u00fcn\u00fcm sa\u011flar.<\/p><h3>H\u0131zland\u0131r\u0131lm\u0131\u015f \u0130yile\u015fme S\u00fcresi<\/h3><p>Endoskopik \u015fakak kald\u0131rma, minimal invaziv yap\u0131s\u0131 nedeniyle, geleneksel ka\u015f kald\u0131rma i\u015flemlerine k\u0131yasla genellikle daha k\u0131sa bir iyile\u015fme s\u00fcresi gerektirir. Bireysel iyile\u015fme s\u00fcreleri farkl\u0131l\u0131k g\u00f6sterse de \u00e7o\u011fu hasta bir hafta i\u00e7inde g\u00fcnl\u00fck aktivitelerine devam edebilmektedir.<\/p><h2>Endoskopik Temporal Kald\u0131rma Prosed\u00fcr\u00fc<\/h2><h3>Ameliyat \u00d6ncesi Kons\u00fcltasyon<\/h3><p>Endoskopik \u015fakak germe ameliyat\u0131na girmeden \u00f6nce kalifiye bir plastik cerrahla kapsaml\u0131 bir kons\u00fcltasyon planlamak \u00e7ok \u00f6nemlidir. Bu kons\u00fcltasyon s\u0131ras\u0131nda cerrah y\u00fcz anatominizi de\u011ferlendirecek, estetik hedeflerinizi tart\u0131\u015facak ve i\u015fleme uygunlu\u011funuzu belirleyecektir.<\/p><h3>Anestezi<\/h3><p>Endoskopik temporal kald\u0131rma genellikle genel anestezi veya intraven\u00f6z sedasyon alt\u0131nda ger\u00e7ekle\u015ftirilir. Anestezi se\u00e7imi cerrah\u0131n tavsiyesine ve ki\u015fisel tercihlerinize ba\u011fl\u0131 olacakt\u0131r.<\/p><h3>Kesi Yerle\u015ftirme<\/h3><p>Prosed\u00fcr\u00fc ba\u015flatmak i\u00e7in cerrah stratejik olarak sa\u00e7 \u00e7izgisi i\u00e7inde birka\u00e7 k\u00fc\u00e7\u00fck kesi olu\u015fturur. Bu kesiler minimum g\u00f6r\u00fcn\u00fcrl\u00fck ve gizli yara izi sa\u011flamak i\u00e7in \u015fakak b\u00f6lgesinde dikkatli bir \u015fekilde konumland\u0131r\u0131l\u0131r.<\/p><h3>Endoskopun Yerle\u015ftirilmesi ve Doku Ayar\u0131<\/h3><p>Kesiler yap\u0131ld\u0131ktan sonra cerrah, tedavi alan\u0131n\u0131n net bir \u015fekilde g\u00f6r\u00fclebilmesini sa\u011flayan endoskopu yerle\u015ftirir. Cerrah, \u00f6zel cerrahi aletler kullanarak dokular\u0131 nazik\u00e7e ayarlar, ka\u015flar\u0131 yeniden konumland\u0131r\u0131r ve al\u0131ndaki mevcut k\u0131r\u0131\u015f\u0131kl\u0131klar\u0131 veya \u00e7izgileri d\u00fczeltir.<\/p><h3>Kapatma ve Kurtarma<\/h3><p>Gerekli ayarlamalar tamamland\u0131ktan sonra cerrah diki\u015f veya z\u0131mba kullanarak kesileri kapat\u0131r. Kesi yerlerini korumak i\u00e7in steril bir pansuman uygulan\u0131r. Hastalara, uygun yara bak\u0131m\u0131na ili\u015fkin k\u0131lavuzlar ve ilk iyile\u015fme d\u00f6neminde ka\u00e7\u0131n\u0131lmas\u0131 gereken faaliyetler de dahil olmak \u00fczere ameliyat sonras\u0131 talimatlar verilecektir.<\/p><p><a href=\"https:\/\/www.dr-mfo.com\/wp-content\/uploads\/2023\/06\/8307321.jpg\"><img fetchpriority=\"high\" decoding=\"async\" class=\"alignnone size-large wp-image-6497\" src=\"https:\/\/www.dr-mfo.com\/wp-content\/uploads\/2023\/06\/8307321-1024x683.jpg\" alt=\"T\u00fcrkiye&#039;de Endoskopik Temporal Kald\u0131rma\" width=\"1024\" height=\"683\" title=\"\" srcset=\"https:\/\/www.dr-mfo.com\/wp-content\/uploads\/2023\/06\/8307321-1024x683.jpg 1024w, https:\/\/www.dr-mfo.com\/wp-content\/uploads\/2023\/06\/8307321-300x200.jpg 300w, https:\/\/www.dr-mfo.com\/wp-content\/uploads\/2023\/06\/8307321-768x512.jpg 768w, https:\/\/www.dr-mfo.com\/wp-content\/uploads\/2023\/06\/8307321-1536x1024.jpg 1536w, https:\/\/www.dr-mfo.com\/wp-content\/uploads\/2023\/06\/8307321-18x12.jpg 18w, https:\/\/www.dr-mfo.com\/wp-content\/uploads\/2023\/06\/8307321.jpg 1600w\" sizes=\"(max-width: 1024px) 100vw, 1024px\" \/><\/a><\/p><h2>\u00c7\u00f6z\u00fcm<\/h2><p>Endoskopik temporal kald\u0131rma, \u015fakak b\u00f6lgesindeki ya\u015flanma belirtilerine y\u00f6nelik minimal invaziv bir \u00e7\u00f6z\u00fcm sunan \u00e7\u0131\u011f\u0131r a\u00e7\u0131c\u0131 bir prosed\u00fcr\u00fc temsil eder. Hassas tekni\u011fi ve do\u011fal g\u00f6r\u00fcn\u00fcml\u00fc sonu\u00e7lar \u00fcretme yetene\u011fi ile bu i\u015flem, daha gen\u00e7 ve canlanm\u0131\u015f bir g\u00f6r\u00fcn\u00fcm arayan ki\u015filer aras\u0131nda \u00f6nemli bir pop\u00fclerlik kazanm\u0131\u015ft\u0131r. Endoskopik \u015fakak germe, y\u00fcz \u00f6zelliklerinizi geli\u015ftirme ve g\u00fcven ve \u00f6zg\u00fcven duygusunu geri kazanma f\u0131rsat\u0131 sunar.<\/p><p>Ziyaret edin\u00a0<a href=\"https:\/\/www.instagram.com\/dr_mfo\/\" target=\"_blank\" rel=\"nofollow noopener\">Dr.MFO Instagram profili<\/a> ba\u015far\u0131l\u0131 \u00f6rnekler i\u00e7in <a href=\"https:\/\/www.dr-mfo.com\/tr\/endoscopic-temporal-lift-minimally-invasive-brow-lift\/\">Endoskopik Temporal Kald\u0131rma<\/a><\/p>\t\t\t\t\t\t\t\t<\/div>\n\t\t\t\t<div class=\"elementor-element elementor-element-83dbaf5 elementor-widget elementor-widget-heading\" data-id=\"83dbaf5\" data-element_type=\"widget\" data-e-type=\"widget\" data-widget_type=\"heading.default\">\n\t\t\t\t\t<h2 class=\"elementor-heading-title elementor-size-default\">S\u0131k\u00e7a Sorulan Sorular Endoskopik Temporal Kald\u0131rma<\/h2>\t\t\t\t<\/div>\n\t\t\t\t<div class=\"elementor-element elementor-element-57247f5 elementor-widget elementor-widget-accordion\" data-id=\"57247f5\" data-element_type=\"widget\" data-e-type=\"widget\" data-widget_type=\"accordion.default\">\n\t\t\t\t\t\t\t<div class=\"elementor-accordion\">\n\t\t\t\t\t\t\t<div class=\"elementor-accordion-item\">\n\t\t\t\t\t<div id=\"elementor-tab-title-9131\" class=\"elementor-tab-title\" data-tab=\"1\" role=\"button\" aria-controls=\"elementor-tab-content-9131\" aria-expanded=\"false\">\n\t\t\t\t\t\t\t\t\t\t\t\t\t<span class=\"elementor-accordion-icon elementor-accordion-icon-left\" aria-hidden=\"true\">\n\t\t\t\t\t\t\t\t\t\t\t\t\t\t\t<span class=\"elementor-accordion-icon-closed\"><i class=\"fas fa-plus\"><\/i><\/span>\n\t\t\t\t\t\t\t\t<span class=\"elementor-accordion-icon-opened\"><i class=\"fas fa-minus\"><\/i><\/span>\n\t\t\t\t\t\t\t\t\t\t\t\t\t\t<\/span>\n\t\t\t\t\t\t\t\t\t\t\t\t<a class=\"elementor-accordion-title\" tabindex=\"0\">Endoskopik \u015fakak germe ameliyat\u0131 i\u00e7in ideal ya\u015f nedir?<\/a>\n\t\t\t\t\t<\/div>\n\t\t\t\t\t<div id=\"elementor-tab-content-9131\" class=\"elementor-tab-content elementor-clearfix\" data-tab=\"1\" role=\"region\" aria-labelledby=\"elementor-tab-title-9131\"><p>Endoskopik temporal kald\u0131rma i\u00e7in ideal ya\u015f, bireysel fakt\u00f6rlere ve endi\u015felere ba\u011fl\u0131 olarak de\u011fi\u015fir. Uygun bir aday olup olmad\u0131\u011f\u0131n\u0131z\u0131 belirlemek i\u00e7in kalifiye bir plastik cerrahla g\u00f6r\u00fc\u015fmeniz en do\u011frusudur.<\/p><\/div>\n\t\t\t\t<\/div>\n\t\t\t\t\t\t\t<div class=\"elementor-accordion-item\">\n\t\t\t\t\t<div id=\"elementor-tab-title-9132\" class=\"elementor-tab-title\" data-tab=\"2\" role=\"button\" aria-controls=\"elementor-tab-content-9132\" aria-expanded=\"false\">\n\t\t\t\t\t\t\t\t\t\t\t\t\t<span class=\"elementor-accordion-icon elementor-accordion-icon-left\" aria-hidden=\"true\">\n\t\t\t\t\t\t\t\t\t\t\t\t\t\t\t<span class=\"elementor-accordion-icon-closed\"><i class=\"fas fa-plus\"><\/i><\/span>\n\t\t\t\t\t\t\t\t<span class=\"elementor-accordion-icon-opened\"><i class=\"fas fa-minus\"><\/i><\/span>\n\t\t\t\t\t\t\t\t\t\t\t\t\t\t<\/span>\n\t\t\t\t\t\t\t\t\t\t\t\t<a class=\"elementor-accordion-title\" tabindex=\"0\">Endoskopik temporal kald\u0131rma kal\u0131c\u0131 bir \u00e7\u00f6z\u00fcm m\u00fcd\u00fcr?<\/a>\n\t\t\t\t\t<\/div>\n\t\t\t\t\t<div id=\"elementor-tab-content-9132\" class=\"elementor-tab-content elementor-clearfix\" data-tab=\"2\" role=\"region\" aria-labelledby=\"elementor-tab-title-9132\"><p>Endoskopik \u015fakak germe uzun s\u00fcreli sonu\u00e7lar sa\u011flayabilirken do\u011fal ya\u015flanma s\u00fcreci de devam etmektedir. Bununla birlikte, prosed\u00fcr tap\u0131nak alan\u0131n\u0131 uzun y\u0131llar boyunca \u00f6nemli \u00f6l\u00e7\u00fcde gen\u00e7le\u015ftirebilir.<\/p><\/div>\n\t\t\t\t<\/div>\n\t\t\t\t\t\t\t<div class=\"elementor-accordion-item\">\n\t\t\t\t\t<div id=\"elementor-tab-title-9133\" class=\"elementor-tab-title\" data-tab=\"3\" role=\"button\" aria-controls=\"elementor-tab-content-9133\" aria-expanded=\"false\">\n\t\t\t\t\t\t\t\t\t\t\t\t\t<span class=\"elementor-accordion-icon elementor-accordion-icon-left\" aria-hidden=\"true\">\n\t\t\t\t\t\t\t\t\t\t\t\t\t\t\t<span class=\"elementor-accordion-icon-closed\"><i class=\"fas fa-plus\"><\/i><\/span>\n\t\t\t\t\t\t\t\t<span class=\"elementor-accordion-icon-opened\"><i class=\"fas fa-minus\"><\/i><\/span>\n\t\t\t\t\t\t\t\t\t\t\t\t\t\t<\/span>\n\t\t\t\t\t\t\t\t\t\t\t\t<a class=\"elementor-accordion-title\" tabindex=\"0\">Endoskopik temporal kald\u0131rma ile ili\u015fkili herhangi bir risk veya komplikasyon var m\u0131?<\/a>\n\t\t\t\t\t<\/div>\n\t\t\t\t\t<div id=\"elementor-tab-content-9133\" class=\"elementor-tab-content elementor-clearfix\" data-tab=\"3\" role=\"region\" aria-labelledby=\"elementor-tab-title-9133\"><p>Her cerrahi i\u015flemde oldu\u011fu gibi bu ameliyat\u0131n da kendine \u00f6zg\u00fc riskleri vard\u0131r. Ancak endoskopik \u015fakak germe ameliyat\u0131n\u0131n yetenekli ve deneyimli bir plastik cerrah taraf\u0131ndan yap\u0131ld\u0131\u011f\u0131nda genellikle g\u00fcvenli oldu\u011fu d\u00fc\u015f\u00fcn\u00fclmektedir.<\/p><\/div>\n\t\t\t\t<\/div>\n\t\t\t\t\t\t\t<div class=\"elementor-accordion-item\">\n\t\t\t\t\t<div id=\"elementor-tab-title-9134\" class=\"elementor-tab-title\" data-tab=\"4\" role=\"button\" aria-controls=\"elementor-tab-content-9134\" aria-expanded=\"false\">\n\t\t\t\t\t\t\t\t\t\t\t\t\t<span class=\"elementor-accordion-icon elementor-accordion-icon-left\" aria-hidden=\"true\">\n\t\t\t\t\t\t\t\t\t\t\t\t\t\t\t<span class=\"elementor-accordion-icon-closed\"><i class=\"fas fa-plus\"><\/i><\/span>\n\t\t\t\t\t\t\t\t<span class=\"elementor-accordion-icon-opened\"><i class=\"fas fa-minus\"><\/i><\/span>\n\t\t\t\t\t\t\t\t\t\t\t\t\t\t<\/span>\n\t\t\t\t\t\t\t\t\t\t\t\t<a class=\"elementor-accordion-title\" tabindex=\"0\">Endoskopik \u015fakak germe i\u015flemi s\u0131ras\u0131nda a\u011fr\u0131 hisseder miyim?<\/a>\n\t\t\t\t\t<\/div>\n\t\t\t\t\t<div id=\"elementor-tab-content-9134\" class=\"elementor-tab-content elementor-clearfix\" data-tab=\"4\" role=\"region\" aria-labelledby=\"elementor-tab-title-9134\"><p>\u0130\u015flem genellikle anestezi alt\u0131nda ger\u00e7ekle\u015ftirilir ve ameliyat boyunca rahat ve a\u011fr\u0131s\u0131z kalman\u0131z\u0131 sa\u011flar. Ameliyat sonras\u0131 baz\u0131 rahats\u0131zl\u0131klar meydana gelebilir, ancak herhangi bir a\u011fr\u0131n\u0131n giderilmesi i\u00e7in ila\u00e7 verilecektir.<\/p><\/div>\n\t\t\t\t<\/div>\n\t\t\t\t\t\t\t<div class=\"elementor-accordion-item\">\n\t\t\t\t\t<div id=\"elementor-tab-title-9135\" class=\"elementor-tab-title\" data-tab=\"5\" role=\"button\" aria-controls=\"elementor-tab-content-9135\" aria-expanded=\"false\">\n\t\t\t\t\t\t\t\t\t\t\t\t\t<span class=\"elementor-accordion-icon elementor-accordion-icon-left\" aria-hidden=\"true\">\n\t\t\t\t\t\t\t\t\t\t\t\t\t\t\t<span class=\"elementor-accordion-icon-closed\"><i class=\"fas fa-plus\"><\/i><\/span>\n\t\t\t\t\t\t\t\t<span class=\"elementor-accordion-icon-opened\"><i class=\"fas fa-minus\"><\/i><\/span>\n\t\t\t\t\t\t\t\t\t\t\t\t\t\t<\/span>\n\t\t\t\t\t\t\t\t\t\t\t\t<a class=\"elementor-accordion-title\" tabindex=\"0\">Endoskopik temporal kald\u0131rman\u0131n sonu\u00e7lar\u0131 ne kadar s\u00fcrer?<\/a>\n\t\t\t\t\t<\/div>\n\t\t\t\t\t<div id=\"elementor-tab-content-9135\" class=\"elementor-tab-content elementor-clearfix\" data-tab=\"5\" role=\"region\" aria-labelledby=\"elementor-tab-title-9135\"><p>Endoskopik temporal kald\u0131rma i\u015fleminin sonu\u00e7lar\u0131 birka\u00e7 y\u0131l s\u00fcrebilir. Ancak genetik, ya\u015fam tarz\u0131 se\u00e7imleri ve do\u011fal ya\u015flanma s\u00fcreci gibi bireysel fakt\u00f6rler sonu\u00e7lar\u0131n s\u00fcresini etkileyebilir.<\/p><\/div>\n\t\t\t\t<\/div>\n\t\t\t\t\t\t\t\t<\/div>\n\t\t\t\t\t\t<\/div>\n\t\t\t\t\t<\/div>\n\t\t<\/div>\n\t\t\t\t\t<\/div>\n\t\t<\/section>\n\t\t\t\t<\/div>","protected":false},"excerpt":{"rendered":"<p>Endoscopic Temporal Lift In the pursuit of a more youthful and rejuvenated appearance, many individuals seek out cosmetic procedures that can address signs of aging. One increasingly popular option is the endoscopic temporal lift. This innovative technique provides a minimally invasive solution for rejuvenating the temple area. In this article, we will delve into the [&hellip;]<\/p>\n","protected":false},"author":2,"featured_media":6493,"parent":0,"menu_order":0,"comment_status":"closed","ping_status":"closed","template":"","meta":{"_acf_changed":false,"footnotes":""},"class_list":["post-6484","page","type-page","status-publish","has-post-thumbnail","hentry"],"acf":[],"_links":{"self":[{"href":"https:\/\/www.dr-mfo.com\/tr\/wp-json\/wp\/v2\/pages\/6484","targetHints":{"allow":["GET"]}}],"collection":[{"href":"https:\/\/www.dr-mfo.com\/tr\/wp-json\/wp\/v2\/pages"}],"about":[{"href":"https:\/\/www.dr-mfo.com\/tr\/wp-json\/wp\/v2\/types\/page"}],"author":[{"embeddable":true,"href":"https:\/\/www.dr-mfo.com\/tr\/wp-json\/wp\/v2\/users\/2"}],"replies":[{"embeddable":true,"href":"https:\/\/www.dr-mfo.com\/tr\/wp-json\/wp\/v2\/comments?post=6484"}],"version-history":[{"count":0,"href":"https:\/\/www.dr-mfo.com\/tr\/wp-json\/wp\/v2\/pages\/6484\/revisions"}],"wp:featuredmedia":[{"embeddable":true,"href":"https:\/\/www.dr-mfo.com\/tr\/wp-json\/wp\/v2\/media\/6493"}],"wp:attachment":[{"href":"https:\/\/www.dr-mfo.com\/tr\/wp-json\/wp\/v2\/media?parent=6484"}],"curies":[{"name":"wp","href":"https:\/\/api.w.org\/{rel}","templated":true}]}}