{"id":6507,"date":"2023-06-06T11:07:28","date_gmt":"2023-06-06T10:07:28","guid":{"rendered":"https:\/\/www.dr-mfo.com\/?page_id=6507"},"modified":"2026-03-18T13:35:44","modified_gmt":"2026-03-18T13:35:44","slug":"vucut-feminizasyon-ameliyati","status":"publish","type":"page","link":"https:\/\/www.dr-mfo.com\/tr\/body-feminization-surgery\/","title":{"rendered":"V\u00fccut Di\u015file\u015ftirme Ameliyat\u0131"},"content":{"rendered":"<div data-elementor-type=\"wp-page\" data-elementor-id=\"6507\" class=\"elementor elementor-6507\">\n\t\t\t\t\t\t<section class=\"elementor-section elementor-top-section elementor-element elementor-element-773d5f44 elementor-section-boxed elementor-section-height-default elementor-section-height-default\" data-id=\"773d5f44\" data-element_type=\"section\" data-e-type=\"section\">\n\t\t\t\t\t\t<div class=\"elementor-container elementor-column-gap-default\">\n\t\t\t\t\t<div class=\"elementor-column elementor-col-100 elementor-top-column elementor-element elementor-element-13c29787\" data-id=\"13c29787\" data-element_type=\"column\" data-e-type=\"column\">\n\t\t\t<div class=\"elementor-widget-wrap elementor-element-populated\">\n\t\t\t\t\t\t<div class=\"elementor-element elementor-element-294f0bab elementor-widget elementor-widget-text-editor\" data-id=\"294f0bab\" data-element_type=\"widget\" data-e-type=\"widget\" data-widget_type=\"text-editor.default\">\n\t\t\t\t\t\t\t\t\t<p>Bireylerin arzu ettikleri feminen esteti\u011fi elde etmelerine yard\u0131mc\u0131 olmak i\u00e7in mevcut d\u00f6n\u00fc\u015ft\u00fcr\u00fcc\u00fc prosed\u00fcrleri inceledi\u011fimiz v\u00fccut feminizasyonu cerrahisi hakk\u0131ndaki kapsaml\u0131 rehberimize ho\u015f geldiniz. Uzman ekibimiz size bu cerrahi yolculu\u011fun \u00e7e\u015fitli y\u00f6nlerine ili\u015fkin de\u011ferli bilgiler sunmak i\u00e7in burada.<\/p><h2>V\u00fccut Feminizasyon Cerrahisini Anlamak<\/h2><h3>V\u00fccut Di\u015file\u015ftirme Ameliyat\u0131 Nedir?<\/h3><p>V\u00fccut feminizasyon cerrahisi, erkekten kad\u0131na (MTF) v\u00fccut \u015fekillendirme cerrahisi olarak da bilinir ve yard\u0131mc\u0131 olmak i\u00e7in tasarlanm\u0131\u015f bir dizi prosed\u00fcr\u00fc kapsar. <a href=\"https:\/\/www.dr-mfo.com\/tr\/facial-aesthetic-procedures-for-transgender-women\/\">transgender kad\u0131nlar<\/a> ve do\u011fumda erkek olarak atanan ki\u015filer (AMAB) fiziksel g\u00f6r\u00fcn\u00fcmlerini cinsiyet kimlikleriyle uyumlu hale getirir. Bu d\u00f6n\u00fc\u015f\u00fcm s\u00fcreci, v\u00fccudun belirli b\u00f6lgelerini ele almak \u00fczere uyarlanm\u0131\u015f \u00e7e\u015fitli prosed\u00fcrleri i\u00e7erebilir.<\/p><h3>V\u00fccut Di\u015file\u015ftirme Ameliyat\u0131n\u0131n \u00d6nemi<\/h3><p>Transseks\u00fcel kad\u0131nlar ve transgender spektrumdaki bireyler i\u00e7in, v\u00fccut feminizasyon ameliyat\u0131 cinsiyet onaylama s\u00fcrecinde \u00e7ok \u00f6nemli bir rol oynuyor. Fiziksel \u00f6zelliklerini kendi alg\u0131lad\u0131klar\u0131 kimlikle uyumlu hale getirme f\u0131rsat\u0131 sunarak cinsiyet ho\u015fnutsuzlu\u011funu hafifletmeye ve genel refah\u0131 art\u0131rmaya yard\u0131mc\u0131 olur.<\/p><h3>Mevcut Prosed\u00fcrler<\/h3><h4>1. Meme B\u00fcy\u00fctme<\/h4><p><a href=\"https:\/\/www.dr-mfo.com\/tr\/breast-augmentation\/\">Meme b\u00fcy\u00fctme<\/a> Meme b\u00fcy\u00fctme, meme boyutunun ve \u015feklinin artt\u0131r\u0131lmas\u0131n\u0131 i\u00e7eren pop\u00fcler bir i\u015flemdir. Bu, bireysel tercihlere ve anatomik hususlara ba\u011fl\u0131 olarak meme implantlar\u0131 veya ya\u011f transferi tekniklerinin kullan\u0131lmas\u0131yla ba\u015far\u0131labilir.<\/p><h4>2. V\u00fccut \u015eekillendirme<\/h4><p>V\u00fccut \u015fekillendirme prosed\u00fcrleri kad\u0131ns\u0131 k\u0131vr\u0131mlar\u0131 ve oranlar\u0131 geli\u015ftirmeyi ama\u00e7lar. Bu \u015funlar\u0131 i\u00e7erebilir <a href=\"https:\/\/www.dr-mfo.com\/tr\/liposuction\/\">liposuction<\/a> bel, kal\u00e7a ve kar\u0131n gibi b\u00f6lgelerdeki fazla ya\u011f\u0131n al\u0131nmas\u0131 veya kal\u00e7a veya kal\u00e7a k\u0131vr\u0131mlar\u0131n\u0131n iyile\u015ftirilmesi i\u00e7in ya\u011f transferi.<\/p><h4>3. Y\u00fcz Di\u015file\u015ftirme Ameliyat\u0131<\/h4><p><a href=\"https:\/\/www.dr-mfo.com\/tr\/ffs-yuz-feminizasyon-ameliyati\/\">Y\u00fcz feminizasyon ameliyat\u0131<\/a> ) daha kad\u0131ns\u0131 bir g\u00f6r\u00fcn\u00fcm yaratmak i\u00e7in y\u00fcz \u00f6zelliklerinin yeniden \u015fekillendirilmesine odaklan\u0131r. Bu, a\u015fa\u011f\u0131daki gibi prosed\u00fcrleri i\u00e7erebilir: <a href=\"https:\/\/www.dr-mfo.com\/tr\/nose-job-rhinoplasty\/\">burun esteti\u011fi<\/a> (burun yeniden \u015fekillendirme), ka\u015f kald\u0131rma, \u00e7ene \u015fekillendirme ve dudak b\u00fcy\u00fctme ve di\u011ferleri.<\/p><h4>4. Ses Di\u015file\u015ftirme Ameliyat\u0131<\/h4><p>Ses feminizasyonu ameliyat\u0131, seslerini cinsiyet kimlikleriyle uyumlu daha y\u00fcksek bir perdeye de\u011fi\u015ftirmek isteyen ki\u015filer i\u00e7in bir se\u00e7enektir. Bu prosed\u00fcr genellikle daha do\u011fal g\u00f6r\u00fcnen sonu\u00e7lar elde etmek i\u00e7in konu\u015fma terapisiyle birle\u015ftirilir.<\/p><h4>5. Genital Rekonstr\u00fcksiyon Cerrahisi<\/h4><p>Vajinoplasti olarak da bilinen genital rekonstr\u00fcksiyon ameliyat\u0131, kad\u0131n cinsel organ\u0131n\u0131n olu\u015fturulmas\u0131n\u0131 i\u00e7eren karma\u015f\u0131k bir cerrahi i\u015flemdir. Bu d\u00f6n\u00fc\u015ft\u00fcr\u00fcc\u00fc ameliyat, bireyin fiziksel bedeninin cinsiyet kimli\u011fiyle uyumlu hale getirilmesinde \u00f6nemli bir rol oynayabilir.<\/p><p>\u00a0<\/p>\t\t\t\t\t\t\t\t<\/div>\n\t\t\t\t\t<\/div>\n\t\t<\/div>\n\t\t\t\t\t<\/div>\n\t\t<\/section>\n\t\t\t\t<section class=\"elementor-section elementor-top-section elementor-element elementor-element-86cf1fa elementor-section-boxed elementor-section-height-default elementor-section-height-default\" data-id=\"86cf1fa\" data-element_type=\"section\" data-e-type=\"section\">\n\t\t\t\t\t\t<div class=\"elementor-container elementor-column-gap-default\">\n\t\t\t\t\t<div class=\"elementor-column elementor-col-50 elementor-top-column elementor-element elementor-element-84fdc24\" data-id=\"84fdc24\" data-element_type=\"column\" data-e-type=\"column\">\n\t\t\t<div class=\"elementor-widget-wrap elementor-element-populated\">\n\t\t\t\t\t\t<div class=\"elementor-element elementor-element-9db1401 elementor-widget elementor-widget-image\" data-id=\"9db1401\" data-element_type=\"widget\" data-e-type=\"widget\" data-widget_type=\"image.default\">\n\t\t\t\t\t\t\t\t\t\t\t\t\t\t\t<img fetchpriority=\"high\" decoding=\"async\" width=\"683\" height=\"1024\" src=\"https:\/\/www.dr-mfo.com\/wp-content\/uploads\/2023\/06\/hyrajjv6klw-683x1024.jpg\" class=\"attachment-large size-large wp-image-6513\" alt=\"V\u00fccut Feminizasyon Cerrahisi: G\u00f6vde Liposuction ve Kal\u00e7a B\u00fcy\u00fctme ile \u0130deal V\u00fccut \u015eeklinize Ula\u015f\u0131n\" srcset=\"https:\/\/www.dr-mfo.com\/wp-content\/uploads\/2023\/06\/hyrajjv6klw-683x1024.jpg 683w, https:\/\/www.dr-mfo.com\/wp-content\/uploads\/2023\/06\/hyrajjv6klw-200x300.jpg 200w, https:\/\/www.dr-mfo.com\/wp-content\/uploads\/2023\/06\/hyrajjv6klw-768x1152.jpg 768w, https:\/\/www.dr-mfo.com\/wp-content\/uploads\/2023\/06\/hyrajjv6klw-8x12.jpg 8w, https:\/\/www.dr-mfo.com\/wp-content\/uploads\/2023\/06\/hyrajjv6klw.jpg 800w\" sizes=\"(max-width: 683px) 100vw, 683px\" title=\"\">\t\t\t\t\t\t\t\t\t\t\t\t\t\t\t<\/div>\n\t\t\t\t\t<\/div>\n\t\t<\/div>\n\t\t\t\t<div class=\"elementor-column elementor-col-50 elementor-top-column elementor-element elementor-element-e2e294f\" data-id=\"e2e294f\" data-element_type=\"column\" data-e-type=\"column\">\n\t\t\t<div class=\"elementor-widget-wrap elementor-element-populated\">\n\t\t\t\t\t\t<div class=\"elementor-element elementor-element-34b8f58 elementor-widget elementor-widget-text-editor\" data-id=\"34b8f58\" data-element_type=\"widget\" data-e-type=\"widget\" data-widget_type=\"text-editor.default\">\n\t\t\t\t\t\t\t\t\t<h2>Hormonlar\u0131n G\u00fcc\u00fc: \u00d6strojen ve Testosteron<\/h2><p>\u00d6strojen ve testosteron, v\u00fccudumuzun fiziksel \u00f6zelliklerini \u015fekillendirmede \u00e7ok \u00f6nemli roller oynar. Her iki hormon da erkeklerde ve kad\u0131nlarda mevcut olsa da, kad\u0131nlar do\u011fal olarak daha y\u00fcksek \u00f6strojen seviyelerine sahiptir. Bu hormon g\u00f6\u011f\u00fcsler, v\u00fccut k\u0131llar\u0131n\u0131n azalmas\u0131 ve ya\u011f\u0131n belirli b\u00f6lgelere da\u011f\u0131lmas\u0131 gibi kad\u0131ns\u0131 \u00f6zelliklerden sorumludur. \u00d6rne\u011fin, genetik kad\u0131nlar v\u00fccut ya\u011flar\u0131n\u0131 kal\u00e7alar\u0131nda, uyluklar\u0131nda ve kal\u00e7alar\u0131nda depolama e\u011filimindedir ve bu da <a href=\"https:\/\/www.dr-mfo.com\/tr\/which-female-face-shape-is-most-attractive\/\">\u00e7ekici<\/a> bel-kal\u00e7a oran\u0131 0,7'dir. \u00d6te yandan, genetik erkekler bel ve kar\u0131n \u00e7evresinde a\u011f\u0131rl\u0131k ta\u015f\u0131ma e\u011filimindedir ve bu da 0,9'luk daha az arzu edilen bir bel-kal\u00e7a oran\u0131na neden olur.<\/p><p>Baz\u0131 trans kad\u0131nlar i\u00e7in hormon tedavisi, v\u00fccut ya\u011f da\u011f\u0131l\u0131m\u0131n\u0131 de\u011fi\u015ftirmeye ve daha kad\u0131ns\u0131 bir v\u00fccut hatlar\u0131 olu\u015fturmaya yard\u0131mc\u0131 olabilir. Bu yakla\u015f\u0131m, y\u0131llar boyunca \u00f6nemli d\u00fczeyde testosterona maruz kalmad\u0131klar\u0131 i\u00e7in, ergenlik \u00e7a\u011f\u0131nda veya yirmili ya\u015flar\u0131n ba\u015f\u0131nda ge\u00e7i\u015f yapmaya ba\u015flayanlar i\u00e7in \u00f6zellikle etkilidir. Bununla birlikte, ya\u015fl\u0131 trans kad\u0131nlar veya belirgin bir kum saati \u015fekli arayanlar, arzu ettikleri sonu\u00e7lara ula\u015fmak i\u00e7in v\u00fccut feminizasyon ameliyat\u0131 gibi ek m\u00fcdahalelere ihtiya\u00e7 duyabilirler.<\/p><h2>Kad\u0131n Formunun Tan\u0131mlay\u0131c\u0131 \u00d6zellikleri<\/h2><p>Kad\u0131n formunun \u00e7ekicili\u011fine katk\u0131da bulunan \u00fc\u00e7 tan\u0131mlay\u0131c\u0131 \u00f6zelli\u011fi vard\u0131r: g\u00f6\u011f\u00fcsler, yuvarlak kal\u00e7alar ve d\u00fc\u015f\u00fck bel-kal\u00e7a oran\u0131. Bunlar aras\u0131nda s\u0131kl\u0131kla \u201cBrezilya popo kald\u0131rma\u201d olarak adland\u0131r\u0131lan kal\u00e7a b\u00fcy\u00fctme, d\u00fczg\u00fcn ve kad\u0131ns\u0131 bir kal\u00e7a elde etmek i\u00e7in tercih edilen bir i\u015flemdir. Tipik olarak \u00e7\u0131k\u0131nt\u0131s\u0131 olmayan ve yan b\u00f6lgelerinde daha fazla ya\u011f bulunan erkek kal\u00e7alar\u0131n\u0131n aksine, kad\u0131n kal\u00e7alar\u0131 daha yuvarlak, daha dolgun olma e\u011filimindedir ve zarif bir &quot;s e\u011frisi&quot; siluetine sahiptir.<\/p><p>The <a href=\"https:\/\/www.dr-mfo.com\/tr\/brazilian-butt-bbl\/\">Brezilya poposu<\/a> Kald\u0131rma prosed\u00fcr\u00fc, ya\u011f transferi yoluyla kal\u00e7a b\u00fcy\u00fctmeye do\u011fal ve daha az invaziv bir yakla\u015f\u0131m sunar. Ameliyat s\u0131ras\u0131nda \u00f6ncelikle bel gibi istenmeyen b\u00f6lgelerden liposuction y\u00f6ntemiyle ya\u011flar al\u0131n\u0131r. \u00c7\u0131kar\u0131lan ya\u011flar daha sonra safla\u015ft\u0131r\u0131l\u0131r ve \u015feklinin, projeksiyonunun ve genel g\u00f6r\u00fcn\u00fcm\u00fcn\u00fcn iyile\u015ftirilmesi i\u00e7in kal\u00e7alara dikkatlice enjekte edilir. Brezilya poposu esteti\u011fi hastan\u0131n kendi ya\u011f\u0131n\u0131 kullanarak g\u00fcvenli ve g\u00fczel sonu\u00e7lar al\u0131nmas\u0131n\u0131 sa\u011flar.<\/p>\t\t\t\t\t\t\t\t<\/div>\n\t\t\t\t\t<\/div>\n\t\t<\/div>\n\t\t\t\t\t<\/div>\n\t\t<\/section>\n\t\t\t\t<section class=\"elementor-section elementor-top-section elementor-element elementor-element-77360c2 elementor-section-boxed elementor-section-height-default elementor-section-height-default\" data-id=\"77360c2\" data-element_type=\"section\" data-e-type=\"section\">\n\t\t\t\t\t\t<div class=\"elementor-container elementor-column-gap-default\">\n\t\t\t\t\t<div class=\"elementor-column elementor-col-50 elementor-top-column elementor-element elementor-element-d207a1a\" data-id=\"d207a1a\" data-element_type=\"column\" data-e-type=\"column\">\n\t\t\t<div class=\"elementor-widget-wrap elementor-element-populated\">\n\t\t\t\t\t\t<div class=\"elementor-element elementor-element-bda0c6e elementor-widget elementor-widget-text-editor\" data-id=\"bda0c6e\" data-element_type=\"widget\" data-e-type=\"widget\" data-widget_type=\"text-editor.default\">\n\t\t\t\t\t\t\t\t\t<h2>G\u00fcvenli ve Etkili: Brezilya Popo Kald\u0131rma Prosed\u00fcr\u00fc<\/h2><p>Brezilya poposu esteti\u011fi, d\u00fc\u015f\u00fck komplikasyon riskiyle olduk\u00e7a g\u00fcvenli bir i\u015flem olarak kabul ediliyor. Asl\u0131nda s\u0131kl\u0131kla bilin\u00e7li sedasyon kullan\u0131larak yap\u0131l\u0131r, bu da hastan\u0131n ameliyat s\u0131ras\u0131nda uyan\u0131k ama rahat kalmas\u0131n\u0131 sa\u011flar. \u0130\u015flemde kullan\u0131lan ya\u011f transferi tekni\u011fi, do\u011fal g\u00f6r\u00fcn\u00fcml\u00fc sonu\u00e7larla g\u00fcvenli bir iyile\u015ftirme se\u00e7ene\u011fi sunar. <a href=\"https:\/\/www.dr-mfo.com\/tr\/\">Cerrah<\/a> g\u00f6vde liposuction&#039;\u0131 ile bel b\u00f6lgesindeki ya\u011flar\u0131 al\u0131r, beli inceltir ve daha kad\u0131ns\u0131 bir kontur yarat\u0131r. \u00c7\u0131kar\u0131lan ya\u011f daha sonra kal\u00e7alara dikkatlice enjekte edilir ve istenen hacim ve \u015fekil sa\u011flan\u0131r.<\/p><p>\u0130yile\u015fme d\u00f6neminde hastalarda ge\u00e7ici \u015fi\u015flik, morarma ve rahats\u0131zl\u0131k hissi ya\u015fanabilir. Enjekte edilen ya\u011f\u0131n bir k\u0131sm\u0131n\u0131n v\u00fccut taraf\u0131ndan yeniden emilebilece\u011fini unutmamak \u00f6nemlidir; bu nedenle cerrahlar bu etkiyi telafi etmek i\u00e7in kal\u00e7alar\u0131 hafif\u00e7e &quot;a\u015f\u0131r\u0131 doldurabilir&quot;. Ciddi komplikasyonlar nadir olmakla birlikte potansiyel riskler aras\u0131nda kanama, s\u0131v\u0131 birikmesi, enfeksiyon veya yara izi yer al\u0131r. \u00c7ok zay\u0131f hastalar\u0131n transfer i\u00e7in yeterli v\u00fccut ya\u011f\u0131na sahip olmayabilece\u011fini, bu durumda silikon implantlar\u0131n daha uygun bir se\u00e7enek olabilece\u011fini belirtmekte fayda var. Cerrah\u0131n\u0131z, benzersiz anatominize g\u00f6re en iyi yakla\u015f\u0131m\u0131 belirlemede size rehberlik edecektir.<\/p><p>\u00a0<\/p>\t\t\t\t\t\t\t\t<\/div>\n\t\t\t\t\t<\/div>\n\t\t<\/div>\n\t\t\t\t<div class=\"elementor-column elementor-col-50 elementor-top-column elementor-element elementor-element-b083103\" data-id=\"b083103\" data-element_type=\"column\" data-e-type=\"column\">\n\t\t\t<div class=\"elementor-widget-wrap elementor-element-populated\">\n\t\t\t\t\t\t<div class=\"elementor-element elementor-element-7cb0e5b elementor-widget elementor-widget-image\" data-id=\"7cb0e5b\" data-element_type=\"widget\" data-e-type=\"widget\" data-widget_type=\"image.default\">\n\t\t\t\t\t\t\t\t\t\t\t\t\t\t\t<img decoding=\"async\" width=\"791\" height=\"1024\" src=\"https:\/\/www.dr-mfo.com\/wp-content\/uploads\/2023\/06\/y9ksk2akzku-791x1024.jpg\" class=\"attachment-large size-large wp-image-6514\" alt=\"MTF V\u00fccut Cerrahisi\" srcset=\"https:\/\/www.dr-mfo.com\/wp-content\/uploads\/2023\/06\/y9ksk2akzku-791x1024.jpg 791w, https:\/\/www.dr-mfo.com\/wp-content\/uploads\/2023\/06\/y9ksk2akzku-232x300.jpg 232w, https:\/\/www.dr-mfo.com\/wp-content\/uploads\/2023\/06\/y9ksk2akzku-768x994.jpg 768w, https:\/\/www.dr-mfo.com\/wp-content\/uploads\/2023\/06\/y9ksk2akzku-9x12.jpg 9w, https:\/\/www.dr-mfo.com\/wp-content\/uploads\/2023\/06\/y9ksk2akzku.jpg 927w\" sizes=\"(max-width: 791px) 100vw, 791px\" title=\"\">\t\t\t\t\t\t\t\t\t\t\t\t\t\t\t<\/div>\n\t\t\t\t\t<\/div>\n\t\t<\/div>\n\t\t\t\t\t<\/div>\n\t\t<\/section>\n\t\t\t\t<section class=\"elementor-section elementor-top-section elementor-element elementor-element-7118c70 elementor-section-boxed elementor-section-height-default elementor-section-height-default\" data-id=\"7118c70\" data-element_type=\"section\" data-e-type=\"section\">\n\t\t\t\t\t\t<div class=\"elementor-container elementor-column-gap-default\">\n\t\t\t\t\t<div class=\"elementor-column elementor-col-100 elementor-top-column elementor-element elementor-element-7c9af08\" data-id=\"7c9af08\" data-element_type=\"column\" data-e-type=\"column\">\n\t\t\t<div class=\"elementor-widget-wrap elementor-element-populated\">\n\t\t\t\t\t\t<div class=\"elementor-element elementor-element-feb3377 elementor-widget elementor-widget-text-editor\" data-id=\"feb3377\" data-element_type=\"widget\" data-e-type=\"widget\" data-widget_type=\"text-editor.default\">\n\t\t\t\t\t\t\t\t\t<h2>G\u00f6vde Liposuction ile M\u00fckemmel Bel-Kal\u00e7a Oran\u0131na Ula\u015fmak<\/h2><p>\u0130deal bel-kal\u00e7a oran\u0131na ula\u015fmak ve kad\u0131ns\u0131 k\u0131vr\u0131mlara sahip konik bir bel olu\u015fturmak i\u00e7in g\u00f6vde liposuction\u0131 tercih edilen bir i\u015flemdir. Bu teknik, bel, kar\u0131n, &quot;a\u015fk kollar\u0131&quot; ve orta\/alt s\u0131rt gibi \u00e7e\u015fitli b\u00f6lgelerden istenmeyen ya\u011flar\u0131n al\u0131nmas\u0131n\u0131 i\u00e7erir ve sonu\u00e7ta daha ak\u0131c\u0131 ve hatl\u0131 bir siluet elde edilir. Kal\u00e7a b\u00fcy\u00fctmeye benzer \u015fekilde g\u00f6vde liposuction\u0131 da genellikle sadece hafif sedasyon ve lokal anestezi kullan\u0131larak bir saat i\u00e7inde tamamlanabilen g\u00fcvenli bir i\u015flemdir.<\/p><p>\u0130\u015flem s\u0131ras\u0131nda hedeflenen b\u00f6lgelerde k\u00fc\u00e7\u00fck kesiler yap\u0131larak cerrah\u0131n istenmeyen ya\u011flar\u0131 nazik\u00e7e emmesi sa\u011flan\u0131r. \u0130stenirse Brezilya poposu esteti\u011fi kapsam\u0131nda al\u0131nan ya\u011flar kal\u00e7alara da aktar\u0131labilir. G\u00f6vde liposuction\u0131 i\u00e7in iyile\u015fme s\u00fcresi genellikle minimum d\u00fczeydedir; \u00e7o\u011fu hasta birka\u00e7 g\u00fcn i\u00e7inde hafif aktivitelere devam edebilir ve bir hafta i\u00e7inde i\u015fe d\u00f6nebilir. Ciddi komplikasyonlar nadir olmas\u0131na ra\u011fmen potansiyel riskler aras\u0131nda s\u0131v\u0131 birikmesi, enfeksiyon, kan p\u0131ht\u0131la\u015fmas\u0131 veya sinir hasar\u0131 yer al\u0131r. M\u00fcmk\u00fcn olan en iyi sonucu elde etmek i\u00e7in, g\u00f6vde liposuction prosed\u00fcr\u00fcn\u00fcz i\u00e7in olduk\u00e7a yetenekli ve deneyimli bir cerrah se\u00e7meniz \u00e7ok \u00f6nemlidir.<\/p><h2>Cerrahi Yolculuk<\/h2><h3>Dan\u0131\u015fma ve De\u011ferlendirme<\/h3><p>Cerrahi yolculu\u011fun ilk ad\u0131m\u0131, yetenekli ve deneyimli bir cinsiyet do\u011frulama cerrah\u0131yla kons\u00fcltasyon planlamakt\u0131r. Bu kons\u00fcltasyon s\u0131ras\u0131nda cerrah, ameliyata uygunlu\u011funuzu belirlemek i\u00e7in benzersiz ihtiya\u00e7lar\u0131n\u0131z\u0131 de\u011ferlendirecek, hedeflerinizi ve beklentilerinizi tart\u0131\u015facak ve genel sa\u011fl\u0131\u011f\u0131n\u0131z\u0131 de\u011ferlendirecektir.<\/p><h3>Ameliyata Haz\u0131rlanmak<\/h3><p>V\u00fccut feminizasyonu ameliyat\u0131na devam etmeye karar verdi\u011finizde, cerrah\u0131n\u0131z size prosed\u00fcre haz\u0131rlanman\u0131z i\u00e7in \u00f6zel y\u00f6nergeler sa\u011flayacakt\u0131r. Bu, g\u00fcvenli bir cerrahi deneyim sa\u011flamak i\u00e7in ya\u015fam tarz\u0131 de\u011fi\u015fikliklerini, ameliyat \u00f6ncesi testleri ve baz\u0131 ila\u00e7lar\u0131n kesilmesini i\u00e7erebilir.<\/p><h3>Cerrahi Prosed\u00fcr<\/h3><p>V\u00fccut feminizasyon ameliyat\u0131 tipik olarak genel anestezi alt\u0131nda tam akredite bir cerrahi tesiste ger\u00e7ekle\u015ftirilir. Prosed\u00fcr\u00fcn s\u00fcresi ve karma\u015f\u0131kl\u0131\u011f\u0131, ger\u00e7ekle\u015ftirilen ameliyatlar\u0131n spesifik kombinasyonuna ba\u011fl\u0131 olacakt\u0131r. Cerrah\u0131n\u0131z, cerrahi plan\u0131 bireysel hedeflerinize ve ihtiya\u00e7lar\u0131n\u0131za g\u00f6re uyarlayacakt\u0131r.<\/p><h3>\u0130yile\u015fme ve Sonras\u0131 Bak\u0131m<\/h3><p>Ameliyattan sonra bir iyile\u015fme ve iyile\u015fme s\u00fcreci gereklidir. Cerrah\u0131n\u0131z, optimal iyile\u015fmeyi te\u015fvik etmek ve komplikasyon riskini en aza indirmek i\u00e7in ameliyat sonras\u0131 ayr\u0131nt\u0131l\u0131 talimatlar verecektir. Sorunsuz bir iyile\u015fme s\u00fcreci sa\u011flamak i\u00e7in bu y\u00f6nergeleri takip etmek ve planlanan t\u00fcm takip randevular\u0131na kat\u0131lmak \u00e7ok \u00f6nemlidir.<\/p><h2>\u00c7\u00f6z\u00fcm<\/h2><p>V\u00fccut feminizasyon ameliyat\u0131, trans kad\u0131nlara ve transgender spektrumdaki bireylere, fiziksel g\u00f6r\u00fcn\u00fcmlerini cinsiyet kimlikleriyle uyumlu hale getirmeleri i\u00e7in d\u00f6n\u00fc\u015ft\u00fcr\u00fcc\u00fc bir f\u0131rsat sunuyor. Bir dizi cerrahi prosed\u00fcrle arzu edilen kad\u0131ns\u0131 esteti\u011fi elde etmek ve cinsiyet ho\u015fnutsuzlu\u011funu hafifletmek m\u00fcmk\u00fcnd\u00fcr. V\u00fccut feminizasyon ameliyat\u0131n\u0131 d\u00fc\u015f\u00fcn\u00fcyorsan\u0131z, bu g\u00fc\u00e7lendirici yolculukta size rehberlik edebilecek yetenekli ve deneyimli bir cinsiyet do\u011frulama cerrah\u0131na dan\u0131\u015fman\u0131z\u0131 \u00f6neririz.<\/p><p>Ziyaret edin\u00a0<a style=\"background-color: #ffffff;\" href=\"https:\/\/www.instagram.com\/dr_mfo\/\" target=\"_blank\" rel=\"nofollow noopener\">Dr.MFO Instagram profili<\/a> ba\u015far\u0131l\u0131 \u00f6rnekler i\u00e7in <a href=\"https:\/\/www.dr-mfo.com\/tr\/body-feminization-surgery-feminine-aesthetics-transgender-women\/\">MTF V\u00fccut Feminizasyon Ameliyat\u0131<\/a><\/p>\t\t\t\t\t\t\t\t<\/div>\n\t\t\t\t\t<\/div>\n\t\t<\/div>\n\t\t\t\t\t<\/div>\n\t\t<\/section>\n\t\t\t\t<\/div>","protected":false},"excerpt":{"rendered":"<p>Welcome to our comprehensive guide on body feminization surgery, where we explore the transformative procedures available to help individuals achieve their desired feminine aesthetics. Our expert team is here to provide you with valuable insights into the various aspects of this surgical journey. Understanding Body Feminization Surgery What is Body Feminization Surgery? Body feminization surgery, [&hellip;]<\/p>\n","protected":false},"author":2,"featured_media":6511,"parent":0,"menu_order":0,"comment_status":"closed","ping_status":"closed","template":"","meta":{"_acf_changed":false,"footnotes":""},"class_list":["post-6507","page","type-page","status-publish","has-post-thumbnail","hentry"],"acf":[],"_links":{"self":[{"href":"https:\/\/www.dr-mfo.com\/tr\/wp-json\/wp\/v2\/pages\/6507","targetHints":{"allow":["GET"]}}],"collection":[{"href":"https:\/\/www.dr-mfo.com\/tr\/wp-json\/wp\/v2\/pages"}],"about":[{"href":"https:\/\/www.dr-mfo.com\/tr\/wp-json\/wp\/v2\/types\/page"}],"author":[{"embeddable":true,"href":"https:\/\/www.dr-mfo.com\/tr\/wp-json\/wp\/v2\/users\/2"}],"replies":[{"embeddable":true,"href":"https:\/\/www.dr-mfo.com\/tr\/wp-json\/wp\/v2\/comments?post=6507"}],"version-history":[{"count":1,"href":"https:\/\/www.dr-mfo.com\/tr\/wp-json\/wp\/v2\/pages\/6507\/revisions"}],"predecessor-version":[{"id":26102,"href":"https:\/\/www.dr-mfo.com\/tr\/wp-json\/wp\/v2\/pages\/6507\/revisions\/26102"}],"wp:featuredmedia":[{"embeddable":true,"href":"https:\/\/www.dr-mfo.com\/tr\/wp-json\/wp\/v2\/media\/6511"}],"wp:attachment":[{"href":"https:\/\/www.dr-mfo.com\/tr\/wp-json\/wp\/v2\/media?parent=6507"}],"curies":[{"name":"wp","href":"https:\/\/api.w.org\/{rel}","templated":true}]}}