{"id":814,"date":"2021-05-28T18:34:11","date_gmt":"2021-05-28T17:34:11","guid":{"rendered":"https:\/\/www.dr-mfo.com\/?page_id=814"},"modified":"2026-02-22T11:31:36","modified_gmt":"2026-02-22T11:31:36","slug":"bacak-estetigi","status":"publish","type":"page","link":"https:\/\/www.dr-mfo.com\/tr\/leg-aesthetics\/","title":{"rendered":"Bacak Esteti\u011fi"},"content":{"rendered":"<div data-elementor-type=\"wp-page\" data-elementor-id=\"814\" class=\"elementor elementor-814\">\n\t\t\t\t\t\t<section class=\"elementor-section elementor-top-section elementor-element elementor-element-1a7480c elementor-section-boxed elementor-section-height-default elementor-section-height-default\" data-id=\"1a7480c\" data-element_type=\"section\" data-e-type=\"section\">\n\t\t\t\t\t\t<div class=\"elementor-container elementor-column-gap-default\">\n\t\t\t\t\t<div class=\"elementor-column elementor-col-100 elementor-top-column elementor-element elementor-element-a5f800f\" data-id=\"a5f800f\" data-element_type=\"column\" data-e-type=\"column\">\n\t\t\t<div class=\"elementor-widget-wrap elementor-element-populated\">\n\t\t\t\t\t\t<div class=\"elementor-element elementor-element-a325b54 elementor-widget-divider--view-line elementor-widget elementor-widget-divider\" data-id=\"a325b54\" data-element_type=\"widget\" data-e-type=\"widget\" data-widget_type=\"divider.default\">\n\t\t\t\t\t\t\t<div class=\"elementor-divider\">\n\t\t\t<span class=\"elementor-divider-separator\">\n\t\t\t\t\t\t<\/span>\n\t\t<\/div>\n\t\t\t\t\t\t<\/div>\n\t\t\t\t<div class=\"elementor-element elementor-element-e2f9340 elementor-widget-divider--view-line elementor-widget elementor-widget-divider\" data-id=\"e2f9340\" data-element_type=\"widget\" data-e-type=\"widget\" data-widget_type=\"divider.default\">\n\t\t\t\t\t\t\t<div class=\"elementor-divider\">\n\t\t\t<span class=\"elementor-divider-separator\">\n\t\t\t\t\t\t<\/span>\n\t\t<\/div>\n\t\t\t\t\t\t<\/div>\n\t\t\t\t<div class=\"elementor-element elementor-element-87068d1 elementor-widget-divider--view-line elementor-widget elementor-widget-divider\" data-id=\"87068d1\" data-element_type=\"widget\" data-e-type=\"widget\" data-widget_type=\"divider.default\">\n\t\t\t\t\t\t\t<div class=\"elementor-divider\">\n\t\t\t<span class=\"elementor-divider-separator\">\n\t\t\t\t\t\t<\/span>\n\t\t<\/div>\n\t\t\t\t\t\t<\/div>\n\t\t\t\t<div class=\"elementor-element elementor-element-e57b97f elementor-widget-divider--view-line elementor-widget elementor-widget-divider\" data-id=\"e57b97f\" data-element_type=\"widget\" data-e-type=\"widget\" data-widget_type=\"divider.default\">\n\t\t\t\t\t\t\t<div class=\"elementor-divider\">\n\t\t\t<span class=\"elementor-divider-separator\">\n\t\t\t\t\t\t<\/span>\n\t\t<\/div>\n\t\t\t\t\t\t<\/div>\n\t\t\t\t<div class=\"elementor-element elementor-element-77d5870 elementor-widget elementor-widget-image\" data-id=\"77d5870\" data-element_type=\"widget\" data-e-type=\"widget\" data-widget_type=\"image.default\">\n\t\t\t\t\t\t\t\t\t\t\t\t\t\t\t<img fetchpriority=\"high\" decoding=\"async\" width=\"768\" height=\"432\" src=\"https:\/\/www.dr-mfo.com\/wp-content\/uploads\/2022\/03\/Bacak-Estetig\u0306i-768x432.jpg\" class=\"attachment-medium_large size-medium_large wp-image-1917\" alt=\"Bacak Esteti\u011fi\" srcset=\"https:\/\/www.dr-mfo.com\/wp-content\/uploads\/2022\/03\/Bacak-Estetig\u0306i-768x432.jpg.avif 768w, https:\/\/www.dr-mfo.com\/wp-content\/uploads\/2022\/03\/Bacak-Estetig\u0306i-300x169.jpg.avif 300w, https:\/\/www.dr-mfo.com\/wp-content\/uploads\/2022\/03\/Bacak-Estetig\u0306i-1024x576.jpg.avif 1024w, https:\/\/www.dr-mfo.com\/wp-content\/uploads\/2022\/03\/Bacak-Estetig\u0306i-1536x864.jpg.avif 1536w, https:\/\/www.dr-mfo.com\/wp-content\/uploads\/2022\/03\/Bacak-Estetig\u0306i.jpg.avif 1920w\" sizes=\"(max-width: 768px) 100vw, 768px\" \/>\t\t\t\t\t\t\t\t\t\t\t\t\t\t\t<\/div>\n\t\t\t\t<div class=\"elementor-element elementor-element-08b3033 elementor-widget-divider--view-line elementor-widget elementor-widget-divider\" data-id=\"08b3033\" data-element_type=\"widget\" data-e-type=\"widget\" data-widget_type=\"divider.default\">\n\t\t\t\t\t\t\t<div class=\"elementor-divider\">\n\t\t\t<span class=\"elementor-divider-separator\">\n\t\t\t\t\t\t<\/span>\n\t\t<\/div>\n\t\t\t\t\t\t<\/div>\n\t\t\t\t<div class=\"elementor-element elementor-element-d494b4b elementor-widget elementor-widget-heading\" data-id=\"d494b4b\" data-element_type=\"widget\" data-e-type=\"widget\" data-widget_type=\"heading.default\">\n\t\t\t\t\t<h2 class=\"elementor-heading-title elementor-size-xl\">Bacak Esteti\u011fi<\/h2>\t\t\t\t<\/div>\n\t\t\t\t<div class=\"elementor-element elementor-element-8a72a6e elementor-widget elementor-widget-text-editor\" data-id=\"8a72a6e\" data-element_type=\"widget\" data-e-type=\"widget\" data-widget_type=\"text-editor.default\">\n\t\t\t\t\t\t\t\t\t<p><span style=\"color: #000000;\">Bacak esteti\u011fi, ayak bile\u011finden ba\u015flayarak bald\u0131r, kal\u00e7a, diz \u00e7evresi ve uyluk b\u00f6lgelerindeki t\u00fcm \u015fekil bozukluklar\u0131n\u0131n giderilmesini ama\u00e7layan cerrahi grubun genel ad\u0131d\u0131r. Bu ameliyatlar sayesinde bacaklardaki \u015fekil bozukluklar\u0131 giderilebilmektedir.\u00a0<\/span><\/p><p><span style=\"color: #000000;\">Ayak bilekleri, bacaklar, bald\u0131rlar, kal\u00e7alar, dizler ve \u00fcst bacaktaki ya\u011flar al\u0131nabilir. Kilo verme ve ya\u015flanma nedeniyle olu\u015fan deri fazlal\u0131klar\u0131 giderilebilir. Ki\u015finin v\u00fccut yap\u0131s\u0131na ve beklentilerine uygun olarak feminen veya mask\u00fclen ideal v\u00fccut hatlar\u0131 olu\u015fturulabilmektedir.<\/span><\/p>\t\t\t\t\t\t\t\t<\/div>\n\t\t\t\t<div class=\"elementor-element elementor-element-05c461f elementor-widget elementor-widget-heading\" data-id=\"05c461f\" data-element_type=\"widget\" data-e-type=\"widget\" data-widget_type=\"heading.default\">\n\t\t\t\t\t<h2 class=\"elementor-heading-title elementor-size-large\">Kimler i\u00e7in ge\u00e7erlidir?<\/h2>\t\t\t\t<\/div>\n\t\t\t\t<div class=\"elementor-element elementor-element-f3bc4f2 elementor-widget elementor-widget-text-editor\" data-id=\"f3bc4f2\" data-element_type=\"widget\" data-e-type=\"widget\" data-widget_type=\"text-editor.default\">\n\t\t\t\t\t\t\t\t\t<ul><li><span style=\"color: #000000;\">Ayak bileklerinde, bacaklarda, bald\u0131rlarda, kal\u00e7alarda, dizlerde ve \u00fcst bacaklarda lipodistrofi veya lip\u00f6dem sorunu olan ki\u015filer<\/span><\/li><li><span style=\"color: #000000;\">Bacak ve \u00fcst baca\u011f\u0131n bir veya birka\u00e7 b\u00f6lgesinde hacimsizlik, incelik veya \u00e7\u00f6kme \u015fikayeti olanlar<\/span><\/li><li><span style=\"color: #000000;\">X-bacak, O-bacak ve \u00e7arp\u0131k bacak deformitesi olan ki\u015filer<\/span><\/li><li><span style=\"color: #000000;\">Kilo kayb\u0131 veya ya\u015flanma nedeniyle y\u0131\u011f\u0131lma ve cilt fazlal\u0131\u011f\u0131 olan hastalar<\/span><\/li><li><span style=\"color: #000000;\">Bel alt\u0131 ideal feminen veya mask\u00fclen \u00e7izgiler arayanlar<\/span><\/li><li><span style=\"color: #000000;\">Lip\u00f6dem hastalar\u0131<\/span><\/li><\/ul>\t\t\t\t\t\t\t\t<\/div>\n\t\t\t\t<div class=\"elementor-element elementor-element-6f60704 elementor-widget elementor-widget-heading\" data-id=\"6f60704\" data-element_type=\"widget\" data-e-type=\"widget\" data-widget_type=\"heading.default\">\n\t\t\t\t\t<h2 class=\"elementor-heading-title elementor-size-large\">Ameliyattan \u00f6nce<\/h2>\t\t\t\t<\/div>\n\t\t\t\t<div class=\"elementor-element elementor-element-1454cb2 elementor-widget elementor-widget-text-editor\" data-id=\"1454cb2\" data-element_type=\"widget\" data-e-type=\"widget\" data-widget_type=\"text-editor.default\">\n\t\t\t\t\t\t\t\t\t<p><span style=\"color: #000000;\">Sonucun uzun s\u00fcre korunmas\u0131 i\u00e7in ideal kiloda olmaya \u00f6zen g\u00f6stermelisiniz. T\u00fcm ameliyatlarda oldu\u011fu gibi bacak esteti\u011fi ameliyatlar\u0131ndan en az iki ideal d\u00f6rt hafta \u00f6nce sigara ba\u015fta olmak \u00fczere t\u00fcm aktif ve pasif t\u00fct\u00fcn \u00fcr\u00fcnlerine maruz kalmaktan ve kullanmaktan ka\u00e7\u0131nmak gerekir.<\/span><\/p><p><span style=\"color: #000000;\">D\u00fczenli olarak kulland\u0131\u011f\u0131n\u0131z ila\u00e7 ve besin takviyeleri, bilinen hastal\u0131klar, ge\u00e7irilmi\u015f ameliyatlar ve \u0131srarc\u0131 \u015fikayetler a\u00e7\u0131s\u0131ndan ba\u015fta doktorunuz olmak \u00fczere sa\u011fl\u0131k ekibini bilgilendirmeniz \u00e7ok \u00f6nemlidir \u00e7\u00fcnk\u00fc bu durum operasyona ba\u011fl\u0131 bir\u00e7ok riskin \u00f6n\u00fcne ge\u00e7ebilmektedir. \u00d6zellikle antikoag\u00fclanlar\u0131n ve g\u0131dalar\u0131n ameliyattan \u00f6nce kesilmesi veya yeniden d\u00fczenlenmesi gerekebilir.<\/span><\/p>\t\t\t\t\t\t\t\t<\/div>\n\t\t\t\t<div class=\"elementor-element elementor-element-dfcda6f elementor-widget elementor-widget-heading\" data-id=\"dfcda6f\" data-element_type=\"widget\" data-e-type=\"widget\" data-widget_type=\"heading.default\">\n\t\t\t\t\t<h2 class=\"elementor-heading-title elementor-size-large\">Ameliyat hakk\u0131nda<\/h2>\t\t\t\t<\/div>\n\t\t\t\t<div class=\"elementor-element elementor-element-737c314 elementor-widget elementor-widget-text-editor\" data-id=\"737c314\" data-element_type=\"widget\" data-e-type=\"widget\" data-widget_type=\"text-editor.default\">\n\t\t\t\t\t\t\t\t\t<p><span style=\"color: #000000;\">Bu ameliyatlar \u00e7o\u011funlukla genel anestezi alt\u0131nda yap\u0131lmaktad\u0131r. Bald\u0131r b\u00f6lgesinde incelik, \u015fekil bozuklu\u011fu ve \u00e7arp\u0131k bacak g\u00f6r\u00fcn\u00fcm\u00fc durumlar\u0131nda v\u00fccudun di\u011fer b\u00f6lgelerinden al\u0131nan ya\u011flar kullan\u0131larak ya\u011f enjeksiyonlar\u0131 yap\u0131labilmektedir. Ayn\u0131 ama\u00e7la bacak i\u00e7in haz\u0131rlanan \u00f6zel silikon protezler de diz alt\u0131ndan yap\u0131lan k\u0131sa kesiler yard\u0131m\u0131yla yerle\u015ftirilebilir.<\/span><\/p><p><span style=\"color: #000000;\">uyluk ve diz \u00e7evresindeki d\u00fczensiz ve b\u00f6lgesel lipodistrofilere y\u00f6nelik \u015fekillendirilebilir. Uyluktaki deri sarkmalar\u0131 i\u00e7in uyluk germe ameliyat\u0131 yap\u0131labilir. Ancak bu ameliyatta kas\u0131k b\u00f6lgesinde veya kas\u0131ktan ba\u015flay\u0131p bacak i\u00e7 b\u00f6lgesine kadar uzanan kal\u0131c\u0131 izler olaca\u011f\u0131 bilinmelidir. Bu izler genellikle \u00fc\u00e7\u00fcnc\u00fc aydan sonra solmaya ba\u015flasa da asla tamamen silinmez.<\/span><\/p>\t\t\t\t\t\t\t\t<\/div>\n\t\t\t\t<div class=\"elementor-element elementor-element-dc578f8 elementor-widget elementor-widget-heading\" data-id=\"dc578f8\" data-element_type=\"widget\" data-e-type=\"widget\" data-widget_type=\"heading.default\">\n\t\t\t\t\t<h2 class=\"elementor-heading-title elementor-size-large\">Ameliyattan sonra<\/h2>\t\t\t\t<\/div>\n\t\t\t\t<div class=\"elementor-element elementor-element-f04f99d elementor-widget elementor-widget-text-editor\" data-id=\"f04f99d\" data-element_type=\"widget\" data-e-type=\"widget\" data-widget_type=\"text-editor.default\">\n\t\t\t\t\t\t\t\t\t<p><span style=\"color: #000000;\">Operasyon sonras\u0131nda bir gece hastanede yat\u0131\u015f yeterli olmakta, bazen hastalar ayn\u0131 g\u00fcn taburcu edilebilmektedir. Liposuction yap\u0131lm\u0131\u015fsa bu b\u00f6lgeleri destekleyen korseler kullan\u0131l\u0131r. Bu korselerin ortalama 2-4 hafta kullan\u0131lmas\u0131 tavsiye edilir. T\u00fcm ameliyatlarda oldu\u011fu gibi de\u011fi\u015fen derecelerde morluk, \u015fi\u015flik ve \u00f6dem olu\u015fur. Bu morluklar ve \u015fi\u015flikler bir hafta sonra kaybolmaya ba\u015flar.<\/span><\/p>\t\t\t\t\t\t\t\t<\/div>\n\t\t\t\t\t<\/div>\n\t\t<\/div>\n\t\t\t\t\t<\/div>\n\t\t<\/section>\n\t\t\t\t<\/div>","protected":false},"excerpt":{"rendered":"<p>Leg Aesthetics Leg aesthetics is the general name of a surgical group that aims to remove all deformities of the calf, hip, knee circumference, and thigh regions starting from the ankle. Thanks to these surgeries, deformities in the legs can be eliminated.\u00a0 The fat in the ankles, legs, calves, hips, knees and upper legs can [&hellip;]<\/p>\n","protected":false},"author":2,"featured_media":0,"parent":0,"menu_order":0,"comment_status":"closed","ping_status":"closed","template":"","meta":{"_acf_changed":false,"footnotes":""},"class_list":["post-814","page","type-page","status-publish","hentry"],"acf":[],"_links":{"self":[{"href":"https:\/\/www.dr-mfo.com\/tr\/wp-json\/wp\/v2\/pages\/814","targetHints":{"allow":["GET"]}}],"collection":[{"href":"https:\/\/www.dr-mfo.com\/tr\/wp-json\/wp\/v2\/pages"}],"about":[{"href":"https:\/\/www.dr-mfo.com\/tr\/wp-json\/wp\/v2\/types\/page"}],"author":[{"embeddable":true,"href":"https:\/\/www.dr-mfo.com\/tr\/wp-json\/wp\/v2\/users\/2"}],"replies":[{"embeddable":true,"href":"https:\/\/www.dr-mfo.com\/tr\/wp-json\/wp\/v2\/comments?post=814"}],"version-history":[{"count":0,"href":"https:\/\/www.dr-mfo.com\/tr\/wp-json\/wp\/v2\/pages\/814\/revisions"}],"wp:attachment":[{"href":"https:\/\/www.dr-mfo.com\/tr\/wp-json\/wp\/v2\/media?parent=814"}],"curies":[{"name":"wp","href":"https:\/\/api.w.org\/{rel}","templated":true}]}}