{"id":825,"date":"2021-05-28T18:29:23","date_gmt":"2021-05-28T17:29:23","guid":{"rendered":"https:\/\/www.dr-mfo.com\/?page_id=825"},"modified":"2026-04-25T12:25:38","modified_gmt":"2026-04-25T11:25:38","slug":"brezilya-poposu-bbl","status":"publish","type":"page","link":"https:\/\/www.dr-mfo.com\/tr\/brazilian-butt-bbl\/","title":{"rendered":"BBL \u2013 Brezilya Poposu"},"content":{"rendered":"<div data-elementor-type=\"wp-page\" data-elementor-id=\"825\" class=\"elementor elementor-825\">\n\t\t\t\t\t\t<section class=\"elementor-section elementor-top-section elementor-element elementor-element-b4521fd elementor-section-boxed elementor-section-height-default elementor-section-height-default\" data-id=\"b4521fd\" data-element_type=\"section\" data-e-type=\"section\">\n\t\t\t\t\t\t<div class=\"elementor-container elementor-column-gap-default\">\n\t\t\t\t\t<div class=\"elementor-column elementor-col-100 elementor-top-column elementor-element elementor-element-90fee95\" data-id=\"90fee95\" data-element_type=\"column\" data-e-type=\"column\">\n\t\t\t<div class=\"elementor-widget-wrap elementor-element-populated\">\n\t\t\t\t\t\t<div class=\"elementor-element elementor-element-c84b51f elementor-widget-divider--view-line elementor-widget elementor-widget-divider\" data-id=\"c84b51f\" data-element_type=\"widget\" data-e-type=\"widget\" data-widget_type=\"divider.default\">\n\t\t\t\t\t\t\t<div class=\"elementor-divider\">\n\t\t\t<span class=\"elementor-divider-separator\">\n\t\t\t\t\t\t<\/span>\n\t\t<\/div>\n\t\t\t\t\t\t<\/div>\n\t\t\t\t<div class=\"elementor-element elementor-element-fd2c6dc elementor-widget elementor-widget-image\" data-id=\"fd2c6dc\" data-element_type=\"widget\" data-e-type=\"widget\" data-widget_type=\"image.default\">\n\t\t\t\t\t\t\t\t\t\t\t\t\t\t\t<img decoding=\"async\" src=\"https:\/\/www.dr-mfo.com\/wp-content\/uploads\/elementor\/thumbs\/brezilya-poposu-scaled-qd1lufc8amdgo8bcvisdpp9u2siitv61inyu76byna.jpg\" title=\"Brezilya poposu\" alt=\"kal\u00e7a esteti\u011fi\" loading=\"lazy\" \/>\t\t\t\t\t\t\t\t\t\t\t\t\t\t\t<\/div>\n\t\t\t\t<div class=\"elementor-element elementor-element-cf3c7df elementor-widget-divider--view-line elementor-widget elementor-widget-divider\" data-id=\"cf3c7df\" data-element_type=\"widget\" data-e-type=\"widget\" data-widget_type=\"divider.default\">\n\t\t\t\t\t\t\t<div class=\"elementor-divider\">\n\t\t\t<span class=\"elementor-divider-separator\">\n\t\t\t\t\t\t<\/span>\n\t\t<\/div>\n\t\t\t\t\t\t<\/div>\n\t\t\t\t<div class=\"elementor-element elementor-element-44addce elementor-widget elementor-widget-heading\" data-id=\"44addce\" data-element_type=\"widget\" data-e-type=\"widget\" data-widget_type=\"heading.default\">\n\t\t\t\t\t<h2 class=\"elementor-heading-title elementor-size-xl\">Brezilya Poposu (BBL)<\/h2>\t\t\t\t<\/div>\n\t\t\t\t<div class=\"elementor-element elementor-element-531d142 elementor-widget elementor-widget-text-editor\" data-id=\"531d142\" data-element_type=\"widget\" data-e-type=\"widget\" data-widget_type=\"text-editor.default\">\n\t\t\t\t\t\t\t\t\t<p><span style=\"color: #000000;\">BBL (Brezilya Poposu) \u00e7o\u011funlukla genel anestezi alt\u0131nda yap\u0131l\u0131r. Operasyon s\u00fcresi yakla\u015f\u0131k 2-3 saattir.<\/span><\/p><p><span style=\"color: #000000;\">popo b\u00f6lgesinin \u015fekillendirilmesi amac\u0131yla yap\u0131l\u0131r. Popo \u00fczerindeki, bel \u00e7evresi ve popo alt\u0131ndaki fazla ya\u011flar al\u0131narak popo hatlar\u0131 belirginle\u015ftirilir. Elde edilmek istenen dolgunluk derecesine g\u00f6re al\u0131nan bu ya\u011flar, v\u00fccudun di\u011fer b\u00f6lgelerinden al\u0131nan ya\u011flarla birlikte gerekti\u011finde popoya hacim kazand\u0131rmak amac\u0131yla da kullan\u0131labilir.<\/span><\/p><p><span style=\"color: #000000;\">\u00d6zellikle ya\u011f dokusunun yetersiz oldu\u011fu baz\u0131 durumlarda hacim kazand\u0131rmak i\u00e7in kal\u00e7a b\u00fcy\u00fctme ara\u00e7lar\u0131 da kullan\u0131labilir.<\/span><\/p>\t\t\t\t\t\t\t\t<\/div>\n\t\t\t\t<div class=\"elementor-element elementor-element-0d99fc7 elementor-widget elementor-widget-heading\" data-id=\"0d99fc7\" data-element_type=\"widget\" data-e-type=\"widget\" data-widget_type=\"heading.default\">\n\t\t\t\t\t<h2 class=\"elementor-heading-title elementor-size-large\">BBL i\u00e7in uygun aday kimdir?<\/h2>\t\t\t\t<\/div>\n\t\t\t\t<div class=\"elementor-element elementor-element-c4f839d elementor-widget elementor-widget-text-editor\" data-id=\"c4f839d\" data-element_type=\"widget\" data-e-type=\"widget\" data-widget_type=\"text-editor.default\">\n\t\t\t\t\t\t\t\t\t<ul><li><span style=\"color: #000000;\">Popo \u015feklinden memnun olmayan herkes popo esteti\u011fine adayd\u0131r.<\/span><\/li><li><span style=\"color: #000000;\">Genellikle sark\u0131k, d\u00fcz ve geni\u015f popo yap\u0131s\u0131na sahip ki\u015filere uygulan\u0131r.<\/span><\/li><\/ul>\t\t\t\t\t\t\t\t<\/div>\n\t\t\t\t<div class=\"elementor-element elementor-element-bad474d elementor-widget elementor-widget-heading\" data-id=\"bad474d\" data-element_type=\"widget\" data-e-type=\"widget\" data-widget_type=\"heading.default\">\n\t\t\t\t\t<h2 class=\"elementor-heading-title elementor-size-large\">Ameliyattan \u00f6nce<\/h2>\t\t\t\t<\/div>\n\t\t\t\t<div class=\"elementor-element elementor-element-dddad86 elementor-widget elementor-widget-text-editor\" data-id=\"dddad86\" data-element_type=\"widget\" data-e-type=\"widget\" data-widget_type=\"text-editor.default\">\n\t\t\t\t\t\t\t\t\t<p><span style=\"color: #000000;\">T\u00fcm cerrahi operasyonlarda oldu\u011fu gibi v\u00fccuttaki oksijen seviyesini azaltarak doku iyile\u015fmesine zarar veren ve enfeksiyon riskini art\u0131ran ba\u015fta sigara olmak \u00fczere t\u00fct\u00fcn ve t\u00fct\u00fcn \u00fcr\u00fcnlerinin t\u00fcketimi ameliyattan \u00f6nce durdurulmal\u0131d\u0131r. <a href=\"https:\/\/www.dr-mfo.com\/tr\/forehead-reduction-hairline-advancement\/\">al\u0131n k\u00fc\u00e7\u00fcltme<\/a> ameliyat. Bu s\u00fcre ameliyattan \u00f6nceki 2-4 haftay\u0131 kapsar.<\/span><\/p><p><span style=\"color: #000000;\">Operasyondan \u00f6nceki 7-10 g\u00fcn i\u00e7erisinde antikoag\u00fclanlar\u0131n yan\u0131 s\u0131ra vitamin ve bitkisel ila\u00e7lar\u0131n kullan\u0131lmamas\u0131 gerekmektedir. Bilinen ek hastal\u0131klar\u0131n\u0131z ve d\u00fczenli olarak kulland\u0131\u011f\u0131n\u0131z ila\u00e7lar\u0131n\u0131z varsa bunlar\u0131 doktorunuzla payla\u015fmal\u0131s\u0131n\u0131z. <a href=\"https:\/\/www.dr-mfo.com\/tr\/\">Cerrah<\/a>. Ayn\u0131 \u015fekilde doktorunuzun \u00f6nerdi\u011fi \u015fekilde beslenmeye de dikkat etmeniz gerekecektir. Ameliyat \u00f6ncesi d\u00f6nemde bu \u00f6nlemler al\u0131n\u0131rsa ba\u015far\u0131l\u0131 bir popo esteti\u011fi sonucu beklenir.<\/span><\/p><p><span style=\"color: #000000;\">E\u011fer \u00f6zel bir sa\u011fl\u0131k probleminiz yoksa operasyon g\u00fcn\u00fc yap\u0131lan analiz ile operasyona uygun olup olmad\u0131\u011f\u0131n\u0131za karar verilebilir. T\u00fcm bu kriterlerin kar\u015f\u0131lanmas\u0131n\u0131n ard\u0131ndan fiziksel g\u00f6r\u00fcn\u00fcm\u00fcne dikkat eden, hem sosyal hem de ruhsal olarak iyi hissetmek isteyenlerin favori operasyonu ba\u015far\u0131yla uygulan\u0131yor.<\/span><\/p>\t\t\t\t\t\t\t\t<\/div>\n\t\t\t\t<div class=\"elementor-element elementor-element-811c343 elementor-widget elementor-widget-heading\" data-id=\"811c343\" data-element_type=\"widget\" data-e-type=\"widget\" data-widget_type=\"heading.default\">\n\t\t\t\t\t<h2 class=\"elementor-heading-title elementor-size-large\">Cerrahi planlama<\/h2>\t\t\t\t<\/div>\n\t\t\t\t<div class=\"elementor-element elementor-element-53b7668 elementor-widget elementor-widget-text-editor\" data-id=\"53b7668\" data-element_type=\"widget\" data-e-type=\"widget\" data-widget_type=\"text-editor.default\">\n\t\t\t\t\t\t\t\t\t<p><span style=\"color: #000000;\">Brezilya poposu ya da BBL ameliyat\u0131 s\u00fcreci doktor kons\u00fcltasyonu s\u0131ras\u0131nda yap\u0131lan \u00e7izim ile ba\u015flar. Ameliyat \u00f6ncesinde cerrahi planlama i\u00e7in \u00e7izim yap\u0131larak BBL i\u00e7in kullan\u0131lacak ya\u011f dokusunun al\u0131naca\u011f\u0131 alanlar ve \u015fekilli popo fig\u00fcr\u00fc olu\u015fturacak bel ve kal\u00e7a \u00e7evresi liposuction alanlar\u0131 belirlenir. Popo esteti\u011finde hedeflenen hacim ve \u015feklin sa\u011flanmas\u0131 i\u00e7in ya\u011f dokusunun yerle\u015ftirilece\u011fi alanlar i\u015faretlenir.<\/span><\/p><p><span style=\"color: #000000;\">Detayl\u0131 cerrahi planlama, sa\u011flam cerrahi ve iyi postoperatif bak\u0131m ile haftalar i\u00e7inde b\u00fcy\u00fck de\u011fi\u015fime ula\u015fmak m\u00fcmk\u00fcnd\u00fcr.<\/span><\/p><p><span style=\"color: #000000;\">Son y\u0131llar\u0131n en pop\u00fcler estetik cerrahi i\u015flemlerinden biri olan Brezilya poposu esteti\u011fi veya BBL, memnuniyet oran\u0131 y\u00fcksek bir uygulamad\u0131r. \u0130deal v\u00fccut k\u0131vr\u0131mlar\u0131n\u0131n elde edilmesi ve hacimli bir Brezilya Poposu olu\u015fturulmas\u0131 i\u00e7in ideal bir \u00e7\u00f6z\u00fcm sunabilir ve tatmin edici sonu\u00e7lar verir.<\/span><\/p>\t\t\t\t\t\t\t\t<\/div>\n\t\t\t\t<div class=\"elementor-element elementor-element-db44f90 elementor-widget elementor-widget-heading\" data-id=\"db44f90\" data-element_type=\"widget\" data-e-type=\"widget\" data-widget_type=\"heading.default\">\n\t\t\t\t\t<h2 class=\"elementor-heading-title elementor-size-large\">Ameliyat g\u00fcn\u00fc dikkat edilmesi gerekenler<\/h2>\t\t\t\t<\/div>\n\t\t\t\t<div class=\"elementor-element elementor-element-8937536 elementor-widget elementor-widget-text-editor\" data-id=\"8937536\" data-element_type=\"widget\" data-e-type=\"widget\" data-widget_type=\"text-editor.default\">\n\t\t\t\t\t\t\t\t\t<p><span style=\"color: #000000;\">Ameliyat sonras\u0131 d\u00f6nem i\u00e7in rahat k\u0131yafetler getirilmesi \u00f6nemlidir. Ayr\u0131ca operasyondan bir g\u00fcn \u00f6nce antibakteriyel sabunla \u0131l\u0131k du\u015f al\u0131nmas\u0131 tavsiye edilir.<\/span><\/p><p style=\"margin-top: 0cm; text-align: justify; background-image: initial; background-position: initial; background-size: initial; background-repeat: initial; background-attachment: initial; background-origin: initial; background-clip: initial;\"><span style=\"color: #000000;\">G\u0131da takviyeleriniz, bitkisel ila\u00e7lar\u0131n\u0131z, bitki \u00e7aylar\u0131n\u0131z, bilinen ek hastal\u0131klar\u0131n\u0131z veya d\u00fczenli olarak kulland\u0131\u011f\u0131n\u0131z ila\u00e7lar\u0131n\u0131z varsa bunlar\u0131 cerrah\u0131n\u0131z ve ekibiyle payla\u015fmal\u0131s\u0131n\u0131z. E\u011fer \u00f6zel bir sa\u011fl\u0131k probleminiz yoksa operasyon g\u00fcn\u00fc yap\u0131lan analiz ile operasyona uygun olup olmad\u0131\u011f\u0131n\u0131za karar verilebilir.<\/span><\/p>\t\t\t\t\t\t\t\t<\/div>\n\t\t\t\t<div class=\"elementor-element elementor-element-e9c5e17 elementor-widget elementor-widget-heading\" data-id=\"e9c5e17\" data-element_type=\"widget\" data-e-type=\"widget\" data-widget_type=\"heading.default\">\n\t\t\t\t\t<h2 class=\"elementor-heading-title elementor-size-large\">Ameliyat sonras\u0131<\/h2>\t\t\t\t<\/div>\n\t\t\t\t<div class=\"elementor-element elementor-element-bde40bb elementor-widget elementor-widget-text-editor\" data-id=\"bde40bb\" data-element_type=\"widget\" data-e-type=\"widget\" data-widget_type=\"text-editor.default\">\n\t\t\t\t\t\t\t\t\t<p><span style=\"color: #000000;\">Hastalar genellikle bir gece hastanede kal\u0131r ve ertesi g\u00fcn taburcu edilirler. Popo korseleri hem v\u00fccudun di\u011fer b\u00f6lgelerine liposuction sonras\u0131 a\u011fr\u0131y\u0131 k\u0131smen gidermek hem de kal\u00e7ay\u0131 desteklemek amac\u0131yla kullan\u0131labilmektedir.<\/span><\/p>\n<p><span style=\"color: #000000;\">Ameliyattan sonraki birka\u00e7 g\u00fcn i\u00e7erisinde g\u00fcnl\u00fck i\u015flerinizi yapmaya ba\u015flayabilirsiniz. \u0130kinci g\u00fcn operasyon alan\u0131 dahil olmak \u00fczere du\u015f alabilirsiniz. Yakla\u015f\u0131k bir hafta sonra BBL yast\u0131k sayesinde ofis i\u015flerinize geri d\u00f6nebilirsiniz.<\/span><\/p>\n<p><span style=\"color: #000000;\">Genellikle operasyondan sonraki \u00fc\u00e7\u00fcnc\u00fc g\u00fcnde cerrah\u0131n\u0131z taraf\u0131ndan yap\u0131lacak detayl\u0131 kontrol de sizi sonu\u00e7lar hakk\u0131nda bilgilendirecektir.<\/span><\/p>\n<p><span style=\"color: #000000;\">Ameliyattan sonra genellikle 3-6 hafta korse kullan\u0131l\u0131r. T\u00fcm ya\u011f enjeksiyonlar\u0131nda oldu\u011fu gibi popoya yap\u0131lan ya\u011f enjeksiyonlar\u0131nda da enjekte edilen ya\u011f\u0131n yar\u0131s\u0131n\u0131n geride kalaca\u011f\u0131 unutulmamal\u0131d\u0131r. Ba\u015far\u0131l\u0131 bir operasyon sonras\u0131nda a\u011f\u0131rl\u0131k kald\u0131rmamak ve erken d\u00f6nemde h\u0131zl\u0131 hareketler yapmamak da iyile\u015fme s\u00fcrecine olduk\u00e7a olumlu katk\u0131lar sa\u011flar. Operasyon sonras\u0131 ilk 4-6 hafta a\u011f\u0131r aktivitelerden ka\u00e7\u0131n\u0131lmal\u0131d\u0131r.<\/span><\/p>\n<p><span style=\"color: #000000;\">\u0130lk haftan\u0131n sonunda hafif tempolu y\u00fcr\u00fcy\u00fc\u015f gibi spor aktiviteleri yap\u0131labilir. \u00dc\u00e7\u00fcnc\u00fc hafta itibariyle spor hayat\u0131n\u0131za tamamen d\u00f6nebilirsiniz.<\/span><\/p>\t\t\t\t\t\t\t\t<\/div>\n\t\t\t\t<div class=\"elementor-element elementor-element-3efc56d elementor-widget elementor-widget-image\" data-id=\"3efc56d\" data-element_type=\"widget\" data-e-type=\"widget\" data-widget_type=\"image.default\">\n\t\t\t\t\t\t\t\t\t\t\t\t\t\t\t<img fetchpriority=\"high\" decoding=\"async\" width=\"300\" height=\"200\" src=\"https:\/\/www.dr-mfo.com\/wp-content\/uploads\/2022\/04\/bbl-2-300x200.jpg\" class=\"attachment-medium size-medium wp-image-2440\" alt=\"varil\" srcset=\"https:\/\/www.dr-mfo.com\/wp-content\/uploads\/2022\/04\/bbl-2-300x200.jpg.avif 300w, https:\/\/www.dr-mfo.com\/wp-content\/uploads\/2022\/04\/bbl-2-768x512.jpg.avif 768w, https:\/\/www.dr-mfo.com\/wp-content\/uploads\/2022\/04\/bbl-2.jpg.avif 900w\" sizes=\"(max-width: 300px) 100vw, 300px\" \/>\t\t\t\t\t\t\t\t\t\t\t\t\t\t\t<\/div>\n\t\t\t\t\t<\/div>\n\t\t<\/div>\n\t\t\t\t\t<\/div>\n\t\t<\/section>\n\t\t\t\t<\/div>","protected":false},"excerpt":{"rendered":"<p>Brazilian Butt (BBL) BBL (Brazilian Butt) is mostly performed under general anesthesia. The operation time is about 2-3 hours. First of all, liposuction is performed to shape the butt area. Excess fat on the butt, around the waist, and under the buttocks is removed and the butt lines are clarified. These fats, which are taken [&hellip;]<\/p>\n","protected":false},"author":2,"featured_media":0,"parent":0,"menu_order":0,"comment_status":"closed","ping_status":"closed","template":"","meta":{"_acf_changed":false,"footnotes":""},"class_list":["post-825","page","type-page","status-publish","hentry"],"acf":[],"_links":{"self":[{"href":"https:\/\/www.dr-mfo.com\/tr\/wp-json\/wp\/v2\/pages\/825","targetHints":{"allow":["GET"]}}],"collection":[{"href":"https:\/\/www.dr-mfo.com\/tr\/wp-json\/wp\/v2\/pages"}],"about":[{"href":"https:\/\/www.dr-mfo.com\/tr\/wp-json\/wp\/v2\/types\/page"}],"author":[{"embeddable":true,"href":"https:\/\/www.dr-mfo.com\/tr\/wp-json\/wp\/v2\/users\/2"}],"replies":[{"embeddable":true,"href":"https:\/\/www.dr-mfo.com\/tr\/wp-json\/wp\/v2\/comments?post=825"}],"version-history":[{"count":8,"href":"https:\/\/www.dr-mfo.com\/tr\/wp-json\/wp\/v2\/pages\/825\/revisions"}],"predecessor-version":[{"id":27718,"href":"https:\/\/www.dr-mfo.com\/tr\/wp-json\/wp\/v2\/pages\/825\/revisions\/27718"}],"wp:attachment":[{"href":"https:\/\/www.dr-mfo.com\/tr\/wp-json\/wp\/v2\/media?parent=825"}],"curies":[{"name":"wp","href":"https:\/\/api.w.org\/{rel}","templated":true}]}}